{"id":97,"date":"2010-09-28T14:34:48","date_gmt":"2010-09-28T14:34:48","guid":{"rendered":"http:\/\/localhost\/wasserlexikon\/"},"modified":"2012-08-03T11:02:45","modified_gmt":"2012-08-03T10:02:45","slug":"bakterien","status":"publish","type":"page","link":"\/var\/www\/vhosts\/wasser-lexikon.de\/httpdocs\/bakterien\/","title":{"rendered":"Bakterien"},"content":{"rendered":"<div><a href=\"http:\/\/www.wasser-lexikon.de\/Bakterien\" class=\"kblinker\" title=\"More about Bakterien &raquo;\">Bakterien<\/a> (siehe auch <a href=\"http:\/\/wasserlexikon.de\/coli-bakterien\/\">Coli-Bakterien<\/a>, <a href=\"http:\/\/wasserlexikon.de\/krankheitserreger\/\"><a href=\"http:\/\/www.wasser-lexikon.de\/Krankheitserreger\" class=\"kblinker\" title=\"More about Krankheitserreger &raquo;\">Krankheitserreger<\/a><\/a>) sind kleinste einzellige pflanzliche Organismen (Mikroorganismen). <a href=\"http:\/\/www.wasser-lexikon.de\/Wasser\" class=\"kblinker\" title=\"More about Wasser &raquo;\">Wasser<\/a> aus Hausbrunnen m\u00fcssen f\u00fcr den Trinkwassergenuss oft als untauglich eingestuft werden aufgrund von Bakterien im Wasser. Diese Ergebnisse zeigen auch die Notwendigkeit einer <a href=\"http:\/\/www.wasser-test.net\/html\/index.aspx?cn=Wasser-Test&amp;view=detail&amp;detail=2&amp;mid=264&amp;cat=264&amp;hl=Bakterien-Test%3A%20Bakterien%20im%20Wasser&amp;page_url=Shop\">bakteriologischen Analyse<\/a>.<\/div>\n<div><\/div>\n<div>Hier k\u00f6nnen Sie einen Wassertest durchf\u00fchren um Ihr <a href=\"http:\/\/www.wasser-lexikon.de\/Leitungswasser\" class=\"kblinker\" title=\"More about Leitungswasser &raquo;\">Leitungswasser<\/a> auf  Bakterien untersuchen zu lassen. Der Test wird anschlie\u00dfend vom  Fraunhofer-Institut analysiert.<\/div>\n<div><strong>Zum Test <a title=\"Bakterien im Wasser analysieren\" href=\"http:\/\/www.wasser-test.net\/html\/index.aspx?cn=Wasser-Test&amp;view=detail&amp;detail=2&amp;mid=264&amp;cat=264&amp;hl=Bakterien-Test%3A%20Bakterien%20im%20Wasser&amp;page_url=Shop\" target=\"_blank\">Bakterien im Wasser<\/a><\/strong><\/div>\n<div><\/div>\n<div><\/div>\n<table  class=\" table table-hover\" style=\"width: 90%;\" border=\"0\" cellspacing=\"1\" cellpadding=\"3\">\n<tbody>\n<tr>\n<td><strong><a href=\"http:\/\/wasserlexikon.de\/bakterien\/\" target=\"_self\">Wasser-Lexikon: Bakterien<\/a><\/strong><\/td>\n<\/tr>\n<tr>\n<td><strong><a href=\"http:\/\/wasserlexikon.de\/coli-bakterien\/\" target=\"_self\">Wasser-Lexikon: Coli-Bakterien<\/a><\/strong><\/td>\n<\/tr>\n<tr>\n<td><strong><a href=\"http:\/\/wasserlexikon.de\/krankheitserreger\/\" target=\"_self\">Wasser-Lexikon: Krankheitserreger<\/a><\/strong><\/td>\n<\/tr>\n<tr>\n<td><strong><a href=\"http:\/\/wasserlexikon.de\/keime\/\" target=\"_self\">Wasser-Lexikon: Keime<\/a><\/strong><\/td>\n<\/tr>\n<tr>\n<td><strong><a href=\"http:\/\/www.wasser-lexikon.de\/\">Wasser-Lexikon: Glossar<\/a><\/strong><\/td>\n<\/tr>\n<tr>\n<td><strong><a href=\"http:\/\/wasserlexikon.de\/desinfektion\/\" target=\"_self\">Wasser-Lexikon: Desinfektion<\/a><\/strong><\/td>\n<\/tr>\n<tr>\n<td><strong><a href=\"http:\/\/wasserlexikon.de\/coli-bakterien\/\" target=\"_self\">Wasser-Lexikon: colibakterien<\/a><\/strong><\/td>\n<\/tr>\n<tr>\n<td><strong><a href=\"http:\/\/wasserlexikon.de\/fakalstreptokokken\/\" target=\"_self\">Wasser-Lexikon: F\u00e4kalstreptokokken<\/a><\/strong><\/td>\n<\/tr>\n<tr>\n<td><strong><a href=\"http:\/\/wasserlexikon.de\/toxine\/\" target=\"_self\">Wasser-Lexikon: Toxine<\/a><\/strong><\/td>\n<\/tr>\n<tr>\n<td><strong><a href=\"http:\/\/wasserlexikon.de\/legionellen\/\" target=\"_self\">Wasser-Lexikon: Legionellen<\/a><\/strong><\/td>\n<\/tr>\n<\/tbody>\n<\/table>\n<p>&nbsp;<\/p>\n<div id=\"_mcePaste\" class=\"mcePaste\" style=\"position: absolute; left: -10000px; top: 0px; width: 1px; height: 1px; overflow: hidden;\"><a href=\"http:\/\/www.youtube.com\/watch?v=F_efJb8ds9A\">http:\/\/www.youtube.com\/watch?v=F_efJb8ds9A<\/a><\/div>\n","protected":false},"excerpt":{"rendered":"<p>Bakterien (siehe auch Coli-Bakterien, Krankheitserreger) sind kleinste einzellige pflanzliche Organismen (Mikroorganismen). Wasser aus Hausbrunnen m\u00fcssen f\u00fcr den Trinkwassergenuss oft als untauglich eingestuft werden aufgrund von Bakterien im Wasser. Diese Ergebnisse zeigen auch die Notwendigkeit einer bakteriologischen Analyse. Hier k\u00f6nnen Sie einen Wassertest durchf\u00fchren um Ihr Leitungswasser auf Bakterien untersuchen zu lassen. Der Test wird anschlie\u00dfend [&hellip;]<\/p>\n","protected":false},"author":1,"featured_media":0,"parent":0,"menu_order":0,"comment_status":"closed","ping_status":"closed","template":"","meta":{"footnotes":""},"tags":[],"class_list":["post-97","page","type-page","status-publish","hentry"],"_links":{"self":[{"href":"\/var\/www\/vhosts\/wasser-lexikon.de\/httpdocs\/wp-json\/wp\/v2\/pages\/97","targetHints":{"allow":["GET"]}}],"collection":[{"href":"\/var\/www\/vhosts\/wasser-lexikon.de\/httpdocs\/wp-json\/wp\/v2\/pages"}],"about":[{"href":"\/var\/www\/vhosts\/wasser-lexikon.de\/httpdocs\/wp-json\/wp\/v2\/types\/page"}],"author":[{"embeddable":true,"href":"\/var\/www\/vhosts\/wasser-lexikon.de\/httpdocs\/wp-json\/wp\/v2\/users\/1"}],"replies":[{"embeddable":true,"href":"\/var\/www\/vhosts\/wasser-lexikon.de\/httpdocs\/wp-json\/wp\/v2\/comments?post=97"}],"version-history":[{"count":5,"href":"\/var\/www\/vhosts\/wasser-lexikon.de\/httpdocs\/wp-json\/wp\/v2\/pages\/97\/revisions"}],"predecessor-version":[{"id":1275,"href":"\/var\/www\/vhosts\/wasser-lexikon.de\/httpdocs\/wp-json\/wp\/v2\/pages\/97\/revisions\/1275"}],"wp:attachment":[{"href":"\/var\/www\/vhosts\/wasser-lexikon.de\/httpdocs\/wp-json\/wp\/v2\/media?parent=97"}],"wp:term":[{"taxonomy":"post_tag","embeddable":true,"href":"\/var\/www\/vhosts\/wasser-lexikon.de\/httpdocs\/wp-json\/wp\/v2\/tags?post=97"}],"curies":[{"name":"wp","href":"https:\/\/api.w.org\/{rel}","templated":true}]}}