{"id":965,"date":"2011-02-17T17:15:56","date_gmt":"2011-02-17T17:15:56","guid":{"rendered":"http:\/\/www.wasser-lexikon.de\/"},"modified":"2012-05-09T06:27:30","modified_gmt":"2012-05-09T05:27:30","slug":"leitungswasser","status":"publish","type":"page","link":"\/var\/www\/vhosts\/wasser-lexikon.de\/httpdocs\/leitungswasser\/","title":{"rendered":"Leitungswasser"},"content":{"rendered":"<p><a href=\"http:\/\/www.wasser-lexikon.de\/Leitungswasser\" class=\"kblinker\" title=\"More about Leitungswasser &raquo;\">Leitungswasser<\/a> beschreibt umgangssprachlich <a href=\"http:\/\/www.wasser-lexikon.de\/trinkwasser\">Trinkwasser<\/a> aus dem Rohrleitungsnetz eines (\u00f6ffentlichen) Wasserversorgers.<\/p>\n<p>Die deutsche <a href=\"http:\/\/www.wasser-lexikon.de\/trinkwasserverordnung\/\">Trinkwasserverordnung<\/a> unterscheidet nur zwischen &#8222;<a href=\"http:\/\/www.wasser-lexikon.de\/Wasser\" class=\"kblinker\" title=\"More about Wasser &raquo;\">Wasser<\/a> f\u00fcr den menschlichen Gebrauch&#8220;, &#8222;nat\u00fcrliche <a href=\"http:\/\/www.wasser-lexikon.de\/mineralwasser\">Mineralwasser<\/a>&#8220; und &#8222;Heilwasser&#8220;.<\/p>\n<p>&#8222;Wasser f\u00fcr den menschlichen Gebrauch&#8220; wiederum ist &#8222;<a href=\"http:\/\/www.wasser-lexikon.de\/Trinkwasser\" class=\"kblinker\" title=\"More about Trinkwasser &raquo;\">Trinkwasser<\/a>&#8220; und &#8222;Wasser f\u00fcr Lebensmittelbetriebe&#8220;. Wobei der Begriff  &#8222;Trinkwasser&#8220; alles Wasser beinhaltet, welches im urspr\u00fcnglichen Zustand oder nach <a href=\"http:\/\/www.wasser-lexikon.de\/Aufbereitung\" class=\"kblinker\" title=\"More about Aufbereitung &raquo;\">Aufbereitung<\/a>, zum Trinken, zum Kochen, zur Zubereitung von Speisen und Getr\u00e4nken oder  zu anderen h\u00e4uslichen Zwecken bestimmt ist wie K\u00f6rperpflege und -reinigung und Reinigung von Gegenst\u00e4nden, die mit Lebensmitteln in Ber\u00fchrung kommen. Auf der Seite www.wasser-test.net k\u00f6nnen Sie online verschiedene <a title=\"Wasser Tests\" href=\"http:\/\/www.wasser-test.net\/html\/index.aspx?page_url=Shop&amp;cn=Wasser-Test&amp;cat=264&amp;mid=264\" target=\"_blank\">Wasser-Tests<\/a> bestellen, mit dem Sie Ihr eigenes <a title=\"Trinkwasser analysieren\" href=\"http:\/\/www.wasser-test.net\/html\/index.aspx?cn=Wasser-Test&amp;view=detail&amp;detail=1&amp;mid=264&amp;cat=264&amp;hl=Wasser-Test%20Chemisch%20und%20Physikalisch&amp;page_url=Shop\" target=\"_blank\">Trinkwasser analysieren<\/a> k\u00f6nnen. Die Leitungswasserprobe wird von Ihnen im Anschluss an ein Labor geschickt und Sie erhalten eine ausf\u00fchrliche Analyse \u00fcber Schadstoffe und Mineralien.<\/p>\n<p>Wasser-Lexikon: <a href=\"http:\/\/www.wasser-lexikon.de\/trinkwasseraufbereitung\/\">Trinkwasseraufbereitung<\/a><\/p>\n","protected":false},"excerpt":{"rendered":"<p>Leitungswasser beschreibt umgangssprachlich Trinkwasser aus dem Rohrleitungsnetz eines (\u00f6ffentlichen) Wasserversorgers. Die deutsche Trinkwasserverordnung unterscheidet nur zwischen &#8222;Wasser f\u00fcr den menschlichen Gebrauch&#8220;, &#8222;nat\u00fcrliche Mineralwasser&#8220; und &#8222;Heilwasser&#8220;. &#8222;Wasser f\u00fcr den menschlichen Gebrauch&#8220; wiederum ist &#8222;Trinkwasser&#8220; und &#8222;Wasser f\u00fcr Lebensmittelbetriebe&#8220;. Wobei der Begriff &#8222;Trinkwasser&#8220; alles Wasser beinhaltet, welches im urspr\u00fcnglichen Zustand oder nach Aufbereitung, zum Trinken, zum Kochen, [&hellip;]<\/p>\n","protected":false},"author":1,"featured_media":0,"parent":0,"menu_order":0,"comment_status":"closed","ping_status":"closed","template":"","meta":{"footnotes":""},"tags":[12,18,19,16,17,3,14,4,15,13,10],"class_list":["post-965","page","type-page","status-publish","hentry","tag-leitungswasser","tag-mineralwasser","tag-tap-water","tag-trinkwasser","tag-trinkwasserverordnung","tag-wasser","tag-wasser-trinken","tag-wasserbelebung","tag-wasserfilter","tag-wasserqualitat","tag-water"],"_links":{"self":[{"href":"\/var\/www\/vhosts\/wasser-lexikon.de\/httpdocs\/wp-json\/wp\/v2\/pages\/965","targetHints":{"allow":["GET"]}}],"collection":[{"href":"\/var\/www\/vhosts\/wasser-lexikon.de\/httpdocs\/wp-json\/wp\/v2\/pages"}],"about":[{"href":"\/var\/www\/vhosts\/wasser-lexikon.de\/httpdocs\/wp-json\/wp\/v2\/types\/page"}],"author":[{"embeddable":true,"href":"\/var\/www\/vhosts\/wasser-lexikon.de\/httpdocs\/wp-json\/wp\/v2\/users\/1"}],"replies":[{"embeddable":true,"href":"\/var\/www\/vhosts\/wasser-lexikon.de\/httpdocs\/wp-json\/wp\/v2\/comments?post=965"}],"version-history":[{"count":12,"href":"\/var\/www\/vhosts\/wasser-lexikon.de\/httpdocs\/wp-json\/wp\/v2\/pages\/965\/revisions"}],"predecessor-version":[{"id":972,"href":"\/var\/www\/vhosts\/wasser-lexikon.de\/httpdocs\/wp-json\/wp\/v2\/pages\/965\/revisions\/972"}],"wp:attachment":[{"href":"\/var\/www\/vhosts\/wasser-lexikon.de\/httpdocs\/wp-json\/wp\/v2\/media?parent=965"}],"wp:term":[{"taxonomy":"post_tag","embeddable":true,"href":"\/var\/www\/vhosts\/wasser-lexikon.de\/httpdocs\/wp-json\/wp\/v2\/tags?post=965"}],"curies":[{"name":"wp","href":"https:\/\/api.w.org\/{rel}","templated":true}]}}