{"id":953,"date":"2011-02-15T15:17:37","date_gmt":"2011-02-15T15:17:37","guid":{"rendered":"http:\/\/www.wasser-lexikon.de\/"},"modified":"2011-02-15T15:17:37","modified_gmt":"2011-02-15T15:17:37","slug":"wasserfilter","status":"publish","type":"page","link":"\/var\/www\/vhosts\/wasser-lexikon.de\/httpdocs\/wasserfilter\/","title":{"rendered":"Wasserfilter"},"content":{"rendered":"<p>Wasserfilter entnehmen dem <a href=\"http:\/\/www.wasser-lexikon.de\/Wasser\" class=\"kblinker\" title=\"More about Wasser &raquo;\">Wasser<\/a> unerw\u00fcnschte Stoffe, welche im Filter verbleiben. Unerw\u00fcnschte Stoffe sind beispielsweise Partikel wie <a href=\"http:\/\/www.wasser-lexikon.de\/Trubstoffe\" class=\"kblinker\" title=\"More about Tr\u00fcbstoffe &raquo;\">Tr\u00fcbstoffe<\/a> bzw. Mikroorganismen oder im Wasser gel\u00f6ste Substanzen. Ein <a href=\"http:\/\/www.wasser-lexikon.de\/Filter\" class=\"kblinker\" title=\"More about Filter &raquo;\">Filter<\/a> soll diese Stoffe entfernen oder ihre Konzentration senken.<\/p>\n","protected":false},"excerpt":{"rendered":"<p>Wasserfilter entnehmen dem Wasser unerw\u00fcnschte Stoffe, welche im Filter verbleiben. Unerw\u00fcnschte Stoffe sind beispielsweise Partikel wie Tr\u00fcbstoffe bzw. Mikroorganismen oder im Wasser gel\u00f6ste Substanzen. Ein Filter soll diese Stoffe entfernen oder ihre Konzentration senken.<\/p>\n","protected":false},"author":1,"featured_media":0,"parent":0,"menu_order":0,"comment_status":"closed","ping_status":"closed","template":"","meta":{"footnotes":""},"tags":[],"class_list":["post-953","page","type-page","status-publish","hentry"],"_links":{"self":[{"href":"\/var\/www\/vhosts\/wasser-lexikon.de\/httpdocs\/wp-json\/wp\/v2\/pages\/953","targetHints":{"allow":["GET"]}}],"collection":[{"href":"\/var\/www\/vhosts\/wasser-lexikon.de\/httpdocs\/wp-json\/wp\/v2\/pages"}],"about":[{"href":"\/var\/www\/vhosts\/wasser-lexikon.de\/httpdocs\/wp-json\/wp\/v2\/types\/page"}],"author":[{"embeddable":true,"href":"\/var\/www\/vhosts\/wasser-lexikon.de\/httpdocs\/wp-json\/wp\/v2\/users\/1"}],"replies":[{"embeddable":true,"href":"\/var\/www\/vhosts\/wasser-lexikon.de\/httpdocs\/wp-json\/wp\/v2\/comments?post=953"}],"version-history":[{"count":1,"href":"\/var\/www\/vhosts\/wasser-lexikon.de\/httpdocs\/wp-json\/wp\/v2\/pages\/953\/revisions"}],"predecessor-version":[{"id":954,"href":"\/var\/www\/vhosts\/wasser-lexikon.de\/httpdocs\/wp-json\/wp\/v2\/pages\/953\/revisions\/954"}],"wp:attachment":[{"href":"\/var\/www\/vhosts\/wasser-lexikon.de\/httpdocs\/wp-json\/wp\/v2\/media?parent=953"}],"wp:term":[{"taxonomy":"post_tag","embeddable":true,"href":"\/var\/www\/vhosts\/wasser-lexikon.de\/httpdocs\/wp-json\/wp\/v2\/tags?post=953"}],"curies":[{"name":"wp","href":"https:\/\/api.w.org\/{rel}","templated":true}]}}