{"id":934,"date":"2011-02-09T18:22:40","date_gmt":"2011-02-09T18:22:40","guid":{"rendered":"http:\/\/www.wasser-lexikon.de\/"},"modified":"2016-01-15T12:37:37","modified_gmt":"2016-01-15T11:37:37","slug":"impressum","status":"publish","type":"page","link":"\/var\/www\/vhosts\/wasser-lexikon.de\/httpdocs\/impressum\/","title":{"rendered":"Impressum"},"content":{"rendered":"<p><strong>Impressum\/AGB<\/strong><\/p>\n<p>Angaben gem\u00e4\u00df \u00a7 5 TMG:<\/p>\n<p>Walz &amp; Spitzenberger\u00a0GmbH<br \/>\nM\u00fcnchner Str. 26a<br \/>\nD-82278 Althegnenberg<\/p>\n<h2>Vertreten durch:<\/h2>\n<p>Die Gesch\u00e4ftsf\u00fchrer der Walz &amp; Spitzenberger\u00a0GmbH<\/p>\n<p>Frau Sandra Weigant<br \/>\nHerr Thomas Weigant<\/p>\n<p>Telefon +498202961103<br \/>\nFax +498202961105<br \/>\n<a href=\"mailto:info@walzundspitzenberger.de\"> info@walzundspitzenberger.de<\/a><\/p>\n<p>&nbsp;<\/p>\n<p>E-Mail: info@wasser-lexikon.de<\/p>\n<p>Registereintrag:<br \/>\nEintragung im Handelsregister.<br \/>\nRegistergericht:Amtsgericht M\u00fcnchen<br \/>\nRegisternummer: HRB 168175<br \/>\nUmsatzsteuer-ID: DE 254 367 947<\/p>\n<p>Verantwortlich f\u00fcr den Inhalt nach \u00a7 55 Abs. 2 RStV:<\/p>\n<p>Walz &amp; Spitzenberger GmbH<br \/>\nM\u00fcnchner Str. 26a<br \/>\nD-82278 Althegnenberg<\/p>\n<p>Haftungsausschluss:<br \/>\nHaftung f\u00fcr Beratung und Aussagen zu <a href=\"http:\/\/www.wasser-lexikon.de\/Wasser\" class=\"kblinker\" title=\"More about Wasser &raquo;\">Wasser<\/a> und dessen medizinischer Wirkung<\/p>\n<p>Haftung f\u00fcr Inhalte<\/p>\n<p>Die Inhalte unserer Seiten wurden mit gr\u00f6\u00dfter Sorgfalt erstellt. F\u00fcr die Richtigkeit, Vollst\u00e4ndigkeit und Aktualit\u00e4t der Inhalte k\u00f6nnen wir jedoch keine Gew\u00e4hr \u00fcbernehmen. Als Diensteanbieter sind wir gem\u00e4\u00df \u00a7 7 Abs.1 TMG f\u00fcr eigene Inhalte auf diesen Seiten nach den allgemeinen Gesetzen verantwortlich. Nach \u00a7\u00a7 8 bis 10 TMG sind wir als Diensteanbieter jedoch nicht verpflichtet, \u00fcbermittelte oder gespeicherte fremde Informationen zu \u00fcberwachen oder nach Umst\u00e4nden zu forschen, die auf eine rechtswidrige T\u00e4tigkeit hinweisen. Verpflichtungen zur Entfernung oder Sperrung der Nutzung von Informationen nach den allgemeinen Gesetzen bleiben hiervon unber\u00fchrt. Eine diesbez\u00fcgliche Haftung ist jedoch erst ab dem Zeitpunkt der Kenntnis einer konkreten Rechtsverletzung m\u00f6glich. Bei Bekanntwerden von entsprechenden Rechtsverletzungen werden wir diese Inhalte umgehend entfernen.<\/p>\n<p>Haftung f\u00fcr Links<\/p>\n<p>Unser Angebot enth\u00e4lt Links zu externen Webseiten Dritter, auf deren Inhalte wir keinen Einfluss haben. Deshalb k\u00f6nnen wir f\u00fcr diese fremden Inhalte auch keine Gew\u00e4hr \u00fcbernehmen. F\u00fcr die Inhalte der verlinkten Seiten ist stets der jeweilige Anbieter oder Betreiber der Seiten verantwortlich. Die verlinkten Seiten wurden zum Zeitpunkt der Verlinkung auf m\u00f6gliche Rechtsverst\u00f6\u00dfe \u00fcberpr\u00fcft. Rechtswidrige Inhalte waren zum Zeitpunkt der Verlinkung nicht erkennbar. Eine permanente inhaltliche Kontrolle der verlinkten Seiten ist jedoch ohne konkrete Anhaltspunkte einer Rechtsverletzung nicht zumutbar. Bei Bekanntwerden von Rechtsverletzungen werden wir derartige Links umgehend entfernen.<\/p>\n<p>Urheberrecht<\/p>\n<p>Die durch die Seitenbetreiber erstellten Inhalte und Werke auf diesen Seiten unterliegen dem deutschen Urheberrecht. Die Vervielf\u00e4ltigung, Bearbeitung, Verbreitung und jede Art der Verwertung au\u00dferhalb der Grenzen des Urheberrechtes bed\u00fcrfen der schriftlichen Zustimmung des jeweiligen Autors bzw. Erstellers. Downloads und Kopien dieser Seite sind nur f\u00fcr den privaten, nicht kommerziellen Gebrauch gestattet. Soweit die Inhalte auf dieser Seite nicht vom Betreiber erstellt wurden, werden die Urheberrechte Dritter beachtet. Insbesondere werden Inhalte Dritter als solche gekennzeichnet. Sollten Sie trotzdem auf eine Urheberrechtsverletzung aufmerksam werden, bitten wir um einen entsprechenden Hinweis. Bei Bekanntwerden von Rechtsverletzungen werden wir derartige Inhalte umgehend entfernen.<\/p>\n<p>Datenschutz<\/p>\n<p>Die Nutzung unserer Webseite ist in der Regel ohne Angabe personenbezogener Daten m\u00f6glich. Soweit auf unseren Seiten personenbezogene Daten (beispielsweise Name, Anschrift oder eMail-Adressen) erhoben werden, erfolgt dies, soweit m\u00f6glich, stets auf freiwilliger Basis. Diese Daten werden ohne Ihre ausdr\u00fcckliche Zustimmung nicht an Dritte weitergegeben.<\/p>\n<p>Wir weisen darauf hin, dass die Daten\u00fcbertragung im Internet (z.B. bei der Kommunikation <a href=\"http:\/\/www.wasser-lexikon.de\/Per\" class=\"kblinker\" title=\"More about Per &raquo;\">per<\/a> E-Mail) Sicherheitsl\u00fccken aufweisen kann. Ein l\u00fcckenloser Schutz der Daten vor dem Zugriff durch Dritte ist nicht m\u00f6glich.<\/p>\n<p>Der Nutzung von im Rahmen der Impressumspflicht ver\u00f6ffentlichten Kontaktdaten durch Dritte zur \u00dcbersendung von nicht ausdr\u00fccklich angeforderter Werbung und Informationsmaterialien wird hiermit ausdr\u00fccklich widersprochen. Die Betreiber der Seiten behalten sich ausdr\u00fccklich rechtliche Schritte im Falle der unverlangten Zusendung von Werbeinformationen, etwa durch Spam-Mails, vor.<br \/>\nAnonymisierte Analyse unsere Website &#8211; IP Adresse der Besucher wird nicht gespeichert<\/p>\n<p>Wir haben das Google -Analyse Werzeug so ver\u00e4ndert, dass die IP-Adresse der Besucher nicht vollst\u00e4ndig (Ziffern fehlen) \u00fcbermittelt wird.<\/p>\n<p>Information gem\u00e4\u00df Google Gesch\u00e4ftsbedingungen bei nicht anonymisierter IP-Adresse:<\/p>\n<p>Diese Website benutzt Google Analytics, einen Webanalysedienst der Google Inc. (\u201eGoogle\u201c). Google Analytics verwendet sog. \u201eCookies\u201c, Textdateien, die auf Ihrem Computer gespeichert werden und die eine Analyse der Benutzung der Website durch Sie erm\u00f6glichen. Die durch den Cookie erzeugten Informationen \u00fcber Ihre Benutzung dieser Website (einschlie\u00dflich Ihrer IP-Adresse) wird an einen Server von Google in den USA \u00fcbertragen und dort gespeichert. Google wird diese Informationen benutzen, um Ihre Nutzung der Website auszuwerten, um Reports \u00fcber die Websiteaktivit\u00e4ten f\u00fcr die Websitebetreiber zusammenzustellen und um weitere mit der Websitenutzung und der Internetnutzung verbundene Dienstleistungen zu erbringen. Auch wird Google diese Informationen gegebenenfalls an Dritte \u00fcbertragen, sofern dies gesetzlich vorgeschrieben oder soweit Dritte diese Daten im Auftrag von Google verarbeiten. Google wird in keinem Fall Ihre IP-Adresse mit anderen Daten von Google in Verbindung bringen. Sie k\u00f6nnen die Installation der Cookies durch eine entsprechende Einstellung Ihrer Browser Software verhindern; wir weisen Sie jedoch darauf hin, dass Sie in diesem Fall gegebenenfalls nicht s\u00e4mtliche Funktionen dieser Website vollumf\u00e4nglich nutzen k\u00f6nnen. Durch die Nutzung dieser Website erkl\u00e4ren Sie sich mit der Bearbeitung der \u00fcber Sie erhobenen Daten durch Google in der zuvor beschriebenen Art und Weise und zu dem zuvor benannten Zweck einverstanden.<\/p>\n<p>Google Adsense Datenschutzhinweis:<\/p>\n<p>Soweit Google Adsense, einen Webanzeigendienst der Google Inc., USA (\u201dGoogle\u201d), auf dieser Website Werbung (Textanzeigen, Banner etc.) schaltet, speichert Ihr Browser eventuell ein von Google Inc. oder Dritten gesendetes Cookie.<\/p>\n<p>Die in dem Cookie gespeicherten Informationen k\u00f6nnen durch Google Inc. oder auch Dritte aufgezeichnet, gesammelt und ausgewertet werden.<\/p>\n<p>Dar\u00fcber hinaus verwendet Google Adsense zur Sammlung von Informationen auch sog. \u201cWebBeacons\u201d (kleine unsichtbare Grafiken) sowie DART-Cookies, durch deren Verwendung einfache Aktionen wie der Besucherverkehr auf der Webseite aufgezeichnet, gesammelt und ausgewertet werden k\u00f6nnen.<\/p>\n<p>Die durch den Cookie und\/oder Web Beacon erzeugten Informationen \u00fcber Ihre Nutzung dieser Website werden an einen Server von Google in den USA \u00fcbertragen und dort gespeichert. Google benutzt die so erhaltenen Informationen, um eine Auswertung Ihres Nutzungsverhaltens im Hinblick auf die AdSense-Anzeigen durchzuf\u00fchren.<\/p>\n<p>Google wird diese Informationen gegebenenfalls auch an Dritte \u00fcbertragen, sofern dies gesetzlich vorgeschrieben ist oder soweit Dritte diese Daten im Auftrag von Google verarbeiten.<\/p>\n<p>Durch Verwendung des DART-Cookies wird die Anzeigenschaltung anhand der Besuche der Nutzer auf Ihren Websites und anderen Websites im Internet f\u00fcr Google erm\u00f6glicht.<\/p>\n<p>Nutzer k\u00f6nnen die Verwendung des DART-Cookies deaktivieren, indem sie die Datenschutzbestimmungen des Werbenetzwerks und Content-Werbenetzwerks von Google aufrufen.<\/p>\n<p>Ihre IP-Adresse wird von Google nicht mit anderen von Google gespeicherten Daten in Verbindung gebracht. Sie k\u00f6nnen das Speichern von Cookies auf Ihrer Festplatte und die Anzeige von Web Beacons verhindern.<\/p>\n<p>Dazu m\u00fcssen Sie in Ihren Browser-Einstellungen \u201ckeine Cookies akzeptieren\u201d w\u00e4hlen (Im Internet-Explorer unter \u201cExtras \/ Internetoptionen \/ Datenschutz \/ Einstellung\u201d, bei Firefox unter \u201cExtras \/ Einstellungen \/ Datenschutz \/ Cookies\u201d).<\/p>\n<p>(Adsense-Datenschutz-Formulierung \u00fcbernommen von internetratgeber-recht.de)<\/p>\n<p>Auf dieser Seite wurde eine kostenlose <a title=\"Adsense optimieren\" href=\"http:\/\/www.seo-instructor.de\/werbeeinnahmen-optimieren\/adsense-optimieren\/\"><strong>Adsense-Optimierung<\/strong><\/a> durchgef\u00fchrt. Weitere Informationen sowie alles zum Thema <a title=\"Suchmaschinen-Analyse\" href=\"http:\/\/www.seo-instructor.de\/seo-anleitungen\/\">Suchmaschinenanalyse<\/a> und <a title=\"Redaktionsplan erstellen lassen\" href=\"http:\/\/www.seo-instructor.de\/seo-anleitungen\/redaktionsplan\/\">Redaktionsplan erstellen<\/a> finden Sie auf <a title=\"Full Service Online Marketing\" href=\"http:\/\/www.seo-instructor.de\">SEO-Instructor.de<\/a><\/p>\n<p>Amazon Partnerprogramme<\/p>\n<p>wasser-lexikon.de ist Teilnehmer des Partnerprogramms von Amazon EU, das zur Bereitstellung eines Mediums f\u00fcr Websites konzipiert wurde, mittels dessen durch die Platzierung von Werbeanzeigen und Links zu Amazon.de Werbekostenerstattung verdient werden kann.<\/p>\n<p>&nbsp;<\/p>\n<p>Rechtliche Hinweise f\u00fcr Abmahnversuche und f\u00fcr andere Beanstandungen unserer Webseite:<\/p>\n<p>Sollten durch die Aufmachung oder den Inhalt dieser Internetseiten Rechte Dritter oder gesetzliche Bestimmungen verletzt worden sein, so bitten wir Sie um eine entsprechende Nachricht ohne Kostennote. Wir garantieren die unverz\u00fcgliche Entfernung der zu Recht beanstandeten Passagen, ohne dass Ihrerseits die Einschaltung eines Rechtbeistandes erforderlich ist. Sollten dennoch von Ihnen Kosten ausgel\u00f6st werden, ohne dass zuvor eine Kontaktaufnahme mit uns erfolgt ist, werden wir diese voll umf\u00e4nglich zur\u00fcckweisen. Gegebenenfalls werden wir wegen Verletzung vorgenannter Bestimmungen Gegenklage einreichen. Wir danken f\u00fcr Ihr Verst\u00e4ndnis.<\/p>\n","protected":false},"excerpt":{"rendered":"<p>Impressum\/AGB Angaben gem\u00e4\u00df \u00a7 5 TMG: Walz &amp; Spitzenberger\u00a0GmbH M\u00fcnchner Str. 26a D-82278 Althegnenberg Vertreten durch: Die Gesch\u00e4ftsf\u00fchrer der Walz &amp; Spitzenberger\u00a0GmbH Frau Sandra Weigant Herr Thomas Weigant Telefon +498202961103 Fax +498202961105 info@walzundspitzenberger.de &nbsp; E-Mail: info@wasser-lexikon.de Registereintrag: Eintragung im Handelsregister. Registergericht:Amtsgericht M\u00fcnchen Registernummer: HRB 168175 Umsatzsteuer-ID: DE 254 367 947 Verantwortlich f\u00fcr den Inhalt nach [&hellip;]<\/p>\n","protected":false},"author":1,"featured_media":0,"parent":0,"menu_order":0,"comment_status":"closed","ping_status":"closed","template":"","meta":{"footnotes":""},"tags":[],"class_list":["post-934","page","type-page","status-publish","hentry"],"_links":{"self":[{"href":"\/var\/www\/vhosts\/wasser-lexikon.de\/httpdocs\/wp-json\/wp\/v2\/pages\/934","targetHints":{"allow":["GET"]}}],"collection":[{"href":"\/var\/www\/vhosts\/wasser-lexikon.de\/httpdocs\/wp-json\/wp\/v2\/pages"}],"about":[{"href":"\/var\/www\/vhosts\/wasser-lexikon.de\/httpdocs\/wp-json\/wp\/v2\/types\/page"}],"author":[{"embeddable":true,"href":"\/var\/www\/vhosts\/wasser-lexikon.de\/httpdocs\/wp-json\/wp\/v2\/users\/1"}],"replies":[{"embeddable":true,"href":"\/var\/www\/vhosts\/wasser-lexikon.de\/httpdocs\/wp-json\/wp\/v2\/comments?post=934"}],"version-history":[{"count":11,"href":"\/var\/www\/vhosts\/wasser-lexikon.de\/httpdocs\/wp-json\/wp\/v2\/pages\/934\/revisions"}],"predecessor-version":[{"id":1303,"href":"\/var\/www\/vhosts\/wasser-lexikon.de\/httpdocs\/wp-json\/wp\/v2\/pages\/934\/revisions\/1303"}],"wp:attachment":[{"href":"\/var\/www\/vhosts\/wasser-lexikon.de\/httpdocs\/wp-json\/wp\/v2\/media?parent=934"}],"wp:term":[{"taxonomy":"post_tag","embeddable":true,"href":"\/var\/www\/vhosts\/wasser-lexikon.de\/httpdocs\/wp-json\/wp\/v2\/tags?post=934"}],"curies":[{"name":"wp","href":"https:\/\/api.w.org\/{rel}","templated":true}]}}