{"id":919,"date":"2011-02-09T17:52:35","date_gmt":"2011-02-09T17:52:35","guid":{"rendered":"http:\/\/www.wasser-lexikon.de\/"},"modified":"2011-10-26T14:17:09","modified_gmt":"2011-10-26T12:17:09","slug":"wasserbelebung","status":"publish","type":"page","link":"\/var\/www\/vhosts\/wasser-lexikon.de\/httpdocs\/wasserbelebung\/","title":{"rendered":"Wasserbelebung"},"content":{"rendered":"<p><br class=\"spacer_\" \/><\/p>\n<p>Ein nicht wissenschaftlicher Begriff f\u00fcr Methoden, die die Qualit\u00e4t oder Eigenschaften des Leitungswassers verbessern sollen. Eine wissenschaftlich nachpr\u00fcfbare Verbesserung des Wassers durch eine <a href=\"http:\/\/www.wasser-lexikon.de\/Wasserbelebung\" class=\"kblinker\" title=\"More about Wasserbelebung &raquo;\">Wasserbelebung<\/a> wurde bisher nicht nachgewiesen.<\/p>\n<p>Anwender und Hersteller von Ger\u00e4ten zur Wasserbelebung begr\u00fcnden die Notwendigkeit einer <a href=\"http:\/\/www.trinkwasseraufbereitung.com\/trinkwasseraufbereitung\/warum-wasser-beleben\" target=\"_blank\">Wasserbelebung<\/a> zum Beispiel damit, dass <a href=\"http:\/\/www.wasser-lexikon.de\/Wasser\" class=\"kblinker\" title=\"More about Wasser &raquo;\">Wasser<\/a> im Leitungsnetz unter unnat\u00fcrlichem Druck steht und anders als in einem nat\u00fcrlichen <a href=\"http:\/\/www.wasser-lexikon.de\/Gewasser\" class=\"kblinker\" title=\"More about Gew\u00e4sser &raquo;\">Gew\u00e4sser<\/a>, z.B. einem Bachlauf, flie\u00dft.<\/p>\n<p>Zwei Wirkmechnismen zur Belebung des Wassers werden von vielen Herstellern genannt: Informations\u00fcbertragung und Verwirbelung. Mit der Informations\u00fcbertragung soll das <a href=\"http:\/\/www.wasser-lexikon.de\/Leitungswasser\" class=\"kblinker\" title=\"More about Leitungswasser &raquo;\">Leitungswasser<\/a> hochwertige Informationen oder Schwingungen erhalten. Mit der Verwirbelung soll die Struktur des Wassers, d.h. die Verbindungen der Wasserm\u00f6lek\u00fcle und der Wasserstoffbr\u00fccken ver\u00e4ndert werden. Vor einem Kauf eines Wasserbelebungger\u00e4tes gibt <a href=\"http:\/\/www.urquellwasser.eu\/technologien\/wasserbelebung\/kalkschutz\/geraete-fuer-eine-natuerliche-wasserbehandlung-oder-wasserbelebung-was-sie-vor-einer-anschaffung-wissen-sollten\/33482\/\">dieser Beitrag<\/a> Auskunft, was zu beachten w\u00e4re.<\/p>\n<p>W\u00e4hrend Bef\u00fcrworter der Wasserbelebung dem belebten Wasser positive Eigenschaften f\u00fcr Mensch und Material zuschreiben, widersprechen Kritiker dem Vorhandensein einer Wasserbelebung und deren Wirkung.<\/p>\n<p>Der Begriff ist zu unterscheiden von dem technichen Begriff Belebungsverfahren nach DIN 4045 (fr\u00fcher: Belebtschlammverfahren). F\u00fcr Wasserbelebung wir auch der Begriff Wasservitalisierung oder Wasserenergetisierung verwendet.<\/p>\n<p><br class=\"spacer_\" \/><\/p>\n<p><strong> <\/strong><strong><a href=\"http:\/\/www.wasser-lexikon.de\/Belebungsverfahren\/\" target=\"_self\">Wasser-Lexikon: Belebungsverfahren<\/a><\/strong><\/p>\n<p><strong><a href=\"http:\/\/www.wasser-lexikon.de\/Druck\/\" target=\"_self\">Wasser-Lexikon: Druck<\/a><\/strong><\/p>\n<p><strong> <\/strong><strong><a href=\"http:\/\/www.wasser-lexikon.de\/gew\u00e4sser\/\" target=\"_self\">Wasser-Lexikon: Gew\u00e4sser<\/a><\/strong><\/p>\n<p><strong> <\/strong><strong><a href=\"http:\/\/www.wasser-lexikon.de\/leitungsnetz\/\" target=\"_self\">Wasser-Lexikon: Leitungsnetz<\/a><\/strong><\/p>\n<p><strong> <\/strong><strong><a href=\"http:\/\/www.wasser-lexikon.de\/wasser\/\" target=\"_self\">Wasser-Lexikon: Wasser<\/a><\/strong><\/p>\n","protected":false},"excerpt":{"rendered":"<p>Ein nicht wissenschaftlicher Begriff f\u00fcr Methoden, die die Qualit\u00e4t oder Eigenschaften des Leitungswassers verbessern sollen. Eine wissenschaftlich nachpr\u00fcfbare Verbesserung des Wassers durch eine Wasserbelebung wurde bisher nicht nachgewiesen. Anwender und Hersteller von Ger\u00e4ten zur Wasserbelebung begr\u00fcnden die Notwendigkeit einer Wasserbelebung zum Beispiel damit, dass Wasser im Leitungsnetz unter unnat\u00fcrlichem Druck steht und anders als in [&hellip;]<\/p>\n","protected":false},"author":1,"featured_media":0,"parent":0,"menu_order":0,"comment_status":"closed","ping_status":"closed","template":"","meta":{"footnotes":""},"tags":[7,8,3,9,6,4,5,10],"class_list":["post-919","page","type-page","status-publish","hentry","tag-trinkwasseraufbereitung","tag-viktor-schauberger","tag-wasser","tag-wasser-verwirbeln","tag-wasseraufbereitung","tag-wasserbelebung","tag-wasservitalisierung","tag-water"],"_links":{"self":[{"href":"\/var\/www\/vhosts\/wasser-lexikon.de\/httpdocs\/wp-json\/wp\/v2\/pages\/919","targetHints":{"allow":["GET"]}}],"collection":[{"href":"\/var\/www\/vhosts\/wasser-lexikon.de\/httpdocs\/wp-json\/wp\/v2\/pages"}],"about":[{"href":"\/var\/www\/vhosts\/wasser-lexikon.de\/httpdocs\/wp-json\/wp\/v2\/types\/page"}],"author":[{"embeddable":true,"href":"\/var\/www\/vhosts\/wasser-lexikon.de\/httpdocs\/wp-json\/wp\/v2\/users\/1"}],"replies":[{"embeddable":true,"href":"\/var\/www\/vhosts\/wasser-lexikon.de\/httpdocs\/wp-json\/wp\/v2\/comments?post=919"}],"version-history":[{"count":15,"href":"\/var\/www\/vhosts\/wasser-lexikon.de\/httpdocs\/wp-json\/wp\/v2\/pages\/919\/revisions"}],"predecessor-version":[{"id":928,"href":"\/var\/www\/vhosts\/wasser-lexikon.de\/httpdocs\/wp-json\/wp\/v2\/pages\/919\/revisions\/928"}],"wp:attachment":[{"href":"\/var\/www\/vhosts\/wasser-lexikon.de\/httpdocs\/wp-json\/wp\/v2\/media?parent=919"}],"wp:term":[{"taxonomy":"post_tag","embeddable":true,"href":"\/var\/www\/vhosts\/wasser-lexikon.de\/httpdocs\/wp-json\/wp\/v2\/tags?post=919"}],"curies":[{"name":"wp","href":"https:\/\/api.w.org\/{rel}","templated":true}]}}