{"id":85,"date":"2010-09-28T14:32:45","date_gmt":"2010-09-28T14:32:45","guid":{"rendered":"http:\/\/localhost\/wasserlexikon\/"},"modified":"2010-09-28T14:32:45","modified_gmt":"2010-09-28T14:32:45","slug":"atrazin","status":"publish","type":"page","link":"\/var\/www\/vhosts\/wasser-lexikon.de\/httpdocs\/atrazin\/","title":{"rendered":"Atrazin"},"content":{"rendered":"<div>ist ein Pflanzenbehandlungsmittel. Die Gr\u00fcnde f\u00fcr das Vorkommen von <a href=\"http:\/\/wasserlexikon.de\/atrazin\/\">Atrazin<\/a> und dessen Abbauprodukt Desethylatrazin im <a href=\"http:\/\/wasserlexikon.de\/grundwasser\/\"><a href=\"http:\/\/www.wasser-lexikon.de\/Grundwasser\" class=\"kblinker\" title=\"More about Grundwasser &raquo;\">Grundwasser<\/a><\/a> liegen haupts\u00e4chlich in der bis vor wenigen Jahren \u00fcblichen fl\u00e4chenhaften landwirtschaftlichen Anwendung des <a href=\"http:\/\/wasserlexikon.de\/pflanzenschutzmittel\/\">Pflanzenschutzmittels<\/a>.<\/div>\n<table  class=\" table table-hover\" style=\"width: 90%;\" border=\"0\" cellspacing=\"1\" cellpadding=\"3\">\n<tbody>\n<tr>\n<td><strong><a href=\"http:\/\/wasserlexikon.de\/atrazin\/\" target=\"_self\">Wasser-Lexikon: Atrazin<\/a><\/strong><\/td>\n<\/tr>\n<tr>\n<td><strong><a href=\"http:\/\/www.wasser-lexikon.de\/\">Wasser-Lexikon: Glossar<\/a><\/strong><\/td>\n<\/tr>\n<\/tbody>\n<\/table>\n","protected":false},"excerpt":{"rendered":"<p>ist ein Pflanzenbehandlungsmittel. Die Gr\u00fcnde f\u00fcr das Vorkommen von Atrazin und dessen Abbauprodukt Desethylatrazin im Grundwasser liegen haupts\u00e4chlich in der bis vor wenigen Jahren \u00fcblichen fl\u00e4chenhaften landwirtschaftlichen Anwendung des Pflanzenschutzmittels. Wasser-Lexikon: Atrazin Wasser-Lexikon: Glossar<\/p>\n","protected":false},"author":1,"featured_media":0,"parent":0,"menu_order":0,"comment_status":"closed","ping_status":"closed","template":"","meta":{"footnotes":""},"tags":[],"class_list":["post-85","page","type-page","status-publish","hentry"],"_links":{"self":[{"href":"\/var\/www\/vhosts\/wasser-lexikon.de\/httpdocs\/wp-json\/wp\/v2\/pages\/85","targetHints":{"allow":["GET"]}}],"collection":[{"href":"\/var\/www\/vhosts\/wasser-lexikon.de\/httpdocs\/wp-json\/wp\/v2\/pages"}],"about":[{"href":"\/var\/www\/vhosts\/wasser-lexikon.de\/httpdocs\/wp-json\/wp\/v2\/types\/page"}],"author":[{"embeddable":true,"href":"\/var\/www\/vhosts\/wasser-lexikon.de\/httpdocs\/wp-json\/wp\/v2\/users\/1"}],"replies":[{"embeddable":true,"href":"\/var\/www\/vhosts\/wasser-lexikon.de\/httpdocs\/wp-json\/wp\/v2\/comments?post=85"}],"version-history":[{"count":1,"href":"\/var\/www\/vhosts\/wasser-lexikon.de\/httpdocs\/wp-json\/wp\/v2\/pages\/85\/revisions"}],"predecessor-version":[{"id":86,"href":"\/var\/www\/vhosts\/wasser-lexikon.de\/httpdocs\/wp-json\/wp\/v2\/pages\/85\/revisions\/86"}],"wp:attachment":[{"href":"\/var\/www\/vhosts\/wasser-lexikon.de\/httpdocs\/wp-json\/wp\/v2\/media?parent=85"}],"wp:term":[{"taxonomy":"post_tag","embeddable":true,"href":"\/var\/www\/vhosts\/wasser-lexikon.de\/httpdocs\/wp-json\/wp\/v2\/tags?post=85"}],"curies":[{"name":"wp","href":"https:\/\/api.w.org\/{rel}","templated":true}]}}