{"id":819,"date":"2010-10-02T17:38:38","date_gmt":"2010-10-02T17:38:38","guid":{"rendered":"http:\/\/localhost\/wasserlexikon\/"},"modified":"2010-10-02T17:38:38","modified_gmt":"2010-10-02T17:38:38","slug":"offentliche-wasserversorgung","status":"publish","type":"page","link":"\/var\/www\/vhosts\/wasser-lexikon.de\/httpdocs\/offentliche-wasserversorgung\/","title":{"rendered":"\u00d6ffentliche Wasserversorgung"},"content":{"rendered":"<div>Die \u00f6ffentliche <a href=\"http:\/\/wasserlexikon.de\/wasserversorgung\/\">Wasserversorgung<\/a>, ein Teil der <a href=\"http:\/\/wasserlexikon.de\/wasserwirtschaft\/\">Wasserwirtschaft<\/a>,  f\u00e4llt unter den Begriff der Daseinsvorsorge und ist kommunale  Pflichtaufgabe. Gegenst\u00fcck ist eine (meist private) Eigen- bzw.  Einzeltrinkwasserversorgung. Aufgabe der \u00f6ffentlichen <a href=\"http:\/\/wasserlexikon.de\/wasserversorgungsunternehmen\/\">Wasserversorgungsunternehmen<\/a> (Stadtwerke, Gemeindewerke, Zweckverb\u00e4nde) ist die Sicherstellung von f\u00fcr menschlichen Genu\u00df und Gebrauch geeignetem <a href=\"http:\/\/wasserlexikon.de\/<a href=\"http:\/\/www.wasser-lexikon.de\/Wasser\" class=\"kblinker\" title=\"More about Wasser &raquo;\">wasser<\/a>\/&#8220;>Wasser<\/a> (<a href=\"http:\/\/wasserlexikon.de\/trinkwasser\/\"><a href=\"http:\/\/www.wasser-lexikon.de\/Trinkwasser\" class=\"kblinker\" title=\"More about Trinkwasser &raquo;\">Trinkwasser<\/a><\/a>) in der durch die <a href=\"http:\/\/wasserlexikon.de\/trinkwasserverordnung\/\">Trinkwasserverordnung<\/a> vorgeschriebenen Qualit\u00e4t, in ausreichender Menge und mit dem notwendigen <a href=\"http:\/\/wasserlexikon.de\/druck\/\"><a href=\"http:\/\/www.wasser-lexikon.de\/Druck\" class=\"kblinker\" title=\"More about Druck &raquo;\">Druck<\/a><\/a>. Dabei sind die \u00f6rtlichen Wasservorkommen zu sichern (<a href=\"http:\/\/wasserlexikon.de\/grundwasserschutz\/\"><a href=\"http:\/\/www.wasser-lexikon.de\/Grundwasserschutz\" class=\"kblinker\" title=\"More about Grundwasserschutz &raquo;\">Grundwasserschutz<\/a><\/a>).<\/div>\n","protected":false},"excerpt":{"rendered":"<p>Die \u00f6ffentliche Wasserversorgung, ein Teil der Wasserwirtschaft, f\u00e4llt unter den Begriff der Daseinsvorsorge und ist kommunale Pflichtaufgabe. Gegenst\u00fcck ist eine (meist private) Eigen- bzw. Einzeltrinkwasserversorgung. Aufgabe der \u00f6ffentlichen Wasserversorgungsunternehmen (Stadtwerke, Gemeindewerke, Zweckverb\u00e4nde) ist die Sicherstellung von f\u00fcr menschlichen Genu\u00df und Gebrauch geeignetem<\/p>\n","protected":false},"author":1,"featured_media":0,"parent":0,"menu_order":0,"comment_status":"closed","ping_status":"closed","template":"","meta":{"footnotes":""},"tags":[],"class_list":["post-819","page","type-page","status-publish","hentry"],"_links":{"self":[{"href":"\/var\/www\/vhosts\/wasser-lexikon.de\/httpdocs\/wp-json\/wp\/v2\/pages\/819","targetHints":{"allow":["GET"]}}],"collection":[{"href":"\/var\/www\/vhosts\/wasser-lexikon.de\/httpdocs\/wp-json\/wp\/v2\/pages"}],"about":[{"href":"\/var\/www\/vhosts\/wasser-lexikon.de\/httpdocs\/wp-json\/wp\/v2\/types\/page"}],"author":[{"embeddable":true,"href":"\/var\/www\/vhosts\/wasser-lexikon.de\/httpdocs\/wp-json\/wp\/v2\/users\/1"}],"replies":[{"embeddable":true,"href":"\/var\/www\/vhosts\/wasser-lexikon.de\/httpdocs\/wp-json\/wp\/v2\/comments?post=819"}],"version-history":[{"count":1,"href":"\/var\/www\/vhosts\/wasser-lexikon.de\/httpdocs\/wp-json\/wp\/v2\/pages\/819\/revisions"}],"predecessor-version":[{"id":820,"href":"\/var\/www\/vhosts\/wasser-lexikon.de\/httpdocs\/wp-json\/wp\/v2\/pages\/819\/revisions\/820"}],"wp:attachment":[{"href":"\/var\/www\/vhosts\/wasser-lexikon.de\/httpdocs\/wp-json\/wp\/v2\/media?parent=819"}],"wp:term":[{"taxonomy":"post_tag","embeddable":true,"href":"\/var\/www\/vhosts\/wasser-lexikon.de\/httpdocs\/wp-json\/wp\/v2\/tags?post=819"}],"curies":[{"name":"wp","href":"https:\/\/api.w.org\/{rel}","templated":true}]}}