{"id":817,"date":"2010-10-02T17:38:08","date_gmt":"2010-10-02T17:38:08","guid":{"rendered":"http:\/\/localhost\/wasserlexikon\/"},"modified":"2010-10-02T17:38:08","modified_gmt":"2010-10-02T17:38:08","slug":"ph-wert","status":"publish","type":"page","link":"\/var\/www\/vhosts\/wasser-lexikon.de\/httpdocs\/ph-wert\/","title":{"rendered":"pH-Wert"},"content":{"rendered":"<div>Ma\u00dfzahl f\u00fcr die in w\u00e4ssrigen L\u00f6sungen enthaltene  Wasserstoffionenkonzentration  und damit Ma\u00df f\u00fcr die saure, neutrale  oder basische Reaktion einer L\u00f6sung. Die <a href=\"http:\/\/www.wasser-lexikon.de\/pH-Wert\" class=\"kblinker\" title=\"More about pH-Wert &raquo;\">pH-Wert<\/a>-Skala reicht von 0 bis  14. <a href=\"http:\/\/wasserlexikon.de\/sauren\/\">S\u00e4uren<\/a> haben einen pH-Wert kleiner 7 und Basen einen gr\u00f6\u00dfer 7. <a href=\"http:\/\/wasserlexikon.de\/<a href=\"http:\/\/www.wasser-lexikon.de\/Wasser\" class=\"kblinker\" title=\"More about Wasser &raquo;\">wasser<\/a>\/&#8220;>Wasser<\/a> in seiner urspr\u00fcnglichen Form hat einen pH-Wert von 7 (neutral). Gem\u00e4\u00df der <a href=\"http:\/\/wasserlexikon.de\/trinkwasserverordnung\/\"><a href=\"http:\/\/www.wasser-lexikon.de\/Trinkwasserverordnung\" class=\"kblinker\" title=\"More about Trinkwasserverordnung &raquo;\">Trinkwasserverordnung<\/a><\/a> darf <a href=\"http:\/\/wasserlexikon.de\/trinkwasser\/\">Trinkwasser<\/a> einen pH-Wert nicht unter 6,5 und nicht \u00fcber 9,5 aufweisen .<\/div>\n<table  class=\" table table-hover\" style=\"width: 90%;\" border=\"0\" cellspacing=\"1\" cellpadding=\"3\">\n<tbody>\n<tr>\n<td><strong><a href=\"http:\/\/wasserlexikon.de\/ph-wert\/\" target=\"_self\">Wasser-Lexikon: pH-Wert<\/a><\/strong><\/td>\n<\/tr>\n<tr>\n<td><strong><a href=\"http:\/\/wasserlexikon.de\/ammoniumstickstoff\/\" target=\"_self\">Wasser-Lexikon: Ammoniumstickstoff<\/a><\/strong><\/td>\n<\/tr>\n<tr>\n<td><strong><a href=\"http:\/\/www.wasser-lexikon.de\/search.php?key=ChemischeWassereigenschaften\" target=\"_self\">Wasser-Lexikon: ChemischeWassereigenschaften<\/a><\/strong><\/td>\n<\/tr>\n<tr>\n<td><strong><a href=\"http:\/\/wasserlexikon.de\/calcit-sattigung\/\" target=\"_self\">Wasser-Lexikon: Calcit-S\u00e4ttigung<\/a><\/strong><\/td>\n<\/tr>\n<tr>\n<td><strong><a href=\"http:\/\/wasserlexikon.de\/organoleptische-parameter\/\" target=\"_self\">Wasser-Lexikon: OrganoleptischeParameter<\/a><\/strong><\/td>\n<\/tr>\n<tr>\n<td><strong><a href=\"http:\/\/www.wasser-lexikon.de\/\">Wasser-Lexikon: Glossar<\/a><\/strong><\/td>\n<\/tr>\n<\/tbody>\n<\/table>\n","protected":false},"excerpt":{"rendered":"<p>Ma\u00dfzahl f\u00fcr die in w\u00e4ssrigen L\u00f6sungen enthaltene Wasserstoffionenkonzentration und damit Ma\u00df f\u00fcr die saure, neutrale oder basische Reaktion einer L\u00f6sung. Die pH-Wert-Skala reicht von 0 bis 14. S\u00e4uren haben einen pH-Wert kleiner 7 und Basen einen gr\u00f6\u00dfer 7.<\/p>\n","protected":false},"author":1,"featured_media":0,"parent":0,"menu_order":0,"comment_status":"closed","ping_status":"closed","template":"","meta":{"footnotes":""},"tags":[],"class_list":["post-817","page","type-page","status-publish","hentry"],"_links":{"self":[{"href":"\/var\/www\/vhosts\/wasser-lexikon.de\/httpdocs\/wp-json\/wp\/v2\/pages\/817","targetHints":{"allow":["GET"]}}],"collection":[{"href":"\/var\/www\/vhosts\/wasser-lexikon.de\/httpdocs\/wp-json\/wp\/v2\/pages"}],"about":[{"href":"\/var\/www\/vhosts\/wasser-lexikon.de\/httpdocs\/wp-json\/wp\/v2\/types\/page"}],"author":[{"embeddable":true,"href":"\/var\/www\/vhosts\/wasser-lexikon.de\/httpdocs\/wp-json\/wp\/v2\/users\/1"}],"replies":[{"embeddable":true,"href":"\/var\/www\/vhosts\/wasser-lexikon.de\/httpdocs\/wp-json\/wp\/v2\/comments?post=817"}],"version-history":[{"count":1,"href":"\/var\/www\/vhosts\/wasser-lexikon.de\/httpdocs\/wp-json\/wp\/v2\/pages\/817\/revisions"}],"predecessor-version":[{"id":818,"href":"\/var\/www\/vhosts\/wasser-lexikon.de\/httpdocs\/wp-json\/wp\/v2\/pages\/817\/revisions\/818"}],"wp:attachment":[{"href":"\/var\/www\/vhosts\/wasser-lexikon.de\/httpdocs\/wp-json\/wp\/v2\/media?parent=817"}],"wp:term":[{"taxonomy":"post_tag","embeddable":true,"href":"\/var\/www\/vhosts\/wasser-lexikon.de\/httpdocs\/wp-json\/wp\/v2\/tags?post=817"}],"curies":[{"name":"wp","href":"https:\/\/api.w.org\/{rel}","templated":true}]}}