{"id":813,"date":"2010-10-02T17:37:23","date_gmt":"2010-10-02T17:37:23","guid":{"rendered":"http:\/\/localhost\/wasserlexikon\/"},"modified":"2010-10-22T12:57:13","modified_gmt":"2010-10-22T12:57:13","slug":"zweckverband","status":"publish","type":"page","link":"\/var\/www\/vhosts\/wasser-lexikon.de\/httpdocs\/zweckverband\/","title":{"rendered":"Zweckverband"},"content":{"rendered":"<div>ist ein Zusammenschlu\u00df auf kommunaler Ebene von (in der Regel)  Gemeinden, aber auch von Landkreisen und Bezirken, zu einer K\u00f6rperschaft  des \u00f6ffentlichen Rechts, der einzelne Aufgaben oder alle mit einem  bestimmten Zweck zusammenh\u00e4ngende Aufgaben \u00fcbertragen werden, z. B.  Rettungszweckverband, <a href=\"http:\/\/wasserlexikon.de\/abwasserzweckverband\/\">Abwasserzweckverband<\/a>.<\/div>\n<table  class=\" table table-hover\" style=\"width: 90%;\" border=\"0\" cellspacing=\"1\" cellpadding=\"3\">\n<tbody>\n<tr>\n<td><strong><a href=\"http:\/\/wasserlexikon.de\/zweckverband\/\" target=\"_self\">Wasser-Lexikon: Zweckverband<\/a><\/strong><\/td>\n<\/tr>\n<tr>\n<td><strong><a href=\"http:\/\/wasserlexikon.de\/abwasserzweckverband\/\" target=\"_self\">Wasser-Lexikon: Abwasserzweckverband<\/a><\/strong><\/td>\n<\/tr>\n<tr>\n<td><strong><a href=\"http:\/\/www.wasser-lexikon.de\/\">Wasser-Lexikon: Glossar<\/a><\/strong><\/td>\n<\/tr>\n<\/tbody>\n<\/table>\n","protected":false},"excerpt":{"rendered":"<p>ist ein Zusammenschlu\u00df auf kommunaler Ebene von (in der Regel) Gemeinden, aber auch von Landkreisen und Bezirken, zu einer K\u00f6rperschaft des \u00f6ffentlichen Rechts, der einzelne Aufgaben oder alle mit einem bestimmten Zweck zusammenh\u00e4ngende Aufgaben \u00fcbertragen werden, z. B. Rettungszweckverband, Abwasserzweckverband. Wasser-Lexikon: Zweckverband Wasser-Lexikon: Abwasserzweckverband Wasser-Lexikon: Glossar<\/p>\n","protected":false},"author":1,"featured_media":0,"parent":0,"menu_order":0,"comment_status":"closed","ping_status":"closed","template":"","meta":{"footnotes":""},"tags":[],"class_list":["post-813","page","type-page","status-publish","hentry"],"_links":{"self":[{"href":"\/var\/www\/vhosts\/wasser-lexikon.de\/httpdocs\/wp-json\/wp\/v2\/pages\/813","targetHints":{"allow":["GET"]}}],"collection":[{"href":"\/var\/www\/vhosts\/wasser-lexikon.de\/httpdocs\/wp-json\/wp\/v2\/pages"}],"about":[{"href":"\/var\/www\/vhosts\/wasser-lexikon.de\/httpdocs\/wp-json\/wp\/v2\/types\/page"}],"author":[{"embeddable":true,"href":"\/var\/www\/vhosts\/wasser-lexikon.de\/httpdocs\/wp-json\/wp\/v2\/users\/1"}],"replies":[{"embeddable":true,"href":"\/var\/www\/vhosts\/wasser-lexikon.de\/httpdocs\/wp-json\/wp\/v2\/comments?post=813"}],"version-history":[{"count":2,"href":"\/var\/www\/vhosts\/wasser-lexikon.de\/httpdocs\/wp-json\/wp\/v2\/pages\/813\/revisions"}],"predecessor-version":[{"id":859,"href":"\/var\/www\/vhosts\/wasser-lexikon.de\/httpdocs\/wp-json\/wp\/v2\/pages\/813\/revisions\/859"}],"wp:attachment":[{"href":"\/var\/www\/vhosts\/wasser-lexikon.de\/httpdocs\/wp-json\/wp\/v2\/media?parent=813"}],"wp:term":[{"taxonomy":"post_tag","embeddable":true,"href":"\/var\/www\/vhosts\/wasser-lexikon.de\/httpdocs\/wp-json\/wp\/v2\/tags?post=813"}],"curies":[{"name":"wp","href":"https:\/\/api.w.org\/{rel}","templated":true}]}}