{"id":81,"date":"2010-09-28T14:32:04","date_gmt":"2010-09-28T14:32:04","guid":{"rendered":"http:\/\/localhost\/wasserlexikon\/"},"modified":"2010-09-28T14:32:04","modified_gmt":"2010-09-28T14:32:04","slug":"arsen","status":"publish","type":"page","link":"\/var\/www\/vhosts\/wasser-lexikon.de\/httpdocs\/arsen\/","title":{"rendered":"Arsen"},"content":{"rendered":"<div>ist ein Spurenelement der Erdkruste, ein Metall, das in den meisten B\u00f6den nachweisbar ist. Im <a href=\"http:\/\/wasserlexikon.de\/grundwasser\/\">Grundwasser<\/a> kann es in L\u00f6sung gehen und damit aufbereitende Ma\u00dfnahmen zur Arsenentfernung aus dem <a href=\"http:\/\/wasserlexikon.de\/rohwasser\/\"><a href=\"http:\/\/www.wasser-lexikon.de\/Rohwasser\" class=\"kblinker\" title=\"More about Rohwasser &raquo;\">Rohwasser<\/a><\/a> erforderlich machen.<\/div>\n<table  class=\" table table-hover\" style=\"width: 90%;\" border=\"0\" cellspacing=\"1\" cellpadding=\"3\">\n<tbody>\n<tr>\n<td><strong><a href=\"http:\/\/wasserlexikon.de\/arsen\/\" target=\"_self\">Wasser-Lexikon: Arsen<\/a><\/strong><\/td>\n<\/tr>\n<tr>\n<td><strong><a href=\"http:\/\/www.wasser-lexikon.de\/\">Wasser-Lexikon: Glossar<\/a><\/strong><\/td>\n<\/tr>\n<\/tbody>\n<\/table>\n","protected":false},"excerpt":{"rendered":"<p>ist ein Spurenelement der Erdkruste, ein Metall, das in den meisten B\u00f6den nachweisbar ist. Im Grundwasser kann es in L\u00f6sung gehen und damit aufbereitende Ma\u00dfnahmen zur Arsenentfernung aus dem Rohwasser erforderlich machen. Wasser-Lexikon: Arsen Wasser-Lexikon: Glossar<\/p>\n","protected":false},"author":1,"featured_media":0,"parent":0,"menu_order":0,"comment_status":"closed","ping_status":"closed","template":"","meta":{"footnotes":""},"tags":[],"class_list":["post-81","page","type-page","status-publish","hentry"],"_links":{"self":[{"href":"\/var\/www\/vhosts\/wasser-lexikon.de\/httpdocs\/wp-json\/wp\/v2\/pages\/81","targetHints":{"allow":["GET"]}}],"collection":[{"href":"\/var\/www\/vhosts\/wasser-lexikon.de\/httpdocs\/wp-json\/wp\/v2\/pages"}],"about":[{"href":"\/var\/www\/vhosts\/wasser-lexikon.de\/httpdocs\/wp-json\/wp\/v2\/types\/page"}],"author":[{"embeddable":true,"href":"\/var\/www\/vhosts\/wasser-lexikon.de\/httpdocs\/wp-json\/wp\/v2\/users\/1"}],"replies":[{"embeddable":true,"href":"\/var\/www\/vhosts\/wasser-lexikon.de\/httpdocs\/wp-json\/wp\/v2\/comments?post=81"}],"version-history":[{"count":1,"href":"\/var\/www\/vhosts\/wasser-lexikon.de\/httpdocs\/wp-json\/wp\/v2\/pages\/81\/revisions"}],"predecessor-version":[{"id":82,"href":"\/var\/www\/vhosts\/wasser-lexikon.de\/httpdocs\/wp-json\/wp\/v2\/pages\/81\/revisions\/82"}],"wp:attachment":[{"href":"\/var\/www\/vhosts\/wasser-lexikon.de\/httpdocs\/wp-json\/wp\/v2\/media?parent=81"}],"wp:term":[{"taxonomy":"post_tag","embeddable":true,"href":"\/var\/www\/vhosts\/wasser-lexikon.de\/httpdocs\/wp-json\/wp\/v2\/tags?post=81"}],"curies":[{"name":"wp","href":"https:\/\/api.w.org\/{rel}","templated":true}]}}