{"id":801,"date":"2010-10-02T17:35:05","date_gmt":"2010-10-02T17:35:05","guid":{"rendered":"http:\/\/localhost\/wasserlexikon\/"},"modified":"2011-02-11T15:14:10","modified_gmt":"2011-02-11T15:14:10","slug":"wasserwirtschaft","status":"publish","type":"page","link":"\/var\/www\/vhosts\/wasser-lexikon.de\/httpdocs\/wasserwirtschaft\/","title":{"rendered":"Wasserwirtschaft"},"content":{"rendered":"<div>Darunter wird gem\u00e4\u00df DIN 4049 die zielbewu\u00dfte Ordnung aller menschlichen Einwirkungen auf das ober- und unterirdische <a href=\"http:\/\/www.wasser-lexikon.de\/Wasser\" class=\"kblinker\" title=\"More about Wasser &raquo;\">Wasser<\/a> verstanden.<\/div>\n<table  class=\" table table-hover\" style=\"width: 90%;\" border=\"0\" cellspacing=\"1\" cellpadding=\"3\">\n<tbody>\n<tr>\n<td><strong><a href=\"http:\/\/wasserlexikon.de\/wasserwirtschaft\/\" target=\"_self\">Wasser-Lexikon: Wasserwirtschaft<\/a><\/strong><\/td>\n<\/tr>\n<tr>\n<td><strong><a href=\"http:\/\/wasserlexikon.de\/wassergesetze\/\" target=\"_self\">Wasser-Lexikon: Wassergesetze<\/a><\/strong><\/td>\n<\/tr>\n<tr>\n<td><strong><a href=\"http:\/\/wasserlexikon.de\/offentliche-wasserversorgung\/\" target=\"_self\">Wasser-Lexikon: oeffentlicheWasserversorgung<\/a><\/strong><\/td>\n<\/tr>\n<tr>\n<td><strong><a href=\"http:\/\/wasserlexikon.de\/siedlungswasserwirtschaft\/\" target=\"_self\">Wasser-Lexikon: Siedlungswasserwirtschaft<\/a><\/strong><\/td>\n<\/tr>\n<tr>\n<td><strong><a href=\"http:\/\/wasserlexikon.de\/offentliche-wasserversorgung\/\" target=\"_self\">Wasser-Lexikon: \u00d6ffentlicheWasserversorgung<\/a><\/strong><\/td>\n<\/tr>\n<tr>\n<td><strong><a href=\"http:\/\/wasserlexikon.de\/offentliche-wasserversorgung\/\" target=\"_self\">Wasser-Lexikon: oeffentlichewasserversorgung<\/a><\/strong><\/td>\n<\/tr>\n<tr>\n<td><strong><a href=\"http:\/\/www.wasser-lexikon.de\/\">Wasser-Lexikon: Glossar<\/a><\/strong><\/td>\n<\/tr>\n<\/tbody>\n<\/table>\n","protected":false},"excerpt":{"rendered":"<p>Darunter wird gem\u00e4\u00df DIN 4049 die zielbewu\u00dfte Ordnung aller menschlichen Einwirkungen auf das ober- und unterirdische Wasser verstanden. Wasser-Lexikon: Wasserwirtschaft Wasser-Lexikon: Wassergesetze Wasser-Lexikon: oeffentlicheWasserversorgung Wasser-Lexikon: Siedlungswasserwirtschaft Wasser-Lexikon: \u00d6ffentlicheWasserversorgung Wasser-Lexikon: oeffentlichewasserversorgung Wasser-Lexikon: Glossar<\/p>\n","protected":false},"author":1,"featured_media":0,"parent":0,"menu_order":0,"comment_status":"closed","ping_status":"closed","template":"","meta":{"footnotes":""},"tags":[],"class_list":["post-801","page","type-page","status-publish","hentry"],"_links":{"self":[{"href":"\/var\/www\/vhosts\/wasser-lexikon.de\/httpdocs\/wp-json\/wp\/v2\/pages\/801","targetHints":{"allow":["GET"]}}],"collection":[{"href":"\/var\/www\/vhosts\/wasser-lexikon.de\/httpdocs\/wp-json\/wp\/v2\/pages"}],"about":[{"href":"\/var\/www\/vhosts\/wasser-lexikon.de\/httpdocs\/wp-json\/wp\/v2\/types\/page"}],"author":[{"embeddable":true,"href":"\/var\/www\/vhosts\/wasser-lexikon.de\/httpdocs\/wp-json\/wp\/v2\/users\/1"}],"replies":[{"embeddable":true,"href":"\/var\/www\/vhosts\/wasser-lexikon.de\/httpdocs\/wp-json\/wp\/v2\/comments?post=801"}],"version-history":[{"count":2,"href":"\/var\/www\/vhosts\/wasser-lexikon.de\/httpdocs\/wp-json\/wp\/v2\/pages\/801\/revisions"}],"predecessor-version":[{"id":946,"href":"\/var\/www\/vhosts\/wasser-lexikon.de\/httpdocs\/wp-json\/wp\/v2\/pages\/801\/revisions\/946"}],"wp:attachment":[{"href":"\/var\/www\/vhosts\/wasser-lexikon.de\/httpdocs\/wp-json\/wp\/v2\/media?parent=801"}],"wp:term":[{"taxonomy":"post_tag","embeddable":true,"href":"\/var\/www\/vhosts\/wasser-lexikon.de\/httpdocs\/wp-json\/wp\/v2\/tags?post=801"}],"curies":[{"name":"wp","href":"https:\/\/api.w.org\/{rel}","templated":true}]}}