{"id":789,"date":"2010-10-02T17:32:28","date_gmt":"2010-10-02T17:32:28","guid":{"rendered":"http:\/\/localhost\/wasserlexikon\/"},"modified":"2012-08-03T11:17:47","modified_gmt":"2012-08-03T10:17:47","slug":"wasseruntersuchungen","status":"publish","type":"page","link":"\/var\/www\/vhosts\/wasser-lexikon.de\/httpdocs\/wasseruntersuchungen\/","title":{"rendered":"Wasseruntersuchungen"},"content":{"rendered":"<div>sind Analysen von <a href=\"http:\/\/wasserlexikon.de\/trinkwasser\/\">Trinkwasser<\/a> nach bestimmten Verfahren (mikrobiologisch, physikalisch, chemisch,  physikalisch-chemisch), die zum Teil regelm\u00e4\u00dfig, aber auch aufgrund  besonderer Betriebszust\u00e4nde oder auf Anordnung z. B. des  Gesundheitsamtes vorgenommen werden m\u00fcssen, und durch die ein <a href=\"http:\/\/wasserlexikon.de\/wasserversorgungsunternehmen\/\">Wasserversorgungsunternehmen<\/a> nachweisbar die Einhaltung der Vorschriften der <a href=\"http:\/\/wasserlexikon.de\/trinkwasserverordnung\/\"><a href=\"http:\/\/www.wasser-lexikon.de\/Trinkwasserverordnung\" class=\"kblinker\" title=\"More about Trinkwasserverordnung &raquo;\">Trinkwasserverordnung<\/a><\/a> darlegen kann.<\/div>\n<div><\/div>\n<div>Hier k\u00f6nnen Sie online einen <a title=\"Wassertests\" href=\"http:\/\/www.wasser-test.net\/html\/index.aspx?page_url=Shop&amp;cn=Wasser-Test&amp;cat=264&amp;mid=264\" target=\"_blank\"><strong>Wassertest kaufen<\/strong><\/a> und vom Fraunhofer-Institut Ihre Wasserqualit\u00e4t analysieren lassen.<\/div>\n<div><\/div>\n<div><\/div>\n<table  class=\" table table-hover\" style=\"width: 90%;\" border=\"0\" cellspacing=\"1\" cellpadding=\"3\">\n<tbody>\n<tr>\n<td><strong><a href=\"http:\/\/wasserlexikon.de\/wasseruntersuchungen\/\" target=\"_self\">Wasser-Lexikon: Wasseruntersuchungen<\/a><\/strong><\/td>\n<\/tr>\n<tr>\n<td><strong><a href=\"http:\/\/wasserlexikon.de\/<a href=\"http:\/\/www.wasser-lexikon.de\/Wasser\" class=\"kblinker\" title=\"More about Wasser &raquo;\">wasser<\/a>-analyse\/&#8220; target=&#8220;_self&#8220;>Wasser-Lexikon: Wasser Analyse<\/a><\/strong><\/td>\n<\/tr>\n<tr>\n<td><strong><a href=\"http:\/\/wasserlexikon.de\/wasser-test\/\" target=\"_self\">Wasser-Lexikon: Wasser Test<\/a><\/strong><\/td>\n<\/tr>\n<tr>\n<td><strong><a href=\"http:\/\/wasserlexikon.de\/trinkwasserverordnung\/\" target=\"_self\">Wasser-Lexikon: Trinkwasserverordnung<\/a><\/strong><\/td>\n<\/tr>\n<tr>\n<td><strong><a href=\"http:\/\/www.wasser-lexikon.de\/\">Wasser-Lexikon: Glossar<\/a><\/strong><\/td>\n<\/tr>\n<\/tbody>\n<\/table>\n","protected":false},"excerpt":{"rendered":"<p>sind Analysen von Trinkwasser nach bestimmten Verfahren (mikrobiologisch, physikalisch, chemisch, physikalisch-chemisch), die zum Teil regelm\u00e4\u00dfig, aber auch aufgrund besonderer Betriebszust\u00e4nde oder auf Anordnung z. B. des Gesundheitsamtes vorgenommen werden m\u00fcssen, und durch die ein Wasserversorgungsunternehmen nachweisbar die Einhaltung der Vorschriften der Trinkwasserverordnung darlegen kann. Hier k\u00f6nnen Sie online einen Wassertest kaufen und vom Fraunhofer-Institut Ihre [&hellip;]<\/p>\n","protected":false},"author":1,"featured_media":0,"parent":0,"menu_order":0,"comment_status":"closed","ping_status":"closed","template":"","meta":{"footnotes":""},"tags":[],"class_list":["post-789","page","type-page","status-publish","hentry"],"_links":{"self":[{"href":"\/var\/www\/vhosts\/wasser-lexikon.de\/httpdocs\/wp-json\/wp\/v2\/pages\/789","targetHints":{"allow":["GET"]}}],"collection":[{"href":"\/var\/www\/vhosts\/wasser-lexikon.de\/httpdocs\/wp-json\/wp\/v2\/pages"}],"about":[{"href":"\/var\/www\/vhosts\/wasser-lexikon.de\/httpdocs\/wp-json\/wp\/v2\/types\/page"}],"author":[{"embeddable":true,"href":"\/var\/www\/vhosts\/wasser-lexikon.de\/httpdocs\/wp-json\/wp\/v2\/users\/1"}],"replies":[{"embeddable":true,"href":"\/var\/www\/vhosts\/wasser-lexikon.de\/httpdocs\/wp-json\/wp\/v2\/comments?post=789"}],"version-history":[{"count":8,"href":"\/var\/www\/vhosts\/wasser-lexikon.de\/httpdocs\/wp-json\/wp\/v2\/pages\/789\/revisions"}],"predecessor-version":[{"id":1211,"href":"\/var\/www\/vhosts\/wasser-lexikon.de\/httpdocs\/wp-json\/wp\/v2\/pages\/789\/revisions\/1211"}],"wp:attachment":[{"href":"\/var\/www\/vhosts\/wasser-lexikon.de\/httpdocs\/wp-json\/wp\/v2\/media?parent=789"}],"wp:term":[{"taxonomy":"post_tag","embeddable":true,"href":"\/var\/www\/vhosts\/wasser-lexikon.de\/httpdocs\/wp-json\/wp\/v2\/tags?post=789"}],"curies":[{"name":"wp","href":"https:\/\/api.w.org\/{rel}","templated":true}]}}