{"id":766,"date":"2010-10-02T17:27:24","date_gmt":"2010-10-02T17:27:24","guid":{"rendered":"http:\/\/localhost\/wasserlexikon\/"},"modified":"2010-10-02T17:27:24","modified_gmt":"2010-10-02T17:27:24","slug":"wasserharte","status":"publish","type":"page","link":"\/var\/www\/vhosts\/wasser-lexikon.de\/httpdocs\/wasserharte\/","title":{"rendered":"Wasserh\u00e4rte"},"content":{"rendered":"<div>bezeichnet die <a href=\"http:\/\/wasserlexikon.de\/harte\/\">H\u00e4rte<\/a> des <a href=\"http:\/\/wasserlexikon.de\/<a href=\"http:\/\/www.wasser-lexikon.de\/Wasser\" class=\"kblinker\" title=\"More about Wasser &raquo;\">wasser<\/a>\/&#8220;>Wassers<\/a>, also den Gehalt des Wassers an Erdalkaliionen ( <a href=\"http:\/\/wasserlexikon.de\/calcium\/\"><a href=\"http:\/\/www.wasser-lexikon.de\/Calcium\" class=\"kblinker\" title=\"More about Calcium &raquo;\">Calcium<\/a><\/a>&#8211; und <a href=\"http:\/\/wasserlexikon.de\/magnesium\/\"><a href=\"http:\/\/www.wasser-lexikon.de\/Magnesium\" class=\"kblinker\" title=\"More about Magnesium &raquo;\">Magnesium<\/a><\/a>ionen). Bei der Wasserh\u00e4rte wird unterschieden zwischen der durch Calcium- und Magnesium<a href=\"http:\/\/wasserlexikon.de\/salze\/\"><a href=\"http:\/\/www.wasser-lexikon.de\/Salze\" class=\"kblinker\" title=\"More about Salze &raquo;\">salze<\/a><\/a> der <a href=\"http:\/\/wasserlexikon.de\/kohlensaure\/\">Kohlens\u00e4ure<\/a> hervorgerufenen Karbonath\u00e4rte und der durch die anderen Calcium- und  Magnesiumsalze hervorgerufenen Nichtkarbonath\u00e4rte. Die Summe dieser  beiden ergibt die in Millimol je Liter (mmol\/l) ausgedr\u00fcckte  Gesamth\u00e4rte, die gem\u00e4\u00df dem sogenannten Waschmittelgesetz in vier  H\u00e4rtebereiche eingeteilt werden kann: 1 (weich, 0 bis 1,3 mmol\/l), 2  (mittelhart, 1,4 bis 2,5 mmol\/l), 3 (hart, 2,6 bis 3,8 mmol\/l) und 4  (sehr hart, \u00fcber 3,8 mmol\/l).<\/div>\n<table  class=\" table table-hover\" style=\"width: 90%;\" border=\"0\" cellspacing=\"1\" cellpadding=\"3\">\n<tbody>\n<tr>\n<td><strong><a href=\"http:\/\/wasserlexikon.de\/wasserharte\/\" target=\"_self\">Wasser-Lexikon: Wasserh\u00e4rte<\/a><\/strong><\/td>\n<\/tr>\n<tr>\n<td><strong><a href=\"http:\/\/wasserlexikon.de\/harte\/\" target=\"_self\">Wasser-Lexikon: H\u00e4rte<\/a><\/strong><\/td>\n<\/tr>\n<tr>\n<td><strong><a href=\"http:\/\/wasserlexikon.de\/calciumcarbonat\/\" target=\"_self\">Wasser-Lexikon: Calciumcarbonat<\/a><\/strong><\/td>\n<\/tr>\n<tr>\n<td><strong><a href=\"http:\/\/wasserlexikon.de\/sulfate\/\" target=\"_self\">Wasser-Lexikon: Sulfate<\/a><\/strong><\/td>\n<\/tr>\n<tr>\n<td><strong><a href=\"http:\/\/www.wasser-lexikon.de\/\">Wasser-Lexikon: Glossar<\/a><\/strong><\/td>\n<\/tr>\n<\/tbody>\n<\/table>\n","protected":false},"excerpt":{"rendered":"<p>bezeichnet die H\u00e4rte des<\/p>\n","protected":false},"author":1,"featured_media":0,"parent":0,"menu_order":0,"comment_status":"closed","ping_status":"closed","template":"","meta":{"footnotes":""},"tags":[],"class_list":["post-766","page","type-page","status-publish","hentry"],"_links":{"self":[{"href":"\/var\/www\/vhosts\/wasser-lexikon.de\/httpdocs\/wp-json\/wp\/v2\/pages\/766","targetHints":{"allow":["GET"]}}],"collection":[{"href":"\/var\/www\/vhosts\/wasser-lexikon.de\/httpdocs\/wp-json\/wp\/v2\/pages"}],"about":[{"href":"\/var\/www\/vhosts\/wasser-lexikon.de\/httpdocs\/wp-json\/wp\/v2\/types\/page"}],"author":[{"embeddable":true,"href":"\/var\/www\/vhosts\/wasser-lexikon.de\/httpdocs\/wp-json\/wp\/v2\/users\/1"}],"replies":[{"embeddable":true,"href":"\/var\/www\/vhosts\/wasser-lexikon.de\/httpdocs\/wp-json\/wp\/v2\/comments?post=766"}],"version-history":[{"count":1,"href":"\/var\/www\/vhosts\/wasser-lexikon.de\/httpdocs\/wp-json\/wp\/v2\/pages\/766\/revisions"}],"predecessor-version":[{"id":767,"href":"\/var\/www\/vhosts\/wasser-lexikon.de\/httpdocs\/wp-json\/wp\/v2\/pages\/766\/revisions\/767"}],"wp:attachment":[{"href":"\/var\/www\/vhosts\/wasser-lexikon.de\/httpdocs\/wp-json\/wp\/v2\/media?parent=766"}],"wp:term":[{"taxonomy":"post_tag","embeddable":true,"href":"\/var\/www\/vhosts\/wasser-lexikon.de\/httpdocs\/wp-json\/wp\/v2\/tags?post=766"}],"curies":[{"name":"wp","href":"https:\/\/api.w.org\/{rel}","templated":true}]}}