{"id":764,"date":"2010-10-02T17:27:00","date_gmt":"2010-10-02T17:27:00","guid":{"rendered":"http:\/\/localhost\/wasserlexikon\/"},"modified":"2010-10-02T17:27:00","modified_gmt":"2010-10-02T17:27:00","slug":"wasserhaushaltsplan","status":"publish","type":"page","link":"\/var\/www\/vhosts\/wasser-lexikon.de\/httpdocs\/wasserhaushaltsplan\/","title":{"rendered":"Wasserhaushaltsplan"},"content":{"rendered":"<div>ist die f\u00fcr ein bestimmtes Gebiet aufgestellte Bilanz des <a href=\"http:\/\/wasserlexikon.de\/wasserhaushalt\/\">Wasserhaushaltes<\/a>,  wobei die erfa\u00dften Werte noch um die Mengen des R\u00fcckhalts und  Verbrauchs erg\u00e4nzt und in einen zeitlichen Zusammenhang gebracht werden.<\/div>\n<table  class=\" table table-hover\" style=\"width: 90%;\" border=\"0\" cellspacing=\"1\" cellpadding=\"3\">\n<tbody>\n<tr>\n<td><strong><a href=\"http:\/\/wasserlexikon.de\/wasserhaushalt\/\" target=\"_self\">Wasser-Lexikon: Wasserhaushalt<\/a><\/strong><\/td>\n<\/tr>\n<tr>\n<td><strong><a href=\"http:\/\/wasserlexikon.de\/wasserhaushaltsgesetz\/\" target=\"_self\">Wasser-Lexikon: Wasserhaushaltsgesetz<\/a><\/strong><\/td>\n<\/tr>\n<tr>\n<td><strong><a href=\"http:\/\/wasserlexikon.de\/wasserhaushaltsplan\/\" target=\"_self\">Wasser-Lexikon: Wasserhaushaltsplan<\/a><\/strong><\/td>\n<\/tr>\n<tr>\n<td><strong><a href=\"http:\/\/wasserlexikon.de\/trinkwasserschutzgebiet\/\" target=\"_self\">Wasser-Lexikon: Trinkwasserschutzgebiet<\/a><\/strong><\/td>\n<\/tr>\n<tr>\n<td><strong><a href=\"http:\/\/www.wasser-lexikon.de\/search.php?key=Wasserrecht\" target=\"_self\">Wasser-Lexikon: Wasserrecht<\/a><\/strong><\/td>\n<\/tr>\n<tr>\n<td><strong><a href=\"http:\/\/wasserlexikon.de\/wassergefahrdende-stoffe\/\" target=\"_self\">Wasser-Lexikon: Wassergef\u00e4hrdendeStoffe<\/a><\/strong><\/td>\n<\/tr>\n<tr>\n<td><strong><a href=\"http:\/\/www.wasser-lexikon.de\/\">Wasser-Lexikon: Glossar<\/a><\/strong><\/td>\n<\/tr>\n<\/tbody>\n<\/table>\n","protected":false},"excerpt":{"rendered":"<p>ist die f\u00fcr ein bestimmtes Gebiet aufgestellte Bilanz des Wasserhaushaltes, wobei die erfa\u00dften Werte noch um die Mengen des R\u00fcckhalts und Verbrauchs erg\u00e4nzt und in einen zeitlichen Zusammenhang gebracht werden. Wasser-Lexikon: Wasserhaushalt Wasser-Lexikon: Wasserhaushaltsgesetz Wasser-Lexikon: Wasserhaushaltsplan Wasser-Lexikon: Trinkwasserschutzgebiet Wasser-Lexikon: Wasserrecht Wasser-Lexikon: Wassergef\u00e4hrdendeStoffe Wasser-Lexikon: Glossar<\/p>\n","protected":false},"author":1,"featured_media":0,"parent":0,"menu_order":0,"comment_status":"closed","ping_status":"closed","template":"","meta":{"footnotes":""},"tags":[],"class_list":["post-764","page","type-page","status-publish","hentry"],"_links":{"self":[{"href":"\/var\/www\/vhosts\/wasser-lexikon.de\/httpdocs\/wp-json\/wp\/v2\/pages\/764","targetHints":{"allow":["GET"]}}],"collection":[{"href":"\/var\/www\/vhosts\/wasser-lexikon.de\/httpdocs\/wp-json\/wp\/v2\/pages"}],"about":[{"href":"\/var\/www\/vhosts\/wasser-lexikon.de\/httpdocs\/wp-json\/wp\/v2\/types\/page"}],"author":[{"embeddable":true,"href":"\/var\/www\/vhosts\/wasser-lexikon.de\/httpdocs\/wp-json\/wp\/v2\/users\/1"}],"replies":[{"embeddable":true,"href":"\/var\/www\/vhosts\/wasser-lexikon.de\/httpdocs\/wp-json\/wp\/v2\/comments?post=764"}],"version-history":[{"count":1,"href":"\/var\/www\/vhosts\/wasser-lexikon.de\/httpdocs\/wp-json\/wp\/v2\/pages\/764\/revisions"}],"predecessor-version":[{"id":765,"href":"\/var\/www\/vhosts\/wasser-lexikon.de\/httpdocs\/wp-json\/wp\/v2\/pages\/764\/revisions\/765"}],"wp:attachment":[{"href":"\/var\/www\/vhosts\/wasser-lexikon.de\/httpdocs\/wp-json\/wp\/v2\/media?parent=764"}],"wp:term":[{"taxonomy":"post_tag","embeddable":true,"href":"\/var\/www\/vhosts\/wasser-lexikon.de\/httpdocs\/wp-json\/wp\/v2\/tags?post=764"}],"curies":[{"name":"wp","href":"https:\/\/api.w.org\/{rel}","templated":true}]}}