{"id":760,"date":"2010-10-02T17:26:08","date_gmt":"2010-10-02T17:26:08","guid":{"rendered":"http:\/\/localhost\/wasserlexikon\/"},"modified":"2010-10-02T17:26:08","modified_gmt":"2010-10-02T17:26:08","slug":"wasserhaushalt","status":"publish","type":"page","link":"\/var\/www\/vhosts\/wasser-lexikon.de\/httpdocs\/wasserhaushalt\/","title":{"rendered":"Wasserhaushalt"},"content":{"rendered":"<div>nennt man die mengenm\u00e4\u00dfige Erfassung von <a href=\"http:\/\/wasserlexikon.de\/niederschlag\/\">Niederschlag<\/a>, <a href=\"http:\/\/wasserlexikon.de\/abfluss\/\">Abflu\u00df<\/a> und <a href=\"http:\/\/wasserlexikon.de\/verdunstung\/\"><a href=\"http:\/\/www.wasser-lexikon.de\/Verdunstung\" class=\"kblinker\" title=\"More about Verdunstung &raquo;\">Verdunstung<\/a><\/a>,einschlie\u00dflich der ober- und unterirdischen Wasservorr\u00e4te, also des gesamten <a href=\"http:\/\/wasserlexikon.de\/wasserkreislauf\/\">Wasserkreislaufes<\/a>. Er ist Grundlage f\u00fcr die Aufstellung eines <a href=\"http:\/\/wasserlexikon.de\/wasserhaushaltsplan\/\">Wasserhaushaltsplanes<\/a>.<\/div>\n<table  class=\" table table-hover\" style=\"width: 90%;\" border=\"0\" cellspacing=\"1\" cellpadding=\"3\">\n<tbody>\n<tr>\n<td><strong><a href=\"http:\/\/wasserlexikon.de\/wasserhaushalt\/\" target=\"_self\">Wasser-Lexikon: Wasserhaushalt<\/a><\/strong><\/td>\n<\/tr>\n<tr>\n<td><strong><a href=\"http:\/\/wasserlexikon.de\/wasserhaushaltsgesetz\/\" target=\"_self\">Wasser-Lexikon: Wasserhaushaltsgesetz<\/a><\/strong><\/td>\n<\/tr>\n<tr>\n<td><strong><a href=\"http:\/\/wasserlexikon.de\/wasserhaushaltsplan\/\" target=\"_self\">Wasser-Lexikon: Wasserhaushaltsplan<\/a><\/strong><\/td>\n<\/tr>\n<tr>\n<td><strong><a href=\"http:\/\/wasserlexikon.de\/trinkwasserschutzgebiet\/\" target=\"_self\">Wasser-Lexikon: Trinkwasserschutzgebiet<\/a><\/strong><\/td>\n<\/tr>\n<tr>\n<td><strong><a href=\"http:\/\/www.wasser-lexikon.de\/search.php?key=Wasserrecht\" target=\"_self\">Wasser-Lexikon: Wasserrecht<\/a><\/strong><\/td>\n<\/tr>\n<tr>\n<td><strong><a href=\"http:\/\/wasserlexikon.de\/wassergefahrdende-stoffe\/\" target=\"_self\">Wasser-Lexikon: Wassergef\u00e4hrdendeStoffe<\/a><\/strong><\/td>\n<\/tr>\n<tr>\n<td><strong><a href=\"http:\/\/www.wasser-lexikon.de\/\">Wasser-Lexikon: Glossar<\/a><\/strong><\/td>\n<\/tr>\n<\/tbody>\n<\/table>\n","protected":false},"excerpt":{"rendered":"<p>nennt man die mengenm\u00e4\u00dfige Erfassung von Niederschlag, Abflu\u00df und Verdunstung,einschlie\u00dflich der ober- und unterirdischen Wasservorr\u00e4te, also des gesamten Wasserkreislaufes. Er ist Grundlage f\u00fcr die Aufstellung eines Wasserhaushaltsplanes. Wasser-Lexikon: Wasserhaushalt Wasser-Lexikon: Wasserhaushaltsgesetz Wasser-Lexikon: Wasserhaushaltsplan Wasser-Lexikon: Trinkwasserschutzgebiet Wasser-Lexikon: Wasserrecht Wasser-Lexikon: Wassergef\u00e4hrdendeStoffe Wasser-Lexikon: Glossar<\/p>\n","protected":false},"author":1,"featured_media":0,"parent":0,"menu_order":0,"comment_status":"closed","ping_status":"closed","template":"","meta":{"footnotes":""},"tags":[],"class_list":["post-760","page","type-page","status-publish","hentry"],"_links":{"self":[{"href":"\/var\/www\/vhosts\/wasser-lexikon.de\/httpdocs\/wp-json\/wp\/v2\/pages\/760","targetHints":{"allow":["GET"]}}],"collection":[{"href":"\/var\/www\/vhosts\/wasser-lexikon.de\/httpdocs\/wp-json\/wp\/v2\/pages"}],"about":[{"href":"\/var\/www\/vhosts\/wasser-lexikon.de\/httpdocs\/wp-json\/wp\/v2\/types\/page"}],"author":[{"embeddable":true,"href":"\/var\/www\/vhosts\/wasser-lexikon.de\/httpdocs\/wp-json\/wp\/v2\/users\/1"}],"replies":[{"embeddable":true,"href":"\/var\/www\/vhosts\/wasser-lexikon.de\/httpdocs\/wp-json\/wp\/v2\/comments?post=760"}],"version-history":[{"count":1,"href":"\/var\/www\/vhosts\/wasser-lexikon.de\/httpdocs\/wp-json\/wp\/v2\/pages\/760\/revisions"}],"predecessor-version":[{"id":761,"href":"\/var\/www\/vhosts\/wasser-lexikon.de\/httpdocs\/wp-json\/wp\/v2\/pages\/760\/revisions\/761"}],"wp:attachment":[{"href":"\/var\/www\/vhosts\/wasser-lexikon.de\/httpdocs\/wp-json\/wp\/v2\/media?parent=760"}],"wp:term":[{"taxonomy":"post_tag","embeddable":true,"href":"\/var\/www\/vhosts\/wasser-lexikon.de\/httpdocs\/wp-json\/wp\/v2\/tags?post=760"}],"curies":[{"name":"wp","href":"https:\/\/api.w.org\/{rel}","templated":true}]}}