{"id":750,"date":"2010-10-02T17:23:57","date_gmt":"2010-10-02T17:23:57","guid":{"rendered":"http:\/\/localhost\/wasserlexikon\/"},"modified":"2010-10-02T17:23:57","modified_gmt":"2010-10-02T17:23:57","slug":"wassergefahrdende-stoffe","status":"publish","type":"page","link":"\/var\/www\/vhosts\/wasser-lexikon.de\/httpdocs\/wassergefahrdende-stoffe\/","title":{"rendered":"Wassergef\u00e4hrdende Stoffe"},"content":{"rendered":"<div>sind nach den Bestimmungen des <a href=\"http:\/\/wasserlexikon.de\/wasserhaushaltsgesetz\/\">Wasserhaushaltsgesetzes<\/a> Stoffe, die in der Lage sind, <a href=\"http:\/\/wasserlexikon.de\/gewasser\/\">Gew\u00e4sser<\/a> zu verunreinigen oder auf sonstige Art in ihren Eigenschaften  nachteilig zu ver\u00e4ndern, z. B. Pflanzenschutz- und -behandlungsmittel, <a href=\"http:\/\/wasserlexikon.de\/schwermetalle\/\"><a href=\"http:\/\/www.wasser-lexikon.de\/Schwermetalle\" class=\"kblinker\" title=\"More about Schwermetalle &raquo;\">Schwermetalle<\/a><\/a>, <a href=\"http:\/\/wasserlexikon.de\/phosphat\/\">Phosphate<\/a>.<\/div>\n<table  class=\" table table-hover\" style=\"width: 90%;\" border=\"0\" cellspacing=\"1\" cellpadding=\"3\">\n<tbody>\n<tr>\n<td><strong><a href=\"http:\/\/wasserlexikon.de\/wassergefahrdende-stoffe\/\" target=\"_self\">Wasser-Lexikon: Wassergef\u00e4hrdendeStoffe<\/a><\/strong><\/td>\n<\/tr>\n<tr>\n<td><strong><a href=\"http:\/\/www.wasser-lexikon.de\/\">Wasser-Lexikon: Glossar<\/a><\/strong><\/td>\n<\/tr>\n<\/tbody>\n<\/table>\n","protected":false},"excerpt":{"rendered":"<p>sind nach den Bestimmungen des Wasserhaushaltsgesetzes Stoffe, die in der Lage sind, Gew\u00e4sser zu verunreinigen oder auf sonstige Art in ihren Eigenschaften nachteilig zu ver\u00e4ndern, z. B. Pflanzenschutz- und -behandlungsmittel, Schwermetalle, Phosphate. Wasser-Lexikon: Wassergef\u00e4hrdendeStoffe Wasser-Lexikon: Glossar<\/p>\n","protected":false},"author":1,"featured_media":0,"parent":0,"menu_order":0,"comment_status":"closed","ping_status":"closed","template":"","meta":{"footnotes":""},"tags":[],"class_list":["post-750","page","type-page","status-publish","hentry"],"_links":{"self":[{"href":"\/var\/www\/vhosts\/wasser-lexikon.de\/httpdocs\/wp-json\/wp\/v2\/pages\/750","targetHints":{"allow":["GET"]}}],"collection":[{"href":"\/var\/www\/vhosts\/wasser-lexikon.de\/httpdocs\/wp-json\/wp\/v2\/pages"}],"about":[{"href":"\/var\/www\/vhosts\/wasser-lexikon.de\/httpdocs\/wp-json\/wp\/v2\/types\/page"}],"author":[{"embeddable":true,"href":"\/var\/www\/vhosts\/wasser-lexikon.de\/httpdocs\/wp-json\/wp\/v2\/users\/1"}],"replies":[{"embeddable":true,"href":"\/var\/www\/vhosts\/wasser-lexikon.de\/httpdocs\/wp-json\/wp\/v2\/comments?post=750"}],"version-history":[{"count":1,"href":"\/var\/www\/vhosts\/wasser-lexikon.de\/httpdocs\/wp-json\/wp\/v2\/pages\/750\/revisions"}],"predecessor-version":[{"id":751,"href":"\/var\/www\/vhosts\/wasser-lexikon.de\/httpdocs\/wp-json\/wp\/v2\/pages\/750\/revisions\/751"}],"wp:attachment":[{"href":"\/var\/www\/vhosts\/wasser-lexikon.de\/httpdocs\/wp-json\/wp\/v2\/media?parent=750"}],"wp:term":[{"taxonomy":"post_tag","embeddable":true,"href":"\/var\/www\/vhosts\/wasser-lexikon.de\/httpdocs\/wp-json\/wp\/v2\/tags?post=750"}],"curies":[{"name":"wp","href":"https:\/\/api.w.org\/{rel}","templated":true}]}}