{"id":744,"date":"2010-10-02T17:22:42","date_gmt":"2010-10-02T17:22:42","guid":{"rendered":"http:\/\/localhost\/wasserlexikon\/"},"modified":"2010-10-22T12:55:57","modified_gmt":"2010-10-22T12:55:57","slug":"wassereinzugsgebiet","status":"publish","type":"page","link":"\/var\/www\/vhosts\/wasser-lexikon.de\/httpdocs\/wassereinzugsgebiet\/","title":{"rendered":"Wassereinzugsgebiet"},"content":{"rendered":"<div>bezeichnet die Fl\u00e4che, unter der das <a href=\"http:\/\/wasserlexikon.de\/grundwasser\/\">Grundwasser<\/a> gebildet wird und dem <a href=\"http:\/\/wasserlexikon.de\/brunnen\/\"><a href=\"http:\/\/www.wasser-lexikon.de\/Brunnen\" class=\"kblinker\" title=\"More about Brunnen &raquo;\">Brunnen<\/a><\/a> oder der <a href=\"http:\/\/wasserlexikon.de\/quelle\/\"><a href=\"http:\/\/www.wasser-lexikon.de\/Quelle\" class=\"kblinker\" title=\"More about Quelle &raquo;\">Quelle<\/a><\/a> zuflie\u00dft. Als Wassereinzugsgebiet wird aber auch das Gebiet bezeichnet, das von einem flie\u00dfenden <a href=\"http:\/\/wasserlexikon.de\/gewasser\/\">Gew\u00e4sser<\/a> entw\u00e4ssert wird.<\/div>\n<table  class=\" table table-hover\" style=\"width: 90%;\" border=\"0\" cellspacing=\"1\" cellpadding=\"3\">\n<tbody>\n<tr>\n<td><strong><a href=\"http:\/\/wasserlexikon.de\/wassereinzugsgebiet\/\" target=\"_self\">Wasser-Lexikon: Wassereinzugsgebiet<\/a><\/strong><\/td>\n<\/tr>\n<tr>\n<td><strong><a href=\"http:\/\/wasserlexikon.de\/trinkwasserschutzgebiet\/\" target=\"_self\">Wasser-Lexikon: Trinkwasserschutzgebiet<\/a><\/strong><\/td>\n<\/tr>\n<tr>\n<td><strong><a href=\"http:\/\/www.wasser-lexikon.de\/\">Wasser-Lexikon: Glossar<\/a><\/strong><\/td>\n<\/tr>\n<\/tbody>\n<\/table>\n","protected":false},"excerpt":{"rendered":"<p>bezeichnet die Fl\u00e4che, unter der das Grundwasser gebildet wird und dem Brunnen oder der Quelle zuflie\u00dft. Als Wassereinzugsgebiet wird aber auch das Gebiet bezeichnet, das von einem flie\u00dfenden Gew\u00e4sser entw\u00e4ssert wird. Wasser-Lexikon: Wassereinzugsgebiet Wasser-Lexikon: Trinkwasserschutzgebiet Wasser-Lexikon: Glossar<\/p>\n","protected":false},"author":1,"featured_media":0,"parent":0,"menu_order":0,"comment_status":"closed","ping_status":"closed","template":"","meta":{"footnotes":""},"tags":[],"class_list":["post-744","page","type-page","status-publish","hentry"],"_links":{"self":[{"href":"\/var\/www\/vhosts\/wasser-lexikon.de\/httpdocs\/wp-json\/wp\/v2\/pages\/744","targetHints":{"allow":["GET"]}}],"collection":[{"href":"\/var\/www\/vhosts\/wasser-lexikon.de\/httpdocs\/wp-json\/wp\/v2\/pages"}],"about":[{"href":"\/var\/www\/vhosts\/wasser-lexikon.de\/httpdocs\/wp-json\/wp\/v2\/types\/page"}],"author":[{"embeddable":true,"href":"\/var\/www\/vhosts\/wasser-lexikon.de\/httpdocs\/wp-json\/wp\/v2\/users\/1"}],"replies":[{"embeddable":true,"href":"\/var\/www\/vhosts\/wasser-lexikon.de\/httpdocs\/wp-json\/wp\/v2\/comments?post=744"}],"version-history":[{"count":2,"href":"\/var\/www\/vhosts\/wasser-lexikon.de\/httpdocs\/wp-json\/wp\/v2\/pages\/744\/revisions"}],"predecessor-version":[{"id":850,"href":"\/var\/www\/vhosts\/wasser-lexikon.de\/httpdocs\/wp-json\/wp\/v2\/pages\/744\/revisions\/850"}],"wp:attachment":[{"href":"\/var\/www\/vhosts\/wasser-lexikon.de\/httpdocs\/wp-json\/wp\/v2\/media?parent=744"}],"wp:term":[{"taxonomy":"post_tag","embeddable":true,"href":"\/var\/www\/vhosts\/wasser-lexikon.de\/httpdocs\/wp-json\/wp\/v2\/tags?post=744"}],"curies":[{"name":"wp","href":"https:\/\/api.w.org\/{rel}","templated":true}]}}