{"id":738,"date":"2010-10-02T17:21:21","date_gmt":"2010-10-02T17:21:21","guid":{"rendered":"http:\/\/localhost\/wasserlexikon\/"},"modified":"2010-10-02T17:21:21","modified_gmt":"2010-10-02T17:21:21","slug":"wasserdargebot","status":"publish","type":"page","link":"\/var\/www\/vhosts\/wasser-lexikon.de\/httpdocs\/wasserdargebot\/","title":{"rendered":"Wasserdargebot"},"content":{"rendered":"<div>bezeichnet die f\u00fcr eine bestimmte Zeit aus dem nat\u00fcrlichen <a href=\"http:\/\/wasserlexikon.de\/wasserkreislauf\/\">Wasserkreislauf<\/a> zur Verf\u00fcgung stehende nutzbare Menge an <a href=\"http:\/\/wasserlexikon.de\/suswasser\/\">S\u00fc\u00dfwasser<\/a>.  Das <a href=\"http:\/\/www.wasser-lexikon.de\/Wasserdargebot\" class=\"kblinker\" title=\"More about Wasserdargebot &raquo;\">Wasserdargebot<\/a> der Bundesrepublik Deutschland betr\u00e4gt durchschnittlich rund 164 Milliarden Kubikmeter im Jahr.<\/div>\n<table  class=\" table table-hover\" style=\"width: 90%;\" border=\"0\" cellspacing=\"1\" cellpadding=\"3\">\n<tbody>\n<tr>\n<td><strong><a href=\"http:\/\/wasserlexikon.de\/wasserdargebot\/\" target=\"_self\">Wasser-Lexikon: Wasserdargebot<\/a><\/strong><\/td>\n<\/tr>\n<tr>\n<td><strong><a href=\"http:\/\/www.wasser-lexikon.de\/\">Wasser-Lexikon: Glossar<\/a><\/strong><\/td>\n<\/tr>\n<\/tbody>\n<\/table>\n","protected":false},"excerpt":{"rendered":"<p>bezeichnet die f\u00fcr eine bestimmte Zeit aus dem nat\u00fcrlichen Wasserkreislauf zur Verf\u00fcgung stehende nutzbare Menge an S\u00fc\u00dfwasser. Das Wasserdargebot der Bundesrepublik Deutschland betr\u00e4gt durchschnittlich rund 164 Milliarden Kubikmeter im Jahr. Wasser-Lexikon: Wasserdargebot Wasser-Lexikon: Glossar<\/p>\n","protected":false},"author":1,"featured_media":0,"parent":0,"menu_order":0,"comment_status":"closed","ping_status":"closed","template":"","meta":{"footnotes":""},"tags":[],"class_list":["post-738","page","type-page","status-publish","hentry"],"_links":{"self":[{"href":"\/var\/www\/vhosts\/wasser-lexikon.de\/httpdocs\/wp-json\/wp\/v2\/pages\/738","targetHints":{"allow":["GET"]}}],"collection":[{"href":"\/var\/www\/vhosts\/wasser-lexikon.de\/httpdocs\/wp-json\/wp\/v2\/pages"}],"about":[{"href":"\/var\/www\/vhosts\/wasser-lexikon.de\/httpdocs\/wp-json\/wp\/v2\/types\/page"}],"author":[{"embeddable":true,"href":"\/var\/www\/vhosts\/wasser-lexikon.de\/httpdocs\/wp-json\/wp\/v2\/users\/1"}],"replies":[{"embeddable":true,"href":"\/var\/www\/vhosts\/wasser-lexikon.de\/httpdocs\/wp-json\/wp\/v2\/comments?post=738"}],"version-history":[{"count":1,"href":"\/var\/www\/vhosts\/wasser-lexikon.de\/httpdocs\/wp-json\/wp\/v2\/pages\/738\/revisions"}],"predecessor-version":[{"id":739,"href":"\/var\/www\/vhosts\/wasser-lexikon.de\/httpdocs\/wp-json\/wp\/v2\/pages\/738\/revisions\/739"}],"wp:attachment":[{"href":"\/var\/www\/vhosts\/wasser-lexikon.de\/httpdocs\/wp-json\/wp\/v2\/media?parent=738"}],"wp:term":[{"taxonomy":"post_tag","embeddable":true,"href":"\/var\/www\/vhosts\/wasser-lexikon.de\/httpdocs\/wp-json\/wp\/v2\/tags?post=738"}],"curies":[{"name":"wp","href":"https:\/\/api.w.org\/{rel}","templated":true}]}}