{"id":732,"date":"2010-10-02T17:20:08","date_gmt":"2010-10-02T17:20:08","guid":{"rendered":"http:\/\/localhost\/wasserlexikon\/"},"modified":"2010-10-02T17:20:08","modified_gmt":"2010-10-02T17:20:08","slug":"wasserbehorden","status":"publish","type":"page","link":"\/var\/www\/vhosts\/wasser-lexikon.de\/httpdocs\/wasserbehorden\/","title":{"rendered":"Wasserbeh\u00f6rden"},"content":{"rendered":"<div>sind die staatlichen und kommunalen Beh\u00f6rden, in deren Verantwortung der Vollzug der <a href=\"http:\/\/wasserlexikon.de\/wassergesetze\/\">Wassergesetze<\/a> liegt. Oberste <a href=\"http:\/\/www.wasser-lexikon.de\/Wasserbehorden\" class=\"kblinker\" title=\"More about Wasserbeh\u00f6rden &raquo;\">Wasserbeh\u00f6rden<\/a> sind die zust\u00e4ndigen Ministerien der  L\u00e4nder (in Bayern: Bayerisches Staatsministerium f\u00fcr Landesentwicklung  und Umweltfragen), untere Wasserbeh\u00f6rden sind die Landkreise und  kreisfreien St\u00e4dte und \u00f6rtliche Wasserbeh\u00f6rden sind die Kommunen.<\/div>\n<table  class=\" table table-hover\" style=\"width: 90%;\" border=\"0\" cellspacing=\"1\" cellpadding=\"3\">\n<tbody>\n<tr>\n<td><strong><a href=\"http:\/\/wasserlexikon.de\/wasserbehorden\/\" target=\"_self\">Wasser-Lexikon: Wasserbeh\u00f6rden<\/a><\/strong><\/td>\n<\/tr>\n<tr>\n<td><strong><a href=\"http:\/\/wasserlexikon.de\/trinkwasserschutzgebiet\/\" target=\"_self\">Wasser-Lexikon: Trinkwasserschutzgebiet<\/a><\/strong><\/td>\n<\/tr>\n<tr>\n<td><strong><a href=\"http:\/\/wasserlexikon.de\/wasserbuch\/\" target=\"_self\">Wasser-Lexikon: Wasserbuch<\/a><\/strong><\/td>\n<\/tr>\n<tr>\n<td><strong><a href=\"http:\/\/www.wasser-lexikon.de\/\">Wasser-Lexikon: Glossar<\/a><\/strong><\/td>\n<\/tr>\n<\/tbody>\n<\/table>\n","protected":false},"excerpt":{"rendered":"<p>sind die staatlichen und kommunalen Beh\u00f6rden, in deren Verantwortung der Vollzug der Wassergesetze liegt. Oberste Wasserbeh\u00f6rden sind die zust\u00e4ndigen Ministerien der L\u00e4nder (in Bayern: Bayerisches Staatsministerium f\u00fcr Landesentwicklung und Umweltfragen), untere Wasserbeh\u00f6rden sind die Landkreise und kreisfreien St\u00e4dte und \u00f6rtliche Wasserbeh\u00f6rden sind die Kommunen. Wasser-Lexikon: Wasserbeh\u00f6rden Wasser-Lexikon: Trinkwasserschutzgebiet Wasser-Lexikon: Wasserbuch Wasser-Lexikon: Glossar<\/p>\n","protected":false},"author":1,"featured_media":0,"parent":0,"menu_order":0,"comment_status":"closed","ping_status":"closed","template":"","meta":{"footnotes":""},"tags":[],"class_list":["post-732","page","type-page","status-publish","hentry"],"_links":{"self":[{"href":"\/var\/www\/vhosts\/wasser-lexikon.de\/httpdocs\/wp-json\/wp\/v2\/pages\/732","targetHints":{"allow":["GET"]}}],"collection":[{"href":"\/var\/www\/vhosts\/wasser-lexikon.de\/httpdocs\/wp-json\/wp\/v2\/pages"}],"about":[{"href":"\/var\/www\/vhosts\/wasser-lexikon.de\/httpdocs\/wp-json\/wp\/v2\/types\/page"}],"author":[{"embeddable":true,"href":"\/var\/www\/vhosts\/wasser-lexikon.de\/httpdocs\/wp-json\/wp\/v2\/users\/1"}],"replies":[{"embeddable":true,"href":"\/var\/www\/vhosts\/wasser-lexikon.de\/httpdocs\/wp-json\/wp\/v2\/comments?post=732"}],"version-history":[{"count":1,"href":"\/var\/www\/vhosts\/wasser-lexikon.de\/httpdocs\/wp-json\/wp\/v2\/pages\/732\/revisions"}],"predecessor-version":[{"id":733,"href":"\/var\/www\/vhosts\/wasser-lexikon.de\/httpdocs\/wp-json\/wp\/v2\/pages\/732\/revisions\/733"}],"wp:attachment":[{"href":"\/var\/www\/vhosts\/wasser-lexikon.de\/httpdocs\/wp-json\/wp\/v2\/media?parent=732"}],"wp:term":[{"taxonomy":"post_tag","embeddable":true,"href":"\/var\/www\/vhosts\/wasser-lexikon.de\/httpdocs\/wp-json\/wp\/v2\/tags?post=732"}],"curies":[{"name":"wp","href":"https:\/\/api.w.org\/{rel}","templated":true}]}}