{"id":726,"date":"2010-10-02T17:18:56","date_gmt":"2010-10-02T17:18:56","guid":{"rendered":"http:\/\/localhost\/wasserlexikon\/"},"modified":"2010-10-22T13:00:36","modified_gmt":"2010-10-22T13:00:36","slug":"wasser","status":"publish","type":"page","link":"\/var\/www\/vhosts\/wasser-lexikon.de\/httpdocs\/wasser\/","title":{"rendered":"Wasser"},"content":{"rendered":"<div>ist ein nicht ersetzbarer Naturstoff und Urquell allen Lebens auf der  Erde.  Es ist eine <a href=\"http:\/\/www.wasser-lexikon.de\/Geschmack\" class=\"kblinker\" title=\"More about Geschmack &raquo;\">geschmack<\/a>&#8211; und geruchlose, durchsichtig klare und  farblose Fl\u00fcssigkeit, die aus zwei der am h\u00e4ufigsten verbreiteten  Elemente der Natur besteht: Wasserstoff (2 Teile, &#8222;H&#8220; f\u00fcr Hydrogenium) und Sauerstoff (1 Teil, &#8222;O&#8220; f\u00fcr Oxygenium). Nat\u00fcrliches <a href=\"http:\/\/www.wasser-lexikon.de\/Wasser\" class=\"kblinker\" title=\"More about Wasser &raquo;\">Wasser<\/a> enth\u00e4lt neben Schwebstoffen aus mineralischen und organischen Bestandteilen in gel\u00f6ster Form verschieden Gase (z. B. Sauerstoff) und <a href=\"http:\/\/www.wasser-lexikon.de\/Feststoffe\" class=\"kblinker\" title=\"More about Feststoffe &raquo;\">Feststoffe<\/a> (z. B. N\u00e4hrsalze).  Wasser kommt vor z. B. als Oberfl\u00e4chenwasser, Quellwasser, Grundwasser, wird verwendet als Trinkwasser, <a href=\"http:\/\/www.wasser-lexikon.de\/Brauchwasser\" class=\"kblinker\" title=\"More about Brauchwasser &raquo;\">Brauchwasser<\/a>, L\u00f6schwasser, oder aber auch als <a href=\"http:\/\/www.wasser-lexikon.de\/Abwasser\" class=\"kblinker\" title=\"More about Abwasser &raquo;\">Abwasser<\/a> und wird auch aufgrund seiner Inhaltsstoffe als z. B. Mineralwasser, Salzwasser, S\u00fc\u00dfwasser bezeichnet.  71 % der Erdoberfl\u00e4che bestehen aus Wasser. Der gesamte  Wasserschatz der Erde betr\u00e4gt rund 1.386.000.000 Milliarden Kubikmeter  (das entspricht fast 28 Millionen mal dem Inhalt des Bodensees), wovon  nur rund 0,6 % als <a href=\"http:\/\/www.wasser-lexikon.de\/Grundwasser\" class=\"kblinker\" title=\"More about Grundwasser &raquo;\">Grundwasser<\/a> vorhanden ist .<\/div>\n","protected":false},"excerpt":{"rendered":"<p>ist ein nicht ersetzbarer Naturstoff und Urquell allen Lebens auf der Erde. Es ist eine geschmack&#8211; und geruchlose, durchsichtig klare und farblose Fl\u00fcssigkeit, die aus zwei der am h\u00e4ufigsten verbreiteten Elemente der Natur besteht: Wasserstoff (2 Teile, &#8222;H&#8220; f\u00fcr Hydrogenium) und Sauerstoff (1 Teil, &#8222;O&#8220; f\u00fcr Oxygenium). Nat\u00fcrliches Wasser enth\u00e4lt neben Schwebstoffen aus mineralischen und [&hellip;]<\/p>\n","protected":false},"author":1,"featured_media":0,"parent":0,"menu_order":0,"comment_status":"closed","ping_status":"closed","template":"","meta":{"footnotes":""},"tags":[],"class_list":["post-726","page","type-page","status-publish","hentry"],"_links":{"self":[{"href":"\/var\/www\/vhosts\/wasser-lexikon.de\/httpdocs\/wp-json\/wp\/v2\/pages\/726","targetHints":{"allow":["GET"]}}],"collection":[{"href":"\/var\/www\/vhosts\/wasser-lexikon.de\/httpdocs\/wp-json\/wp\/v2\/pages"}],"about":[{"href":"\/var\/www\/vhosts\/wasser-lexikon.de\/httpdocs\/wp-json\/wp\/v2\/types\/page"}],"author":[{"embeddable":true,"href":"\/var\/www\/vhosts\/wasser-lexikon.de\/httpdocs\/wp-json\/wp\/v2\/users\/1"}],"replies":[{"embeddable":true,"href":"\/var\/www\/vhosts\/wasser-lexikon.de\/httpdocs\/wp-json\/wp\/v2\/comments?post=726"}],"version-history":[{"count":3,"href":"\/var\/www\/vhosts\/wasser-lexikon.de\/httpdocs\/wp-json\/wp\/v2\/pages\/726\/revisions"}],"predecessor-version":[{"id":863,"href":"\/var\/www\/vhosts\/wasser-lexikon.de\/httpdocs\/wp-json\/wp\/v2\/pages\/726\/revisions\/863"}],"wp:attachment":[{"href":"\/var\/www\/vhosts\/wasser-lexikon.de\/httpdocs\/wp-json\/wp\/v2\/media?parent=726"}],"wp:term":[{"taxonomy":"post_tag","embeddable":true,"href":"\/var\/www\/vhosts\/wasser-lexikon.de\/httpdocs\/wp-json\/wp\/v2\/tags?post=726"}],"curies":[{"name":"wp","href":"https:\/\/api.w.org\/{rel}","templated":true}]}}