{"id":724,"date":"2010-10-02T17:18:28","date_gmt":"2010-10-02T17:18:28","guid":{"rendered":"http:\/\/localhost\/wasserlexikon\/"},"modified":"2010-10-02T17:18:28","modified_gmt":"2010-10-02T17:18:28","slug":"vorfluter","status":"publish","type":"page","link":"\/var\/www\/vhosts\/wasser-lexikon.de\/httpdocs\/vorfluter\/","title":{"rendered":"Vorfluter"},"content":{"rendered":"<div>ist ein nat\u00fcrliches oder k\u00fcnstliches <a href=\"http:\/\/wasserlexikon.de\/gewasser\/\">Gew\u00e4sser<\/a> (<a href=\"http:\/\/wasserlexikon.de\/wasserlauf\/\"><a href=\"http:\/\/www.wasser-lexikon.de\/Wasserlauf\" class=\"kblinker\" title=\"More about Wasserlauf &raquo;\">Wasserlauf<\/a><\/a>), der <a href=\"http:\/\/wasserlexikon.de\/<a href=\"http:\/\/www.wasser-lexikon.de\/Wasser\" class=\"kblinker\" title=\"More about Wasser &raquo;\">wasser<\/a>\/&#8220;>Wasser<\/a> und <a href=\"http:\/\/wasserlexikon.de\/abwasser\/\"><a href=\"http:\/\/www.wasser-lexikon.de\/Abwasser\" class=\"kblinker\" title=\"More about Abwasser &raquo;\">Abwasser<\/a><\/a> (gereinigt oder ungereinigt) aufnimmt und weiterleitet.<\/div>\n<table  class=\" table table-hover\" style=\"width: 90%;\" border=\"0\" cellspacing=\"1\" cellpadding=\"3\">\n<tbody>\n<tr>\n<td><strong><a href=\"http:\/\/wasserlexikon.de\/vorfluter\/\" target=\"_self\">Wasser-Lexikon: Vorfluter<\/a><\/strong><\/td>\n<\/tr>\n<tr>\n<td><strong><a href=\"http:\/\/wasserlexikon.de\/gewassernutzung\/\" target=\"_self\">Wasser-Lexikon: Gew\u00e4ssernutzung<\/a><\/strong><\/td>\n<\/tr>\n<tr>\n<td><strong><a href=\"http:\/\/wasserlexikon.de\/regenruckhaltebecken\/\" target=\"_self\">Wasser-Lexikon: Regenr\u00fcckhaltebecken<\/a><\/strong><\/td>\n<\/tr>\n<tr>\n<td><strong><a href=\"http:\/\/www.wasser-lexikon.de\/\">Wasser-Lexikon: Glossar<\/a><\/strong><\/td>\n<\/tr>\n<\/tbody>\n<\/table>\n","protected":false},"excerpt":{"rendered":"<p>ist ein nat\u00fcrliches oder k\u00fcnstliches Gew\u00e4sser (Wasserlauf), der<\/p>\n","protected":false},"author":1,"featured_media":0,"parent":0,"menu_order":0,"comment_status":"closed","ping_status":"closed","template":"","meta":{"footnotes":""},"tags":[],"class_list":["post-724","page","type-page","status-publish","hentry"],"_links":{"self":[{"href":"\/var\/www\/vhosts\/wasser-lexikon.de\/httpdocs\/wp-json\/wp\/v2\/pages\/724","targetHints":{"allow":["GET"]}}],"collection":[{"href":"\/var\/www\/vhosts\/wasser-lexikon.de\/httpdocs\/wp-json\/wp\/v2\/pages"}],"about":[{"href":"\/var\/www\/vhosts\/wasser-lexikon.de\/httpdocs\/wp-json\/wp\/v2\/types\/page"}],"author":[{"embeddable":true,"href":"\/var\/www\/vhosts\/wasser-lexikon.de\/httpdocs\/wp-json\/wp\/v2\/users\/1"}],"replies":[{"embeddable":true,"href":"\/var\/www\/vhosts\/wasser-lexikon.de\/httpdocs\/wp-json\/wp\/v2\/comments?post=724"}],"version-history":[{"count":1,"href":"\/var\/www\/vhosts\/wasser-lexikon.de\/httpdocs\/wp-json\/wp\/v2\/pages\/724\/revisions"}],"predecessor-version":[{"id":725,"href":"\/var\/www\/vhosts\/wasser-lexikon.de\/httpdocs\/wp-json\/wp\/v2\/pages\/724\/revisions\/725"}],"wp:attachment":[{"href":"\/var\/www\/vhosts\/wasser-lexikon.de\/httpdocs\/wp-json\/wp\/v2\/media?parent=724"}],"wp:term":[{"taxonomy":"post_tag","embeddable":true,"href":"\/var\/www\/vhosts\/wasser-lexikon.de\/httpdocs\/wp-json\/wp\/v2\/tags?post=724"}],"curies":[{"name":"wp","href":"https:\/\/api.w.org\/{rel}","templated":true}]}}