{"id":718,"date":"2010-10-02T17:17:13","date_gmt":"2010-10-02T17:17:13","guid":{"rendered":"http:\/\/localhost\/wasserlexikon\/"},"modified":"2010-10-02T17:17:13","modified_gmt":"2010-10-02T17:17:13","slug":"versorgungsdruck","status":"publish","type":"page","link":"\/var\/www\/vhosts\/wasser-lexikon.de\/httpdocs\/versorgungsdruck\/","title":{"rendered":"Versorgungsdruck"},"content":{"rendered":"<div>ist der <a href=\"http:\/\/wasserlexikon.de\/druck\/\">Druck<\/a> des <a href=\"http:\/\/wasserlexikon.de\/<a href=\"http:\/\/www.wasser-lexikon.de\/Wasser\" class=\"kblinker\" title=\"More about Wasser &raquo;\">wasser<\/a>\/&#8220;>Wassers<\/a> im <a href=\"http:\/\/wasserlexikon.de\/rohrnetz\/\"><a href=\"http:\/\/www.wasser-lexikon.de\/Rohrnetz\" class=\"kblinker\" title=\"More about Rohrnetz &raquo;\">Rohrnetz<\/a><\/a>, der sich aus der H\u00f6henlage des <a href=\"http:\/\/wasserlexikon.de\/trinkwasserbehalter\/\">Trinkwasserbeh\u00e4lters<\/a> oder der Einstellung einer <a href=\"http:\/\/wasserlexikon.de\/druckerhohungsanlage\/\">Druckerh\u00f6hungsanlage<\/a> bzw. eines Druckminderers ergibt. F\u00fcr die einwandfreie Deckung des  \u00fcblichen Bedarfs ist z. B. f\u00fcr ein Geb\u00e4ude mit Keller-, Erd- und einem  Obergeschoss ein <a href=\"http:\/\/wasserlexikon.de\/versorgungsdruck\/\">Versorgungsdruck<\/a> von 2,5 bar, gemessen unmittelbar vor dem <a href=\"http:\/\/wasserlexikon.de\/wasserzahler\/\">Wasserz\u00e4hler<\/a> im Keller, ausreichend.<\/div>\n<table  class=\" table table-hover\" style=\"width: 90%;\" border=\"0\" cellspacing=\"1\" cellpadding=\"3\">\n<tbody>\n<tr>\n<td><strong><a href=\"http:\/\/wasserlexikon.de\/versorgungsdruck\/\" target=\"_self\">Wasser-Lexikon: Versorgungsdruck<\/a><\/strong><\/td>\n<\/tr>\n<tr>\n<td><strong><a href=\"http:\/\/wasserlexikon.de\/druck\/\" target=\"_self\">Wasser-Lexikon: Druck<\/a><\/strong><\/td>\n<\/tr>\n<tr>\n<td><strong><a href=\"http:\/\/wasserlexikon.de\/trinkwasserbehalter\/\" target=\"_self\">Wasser-Lexikon: Trinkwasserbeh\u00e4lter<\/a><\/strong><\/td>\n<\/tr>\n<tr>\n<td><strong><a href=\"http:\/\/wasserlexikon.de\/druckerhohungsanlage\/\" target=\"_self\">Wasser-Lexikon: Druckerh\u00f6hungsanlage<\/a><\/strong><\/td>\n<\/tr>\n<tr>\n<td><strong><a href=\"http:\/\/www.wasser-lexikon.de\/\">Wasser-Lexikon: Glossar<\/a><\/strong><\/td>\n<\/tr>\n<\/tbody>\n<\/table>\n","protected":false},"excerpt":{"rendered":"<p>ist der Druck des<\/p>\n","protected":false},"author":1,"featured_media":0,"parent":0,"menu_order":0,"comment_status":"closed","ping_status":"closed","template":"","meta":{"footnotes":""},"tags":[],"class_list":["post-718","page","type-page","status-publish","hentry"],"_links":{"self":[{"href":"\/var\/www\/vhosts\/wasser-lexikon.de\/httpdocs\/wp-json\/wp\/v2\/pages\/718","targetHints":{"allow":["GET"]}}],"collection":[{"href":"\/var\/www\/vhosts\/wasser-lexikon.de\/httpdocs\/wp-json\/wp\/v2\/pages"}],"about":[{"href":"\/var\/www\/vhosts\/wasser-lexikon.de\/httpdocs\/wp-json\/wp\/v2\/types\/page"}],"author":[{"embeddable":true,"href":"\/var\/www\/vhosts\/wasser-lexikon.de\/httpdocs\/wp-json\/wp\/v2\/users\/1"}],"replies":[{"embeddable":true,"href":"\/var\/www\/vhosts\/wasser-lexikon.de\/httpdocs\/wp-json\/wp\/v2\/comments?post=718"}],"version-history":[{"count":1,"href":"\/var\/www\/vhosts\/wasser-lexikon.de\/httpdocs\/wp-json\/wp\/v2\/pages\/718\/revisions"}],"predecessor-version":[{"id":719,"href":"\/var\/www\/vhosts\/wasser-lexikon.de\/httpdocs\/wp-json\/wp\/v2\/pages\/718\/revisions\/719"}],"wp:attachment":[{"href":"\/var\/www\/vhosts\/wasser-lexikon.de\/httpdocs\/wp-json\/wp\/v2\/media?parent=718"}],"wp:term":[{"taxonomy":"post_tag","embeddable":true,"href":"\/var\/www\/vhosts\/wasser-lexikon.de\/httpdocs\/wp-json\/wp\/v2\/tags?post=718"}],"curies":[{"name":"wp","href":"https:\/\/api.w.org\/{rel}","templated":true}]}}