{"id":709,"date":"2010-10-02T17:15:22","date_gmt":"2010-10-02T17:15:22","guid":{"rendered":"http:\/\/localhost\/wasserlexikon\/"},"modified":"2010-10-02T17:15:22","modified_gmt":"2010-10-02T17:15:22","slug":"verdunnung","status":"publish","type":"page","link":"\/var\/www\/vhosts\/wasser-lexikon.de\/httpdocs\/verdunnung\/","title":{"rendered":"Verd\u00fcnnung"},"content":{"rendered":"<div>wird der Vorgang genannt, der die Konzentration einer Substanz in einer  L\u00f6sung durch Zugabe eines L\u00f6sungsmittel verringert, z. B. bei der <a href=\"http:\/\/wasserlexikon.de\/abwasserreinigung\/\">Abwasserreinigung<\/a>: Mischung von <a href=\"http:\/\/wasserlexikon.de\/schmutzwasser\/\">Schmutz<\/a>&#8211; mit <a href=\"http:\/\/wasserlexikon.de\/regenwasser\/\"><a href=\"http:\/\/www.wasser-lexikon.de\/Regenwasser\" class=\"kblinker\" title=\"More about Regenwasser &raquo;\">Regenwasser<\/a>. <\/a><\/div>\n<p><a href=\"http:\/\/wasserlexikon.de\/regenwasser\/\"> <\/a> <a href=\"http:\/\/wasserlexikon.de\/regenwasser\/\"> <\/a><\/p>\n<table  class=\" table table-hover\" style=\"width: 90%;\" border=\"0\" cellspacing=\"1\" cellpadding=\"3\">\n<tbody>\n<tr>\n<td><strong><a href=\"http:\/\/wasserlexikon.de\/verdunnung\/\" target=\"_self\">Wasser-Lexikon: Verd\u00fcnnung<\/a><\/strong><\/td>\n<\/tr>\n<tr>\n<td><strong><a href=\"http:\/\/www.wasser-lexikon.de\/\">Wasser-Lexikon: Glossar<\/a><\/strong><\/td>\n<\/tr>\n<\/tbody>\n<\/table>\n","protected":false},"excerpt":{"rendered":"<p>wird der Vorgang genannt, der die Konzentration einer Substanz in einer L\u00f6sung durch Zugabe eines L\u00f6sungsmittel verringert, z. B. bei der Abwasserreinigung: Mischung von Schmutz&#8211; mit Regenwasser. Wasser-Lexikon: Verd\u00fcnnung Wasser-Lexikon: Glossar<\/p>\n","protected":false},"author":1,"featured_media":0,"parent":0,"menu_order":0,"comment_status":"closed","ping_status":"closed","template":"","meta":{"footnotes":""},"tags":[],"class_list":["post-709","page","type-page","status-publish","hentry"],"_links":{"self":[{"href":"\/var\/www\/vhosts\/wasser-lexikon.de\/httpdocs\/wp-json\/wp\/v2\/pages\/709","targetHints":{"allow":["GET"]}}],"collection":[{"href":"\/var\/www\/vhosts\/wasser-lexikon.de\/httpdocs\/wp-json\/wp\/v2\/pages"}],"about":[{"href":"\/var\/www\/vhosts\/wasser-lexikon.de\/httpdocs\/wp-json\/wp\/v2\/types\/page"}],"author":[{"embeddable":true,"href":"\/var\/www\/vhosts\/wasser-lexikon.de\/httpdocs\/wp-json\/wp\/v2\/users\/1"}],"replies":[{"embeddable":true,"href":"\/var\/www\/vhosts\/wasser-lexikon.de\/httpdocs\/wp-json\/wp\/v2\/comments?post=709"}],"version-history":[{"count":1,"href":"\/var\/www\/vhosts\/wasser-lexikon.de\/httpdocs\/wp-json\/wp\/v2\/pages\/709\/revisions"}],"predecessor-version":[{"id":710,"href":"\/var\/www\/vhosts\/wasser-lexikon.de\/httpdocs\/wp-json\/wp\/v2\/pages\/709\/revisions\/710"}],"wp:attachment":[{"href":"\/var\/www\/vhosts\/wasser-lexikon.de\/httpdocs\/wp-json\/wp\/v2\/media?parent=709"}],"wp:term":[{"taxonomy":"post_tag","embeddable":true,"href":"\/var\/www\/vhosts\/wasser-lexikon.de\/httpdocs\/wp-json\/wp\/v2\/tags?post=709"}],"curies":[{"name":"wp","href":"https:\/\/api.w.org\/{rel}","templated":true}]}}