{"id":699,"date":"2010-10-02T17:12:44","date_gmt":"2010-10-02T17:12:44","guid":{"rendered":"http:\/\/localhost\/wasserlexikon\/"},"modified":"2010-10-02T17:12:44","modified_gmt":"2010-10-02T17:12:44","slug":"unterflurhydrant","status":"publish","type":"page","link":"\/var\/www\/vhosts\/wasser-lexikon.de\/httpdocs\/unterflurhydrant\/","title":{"rendered":"Unterflurhydrant"},"content":{"rendered":"<div>ist der am h\u00e4ufigsten in einem Wasserversorgungsnetz eingesetzte <a href=\"http:\/\/wasserlexikon.de\/hydrant\/\">Hydrant<\/a>,  da er bei im Stra\u00dfenbereich verlegten Rohrleitungen den Verkehr nicht  behindert. Er sitzt direkt oben auf der Rohrleitung schlie\u00dft mit der  Gel\u00e4ndeoberkante b\u00fcndig ab. Zur Wasserentnahme mu\u00df ein Hilfsmittel  (Standrohr) aufgesetzt werden.<\/div>\n<table  class=\" table table-hover\" style=\"width: 90%;\" border=\"0\" cellspacing=\"1\" cellpadding=\"3\">\n<tbody>\n<tr>\n<td><strong><a href=\"http:\/\/wasserlexikon.de\/unterflurhydrant\/\" target=\"_self\">Wasser-Lexikon: Unterflurhydrant<\/a><\/strong><\/td>\n<\/tr>\n<tr>\n<td><strong><a href=\"http:\/\/wasserlexikon.de\/hydrant\/\" target=\"_self\">Wasser-Lexikon: Hydrant<\/a><\/strong><\/td>\n<\/tr>\n<tr>\n<td><strong><a href=\"http:\/\/www.wasser-lexikon.de\/\">Wasser-Lexikon: Glossar<\/a><\/strong><\/td>\n<\/tr>\n<\/tbody>\n<\/table>\n","protected":false},"excerpt":{"rendered":"<p>ist der am h\u00e4ufigsten in einem Wasserversorgungsnetz eingesetzte Hydrant, da er bei im Stra\u00dfenbereich verlegten Rohrleitungen den Verkehr nicht behindert. Er sitzt direkt oben auf der Rohrleitung schlie\u00dft mit der Gel\u00e4ndeoberkante b\u00fcndig ab. Zur Wasserentnahme mu\u00df ein Hilfsmittel (Standrohr) aufgesetzt werden. Wasser-Lexikon: Unterflurhydrant Wasser-Lexikon: Hydrant Wasser-Lexikon: Glossar<\/p>\n","protected":false},"author":1,"featured_media":0,"parent":0,"menu_order":0,"comment_status":"closed","ping_status":"closed","template":"","meta":{"footnotes":""},"tags":[],"class_list":["post-699","page","type-page","status-publish","hentry"],"_links":{"self":[{"href":"\/var\/www\/vhosts\/wasser-lexikon.de\/httpdocs\/wp-json\/wp\/v2\/pages\/699","targetHints":{"allow":["GET"]}}],"collection":[{"href":"\/var\/www\/vhosts\/wasser-lexikon.de\/httpdocs\/wp-json\/wp\/v2\/pages"}],"about":[{"href":"\/var\/www\/vhosts\/wasser-lexikon.de\/httpdocs\/wp-json\/wp\/v2\/types\/page"}],"author":[{"embeddable":true,"href":"\/var\/www\/vhosts\/wasser-lexikon.de\/httpdocs\/wp-json\/wp\/v2\/users\/1"}],"replies":[{"embeddable":true,"href":"\/var\/www\/vhosts\/wasser-lexikon.de\/httpdocs\/wp-json\/wp\/v2\/comments?post=699"}],"version-history":[{"count":1,"href":"\/var\/www\/vhosts\/wasser-lexikon.de\/httpdocs\/wp-json\/wp\/v2\/pages\/699\/revisions"}],"predecessor-version":[{"id":700,"href":"\/var\/www\/vhosts\/wasser-lexikon.de\/httpdocs\/wp-json\/wp\/v2\/pages\/699\/revisions\/700"}],"wp:attachment":[{"href":"\/var\/www\/vhosts\/wasser-lexikon.de\/httpdocs\/wp-json\/wp\/v2\/media?parent=699"}],"wp:term":[{"taxonomy":"post_tag","embeddable":true,"href":"\/var\/www\/vhosts\/wasser-lexikon.de\/httpdocs\/wp-json\/wp\/v2\/tags?post=699"}],"curies":[{"name":"wp","href":"https:\/\/api.w.org\/{rel}","templated":true}]}}