{"id":684,"date":"2010-10-02T15:58:16","date_gmt":"2010-10-02T15:58:16","guid":{"rendered":"http:\/\/localhost\/wasserlexikon\/"},"modified":"2010-10-02T15:58:16","modified_gmt":"2010-10-02T15:58:16","slug":"trinkwasserversorgung","status":"publish","type":"page","link":"\/var\/www\/vhosts\/wasser-lexikon.de\/httpdocs\/trinkwasserversorgung\/","title":{"rendered":"Trinkwasserversorgung"},"content":{"rendered":"<div>(siehe <a href=\"http:\/\/wasserlexikon.de\/offentliche-wasserversorgung\/\">\u00f6ffentliche Wasserversorgung<\/a>).<\/div>\n<table  class=\" table table-hover\" style=\"width: 90%;\" border=\"0\" cellspacing=\"1\" cellpadding=\"3\">\n<tbody>\n<tr>\n<td><strong><a href=\"http:\/\/wasserlexikon.de\/trinkwasserverordnung\/\" target=\"_self\">Wasser-Lexikon: Trinkwasserverordnung<\/a><\/strong><\/td>\n<\/tr>\n<tr>\n<td><strong><a href=\"http:\/\/wasserlexikon.de\/trinkwasserversorgung\/\" target=\"_self\">Wasser-Lexikon: Trinkwasserversorgung<\/a><\/strong><\/td>\n<\/tr>\n<tr>\n<td><strong><a href=\"http:\/\/wasserlexikon.de\/trinkwasser\/\" target=\"_self\">Wasser-Lexikon: Trinkwasser<\/a><\/strong><\/td>\n<\/tr>\n<tr>\n<td><strong><a href=\"http:\/\/wasserlexikon.de\/ph-wert\/\" target=\"_self\">Wasser-Lexikon: pH-Wert<\/a><\/strong><\/td>\n<\/tr>\n<tr>\n<td><strong><a href=\"http:\/\/wasserlexikon.de\/grenzwerte\/\" target=\"_self\">Wasser-Lexikon: Grenzwerte<\/a><\/strong><\/td>\n<\/tr>\n<tr>\n<td><strong><a href=\"http:\/\/wasserlexikon.de\/bundesseuchengesetz\/\" target=\"_self\">Wasser-Lexikon: Bundesseuchengesetz<\/a><\/strong><\/td>\n<\/tr>\n<tr>\n<td><strong><a href=\"http:\/\/wasserlexikon.de\/infektionsschutzgesetz\/\" target=\"_self\">Wasser-Lexikon: Infektionsschutzgesetz<\/a><\/strong><\/td>\n<\/tr>\n<tr>\n<td><strong><a href=\"http:\/\/wasserlexikon.de\/din-2000\/\" target=\"_self\">Wasser-Lexikon: DIN2000<\/a><\/strong><\/td>\n<\/tr>\n<tr>\n<td><strong><a href=\"http:\/\/wasserlexikon.de\/lebensmittelgesetz\/\" target=\"_self\">Wasser-Lexikon: Lebensmittelgesetz<\/a><\/strong><\/td>\n<\/tr>\n<tr>\n<td><strong><a href=\"http:\/\/wasserlexikon.de\/verordnung-uber-trinkwasser-und-uber-wasser-fur-lebensmittelbetriebe\/\" target=\"_self\">Wasser-Lexikon: Verordnung\u00fcberTrinkwasserund\u00fcberWasserf\u00fcrLebensmittelbetriebe<\/a><\/strong><\/td>\n<\/tr>\n<\/tbody>\n<\/table>\n","protected":false},"excerpt":{"rendered":"<p>(siehe \u00f6ffentliche Wasserversorgung). Wasser-Lexikon: Trinkwasserverordnung Wasser-Lexikon: Trinkwasserversorgung Wasser-Lexikon: Trinkwasser Wasser-Lexikon: pH-Wert Wasser-Lexikon: Grenzwerte Wasser-Lexikon: Bundesseuchengesetz Wasser-Lexikon: Infektionsschutzgesetz Wasser-Lexikon: DIN2000 Wasser-Lexikon: Lebensmittelgesetz Wasser-Lexikon: Verordnung\u00fcberTrinkwasserund\u00fcberWasserf\u00fcrLebensmittelbetriebe<\/p>\n","protected":false},"author":1,"featured_media":0,"parent":0,"menu_order":0,"comment_status":"closed","ping_status":"closed","template":"","meta":{"footnotes":""},"tags":[],"class_list":["post-684","page","type-page","status-publish","hentry"],"_links":{"self":[{"href":"\/var\/www\/vhosts\/wasser-lexikon.de\/httpdocs\/wp-json\/wp\/v2\/pages\/684","targetHints":{"allow":["GET"]}}],"collection":[{"href":"\/var\/www\/vhosts\/wasser-lexikon.de\/httpdocs\/wp-json\/wp\/v2\/pages"}],"about":[{"href":"\/var\/www\/vhosts\/wasser-lexikon.de\/httpdocs\/wp-json\/wp\/v2\/types\/page"}],"author":[{"embeddable":true,"href":"\/var\/www\/vhosts\/wasser-lexikon.de\/httpdocs\/wp-json\/wp\/v2\/users\/1"}],"replies":[{"embeddable":true,"href":"\/var\/www\/vhosts\/wasser-lexikon.de\/httpdocs\/wp-json\/wp\/v2\/comments?post=684"}],"version-history":[{"count":1,"href":"\/var\/www\/vhosts\/wasser-lexikon.de\/httpdocs\/wp-json\/wp\/v2\/pages\/684\/revisions"}],"predecessor-version":[{"id":685,"href":"\/var\/www\/vhosts\/wasser-lexikon.de\/httpdocs\/wp-json\/wp\/v2\/pages\/684\/revisions\/685"}],"wp:attachment":[{"href":"\/var\/www\/vhosts\/wasser-lexikon.de\/httpdocs\/wp-json\/wp\/v2\/media?parent=684"}],"wp:term":[{"taxonomy":"post_tag","embeddable":true,"href":"\/var\/www\/vhosts\/wasser-lexikon.de\/httpdocs\/wp-json\/wp\/v2\/tags?post=684"}],"curies":[{"name":"wp","href":"https:\/\/api.w.org\/{rel}","templated":true}]}}