{"id":682,"date":"2004-04-09T15:57:41","date_gmt":"2004-04-09T15:57:41","guid":{"rendered":"http:\/\/localhost\/wasserlexikon\/"},"modified":"2012-04-20T15:24:04","modified_gmt":"2012-04-20T14:24:04","slug":"trinkwasserverordnung","status":"publish","type":"page","link":"\/var\/www\/vhosts\/wasser-lexikon.de\/httpdocs\/trinkwasserverordnung\/","title":{"rendered":"Trinkwasserverordnung"},"content":{"rendered":"<div>Die <a href=\"http:\/\/www.wasser-lexikon.de\/Trinkwasserverordnung\" class=\"kblinker\" title=\"More about Trinkwasserverordnung &raquo;\">Trinkwasserverordnung<\/a> ist eine auf der Grundlage des <a href=\"http:\/\/wasserlexikon.de\/bundesseuchengesetz\/\">Bundesseuchengesetz<\/a>es und des Lebensmittel- und Bedarfsgegenst\u00e4ndegesetzes erlassene Verordnung \u00fcber <a href=\"http:\/\/wasserlexikon.de\/trinkwasser\/\"><a href=\"http:\/\/www.wasser-lexikon.de\/Trinkwasser\" class=\"kblinker\" title=\"More about Trinkwasser &raquo;\">Trinkwasser<\/a><\/a> und \u00fcber <a href=\"http:\/\/wasserlexikon.de\/<a href=\"http:\/\/www.wasser-lexikon.de\/Wasser\" class=\"kblinker\" title=\"More about Wasser &raquo;\">wasser<\/a>\/&#8220;>Wasser<\/a> f\u00fcr Lebensmittelbetriebe -TrinkwV- vom 05.12.1990 (BGBl I, S. 1612),  die u. a. Bestimmungen \u00fcber die Beschaffenheit des Trinkwassers, die  Pflichten des Unternehmers oder sonstige Betreibers einer <a href=\"http:\/\/wasserlexikon.de\/wasserversorgungsanlage\/\">Wasserversorgungsanlage<\/a>, die \u00dcberwachung durch das Gesundheitsamt, <a href=\"http:\/\/wasserlexikon.de\/grenzwerte\/\"><a href=\"http:\/\/www.wasser-lexikon.de\/Grenzwerte\" class=\"kblinker\" title=\"More about Grenzwerte &raquo;\">Grenzwerte<\/a><\/a> f\u00fcr gesundheitssch\u00e4dliche chemische Stoffe, Angaben \u00fcber chemische und  bakteriologische Untersuchungsverfahren sowie Angaben \u00fcber Art und  H\u00e4ufigkeit von <a href=\"http:\/\/wasserlexikon.de\/wasseruntersuchungen\/\">Wasseruntersuchungen<\/a> enth\u00e4lt.<\/p>\n<p>&nbsp;<\/p>\n<p>&nbsp;<\/p>\n<p>Die Trinkwasserverordnung aus dem Jahr 2001 musste in einigen Punkten an neuere Entwicklungen angepasst werden. Die ge\u00e4nderte Trinkwasserverordnung tritt am 1. November 2011 in Kraft.<\/p>\n<\/div>\n<div>\n<p>Erstmalig wird ein Grenzwert f\u00fcr Uran im Trinkwasser mit 0,010 Milligramm (= 10 Mikrogramm) pro Liter festgelegt. Der Grenzwert f\u00fcr das Schwermetall <a href=\"http:\/\/www.wasser-lexikon.de\/Cadmium\" class=\"kblinker\" title=\"More about Cadmium &raquo;\">Cadmium<\/a> von 0,005 auf 0,003 Milligramm (= 3 Mikrogramm) pro Liter Trinkwasser gesenkt. Ab Dezember 2013 gilt der versch\u00e4rfte <a href=\"http:\/\/www.wasser-lexikon.de\/Blei\" class=\"kblinker\" title=\"More about Blei &raquo;\">Blei<\/a>-Grenzwert von 0,010 Milligramm (= 10 Mikrogramm) pro Liter Trinkwasser. Die Verordnung verpflichtet zeitgleich die Anlageninhaber die Verbraucherinnen und Verbraucher \u00fcber das Vorhandensein von Blei als Werkstoff in der Trinkwasserverteilung zu informieren. Dies k\u00f6nnen Hausanschlussleitungen des Wasserversorgungsunternehmens aus Blei sein wie auch Trinkwasser-Installationen in Geb\u00e4uden, die insbesondere bei Altbauten Teile aus Blei enthalten k\u00f6nnen.<\/p>\n<p>Es gibt f\u00fcr den Parameter <a href=\"http:\/\/www.wasser-lexikon.de\/Legionellen\" class=\"kblinker\" title=\"More about Legionellen &raquo;\">Legionellen<\/a> umfassende neue Regelungen, die einen technischen Ma\u00dfnahmenwert (100 Legionellen pro 100 Milliliter Trinkwasser) einf\u00fchren und im Bedarfsfall eine Ortsbesichtigung der betroffenen Trinkwasser-Installation und eine Gef\u00e4hrdungsanalyse vorschreiben. F\u00fcr Wohnungseigent\u00fcmer wurde die j\u00e4hrliche <a href=\"http:\/\/www.trinkwasseraufbereitung.com\/produkte\/produkt-info\/legionellen-test\" target=\"_blank\">Untersuchungspflicht auf Legionellen<\/a> eingef\u00fchrt. Betroffen sind Warmwasser-Installationen mit mehr als 400 Liter Speichervolumen und\/oder Warmwasserleitungen mit mehr als drei Liter Inhalt zwischen dem Trinkwassererw\u00e4rmer und der Entnahmestelle, was einer Leitungsl\u00e4nge von ca. 2-3m entspricht. Betroffen sind somit praktisch alle zentralen Warmwasserversorgungsanlagen in Mehrfamilienh\u00e4usern.<\/p>\n<p>F\u00fcr die Trinkwasser-Installation in Geb\u00e4uden fordern die neuen Vorschriften explizit den Einsatz von geeigneten Sicherungseinrichtungen beim Anschluss von Apparaten an die Trinkwasser-Installation (z.B. Zahnarztpraxen, Lebensmittelbetriebe) oder bei der Verbindung mit Nicht-Trinkwasser-Anlagen (z.B. Wasser-Nachspeisung von Heizungsanlagen). Bei Nichtbeachtung droht hier ein Bu\u00dfgeld. Werden durch die Nichtbeachtung <a href=\"http:\/\/www.wasser-lexikon.de\/Krankheitserreger\" class=\"kblinker\" title=\"More about Krankheitserreger &raquo;\">Krankheitserreger<\/a> im Sinne des Infektionsschutzgesetzes verbreitet, kann dies sogar strafrechtlich verfolgt werden.<\/p>\n<p>Die ge\u00e4nderte Verordnung erh\u00f6ht die Flexibilit\u00e4t der Gesundheits\u00e4mter bei der \u00dcberwachung des Trinkwassers aus Eigenversorgungsanlagen (sog. privaten \u201e<a href=\"http:\/\/www.wasser-test.net\/html\/index.aspx?cn=Wasser-Test&amp;view=detail&amp;detail=2&amp;mid=264&amp;cat=264&amp;hl=Bakterien-Test%3A%20Bakterien%20im%20Wasser&amp;page_url=Shop\">Hausbrunnen<\/a>\u201c). Dies gilt insbesondere f\u00fcr nicht gesundheitsrelevante Abweichungen von den Anforderungen. F\u00fcr die Betreiber aller Wasserversorgungsanlagen wurden die Anzeigepflichten erheblich reduziert, was auch zu Entlastungen bei den zust\u00e4ndigen Gesundheits\u00e4mtern f\u00fchren wird.<\/p>\n<\/div>\n<table  class=\" table table-hover\" style=\"width: 90%;\" border=\"0\" cellspacing=\"1\" cellpadding=\"3\">\n<tbody>\n<tr>\n<td><strong><a href=\"http:\/\/wasserlexikon.de\/trinkwasserverordnung\/\" target=\"_self\">Wasser-Lexikon: Trinkwasserverordnung<\/a><\/strong><\/td>\n<\/tr>\n<tr>\n<td><strong><a href=\"http:\/\/wasserlexikon.de\/trinkwasserversorgung\/\" target=\"_self\">Wasser-Lexikon: Trinkwasserversorgung<\/a><\/strong><\/td>\n<\/tr>\n<tr>\n<td><strong><a href=\"http:\/\/wasserlexikon.de\/trinkwasser\/\" target=\"_self\">Wasser-Lexikon: Trinkwasser<\/a><\/strong><\/td>\n<\/tr>\n<tr>\n<td><strong><a href=\"http:\/\/wasserlexikon.de\/ph-wert\/\" target=\"_self\">Wasser-Lexikon: pH-Wert<\/a><\/strong><\/td>\n<\/tr>\n<tr>\n<td><strong><a href=\"http:\/\/wasserlexikon.de\/grenzwerte\/\" target=\"_self\">Wasser-Lexikon: Grenzwerte<\/a><\/strong><\/td>\n<\/tr>\n<tr>\n<td><strong><a href=\"http:\/\/wasserlexikon.de\/bundesseuchengesetz\/\" target=\"_self\">Wasser-Lexikon: Bundesseuchengesetz<\/a><\/strong><\/td>\n<\/tr>\n<tr>\n<td><strong><a href=\"http:\/\/wasserlexikon.de\/infektionsschutzgesetz\/\" target=\"_self\">Wasser-Lexikon: Infektionsschutzgesetz<\/a><\/strong><\/td>\n<\/tr>\n<tr>\n<td><strong><a href=\"http:\/\/wasserlexikon.de\/din-2000\/\" target=\"_self\">Wasser-Lexikon: DIN2000<\/a><\/strong><\/td>\n<\/tr>\n<tr>\n<td><strong><a href=\"http:\/\/wasserlexikon.de\/lebensmittelgesetz\/\" target=\"_self\">Wasser-Lexikon: Lebensmittelgesetz<\/a><\/strong><\/td>\n<\/tr>\n<tr>\n<td><strong><a href=\"http:\/\/wasserlexikon.de\/verordnung-uber-trinkwasser-und-uber-wasser-fur-lebensmittelbetriebe\/\" target=\"_self\">Wasser-Lexikon: Verordnung\u00fcberTrinkwasserund\u00fcberWasserf\u00fcrLebensmittelbetriebe<\/a><\/strong><\/td>\n<\/tr>\n<\/tbody>\n<\/table>\n","protected":false},"excerpt":{"rendered":"<p>Die Trinkwasserverordnung ist eine auf der Grundlage des Bundesseuchengesetzes und des Lebensmittel- und Bedarfsgegenst\u00e4ndegesetzes erlassene Verordnung \u00fcber Trinkwasser und \u00fcber<\/p>\n","protected":false},"author":1,"featured_media":0,"parent":0,"menu_order":0,"comment_status":"closed","ping_status":"closed","template":"","meta":{"footnotes":""},"tags":[],"class_list":["post-682","page","type-page","status-publish","hentry"],"_links":{"self":[{"href":"\/var\/www\/vhosts\/wasser-lexikon.de\/httpdocs\/wp-json\/wp\/v2\/pages\/682","targetHints":{"allow":["GET"]}}],"collection":[{"href":"\/var\/www\/vhosts\/wasser-lexikon.de\/httpdocs\/wp-json\/wp\/v2\/pages"}],"about":[{"href":"\/var\/www\/vhosts\/wasser-lexikon.de\/httpdocs\/wp-json\/wp\/v2\/types\/page"}],"author":[{"embeddable":true,"href":"\/var\/www\/vhosts\/wasser-lexikon.de\/httpdocs\/wp-json\/wp\/v2\/users\/1"}],"replies":[{"embeddable":true,"href":"\/var\/www\/vhosts\/wasser-lexikon.de\/httpdocs\/wp-json\/wp\/v2\/comments?post=682"}],"version-history":[{"count":11,"href":"\/var\/www\/vhosts\/wasser-lexikon.de\/httpdocs\/wp-json\/wp\/v2\/pages\/682\/revisions"}],"predecessor-version":[{"id":1273,"href":"\/var\/www\/vhosts\/wasser-lexikon.de\/httpdocs\/wp-json\/wp\/v2\/pages\/682\/revisions\/1273"}],"wp:attachment":[{"href":"\/var\/www\/vhosts\/wasser-lexikon.de\/httpdocs\/wp-json\/wp\/v2\/media?parent=682"}],"wp:term":[{"taxonomy":"post_tag","embeddable":true,"href":"\/var\/www\/vhosts\/wasser-lexikon.de\/httpdocs\/wp-json\/wp\/v2\/tags?post=682"}],"curies":[{"name":"wp","href":"https:\/\/api.w.org\/{rel}","templated":true}]}}