{"id":679,"date":"2010-10-02T15:56:50","date_gmt":"2010-10-02T15:56:50","guid":{"rendered":"http:\/\/localhost\/wasserlexikon\/"},"modified":"2010-10-22T12:54:36","modified_gmt":"2010-10-22T12:54:36","slug":"trinkwasserschutzgebiet","status":"publish","type":"page","link":"\/var\/www\/vhosts\/wasser-lexikon.de\/httpdocs\/trinkwasserschutzgebiet\/","title":{"rendered":"Trinkwasserschutzgebiet"},"content":{"rendered":"<div>dient dem gezielten \u00f6rtlichen Schutz des <a href=\"http:\/\/wasserlexikon.de\/trinkwasser\/\">Trinkwassers<\/a> vor bakteriellen Belastungen und besonderen Gefahrenherden und besteht im allgemeinen aus dem <a href=\"http:\/\/wasserlexikon.de\/fassungsbereich\/\"><a href=\"http:\/\/www.wasser-lexikon.de\/Fassungsbereich\" class=\"kblinker\" title=\"More about Fassungsbereich &raquo;\">Fassungsbereich<\/a><\/a>, der engeren und der weiteren <a href=\"http:\/\/wasserlexikon.de\/schutzzone\/\"><a href=\"http:\/\/www.wasser-lexikon.de\/Schutzzone\" class=\"kblinker\" title=\"More about Schutzzone &raquo;\">Schutzzone<\/a><\/a>,  f\u00fcr die bestimmte Einschr\u00e4nkungen und Verbote gelten. Die Zonen, deren  Gr\u00f6\u00dfe sich nach den geologischen und hydrologischen Verh\u00e4ltnissen  richten, werden in jedem Einzelfall unter Ber\u00fccksichtigung der  unterschiedlichen \u00f6rtlichen Voraussetzungen von Fachleuten der <a href=\"http:\/\/wasserlexikon.de\/wasserbehorden\/\">Wasserbeh\u00f6rden<\/a> festgesetzt und umfassen grunds\u00e4tzlich das gesamte <a href=\"http:\/\/wasserlexikon.de\/wassereinzugsgebiet\/\">Wassereinzugsgebiet<\/a> einer <a href=\"http:\/\/wasserlexikon.de\/trinkwassergewinnung\/\">Trinkwassergewinnungsanlage<\/a>. Rechtsgrundlagen f\u00fcr <a href=\"http:\/\/www.wasser-lexikon.de\/Wasser\" class=\"kblinker\" title=\"More about Wasser &raquo;\">Wasser<\/a>schutzgebiete sind das <a href=\"http:\/\/wasserlexikon.de\/wasserhaushaltsgesetz\/\">Wasserhaushaltsgesetz<\/a> des Bundes sowie die <a href=\"http:\/\/wasserlexikon.de\/wassergesetze\/\">Wassergesetze<\/a> der Bundesl\u00e4nder .<\/div>\n<table  class=\" table table-hover\" style=\"width: 90%;\" border=\"0\" cellspacing=\"1\" cellpadding=\"3\">\n<tbody>\n<tr>\n<td><strong><a href=\"http:\/\/wasserlexikon.de\/trinkwasserschutzgebiet\/\" target=\"_self\">Wasser-Lexikon: Trinkwasserschutzgebiet<\/a><\/strong><\/td>\n<\/tr>\n<tr>\n<td><strong><a href=\"http:\/\/wasserlexikon.de\/trinkwasser\/\" target=\"_self\">Wasser-Lexikon: Trinkwasser<\/a><\/strong><\/td>\n<\/tr>\n<tr>\n<td><strong><a href=\"http:\/\/wasserlexikon.de\/trinkwasserverordnung\/\" target=\"_self\">Wasser-Lexikon: Trinkwasserverordnung<\/a><\/strong><\/td>\n<\/tr>\n<tr>\n<td><strong><a href=\"http:\/\/wasserlexikon.de\/schutzzone\/\" target=\"_self\">Wasser-Lexikon: Schutzzone<\/a><\/strong><\/td>\n<\/tr>\n<tr>\n<td><strong><a href=\"http:\/\/wasserlexikon.de\/fassungsbereich\/\" target=\"_self\">Wasser-Lexikon: Fassungsbereich<\/a><\/strong><\/td>\n<\/tr>\n<tr>\n<td><strong><a href=\"http:\/\/wasserlexikon.de\/schutzgebiet\/\" target=\"_self\">Wasser-Lexikon: Schutzgebiet<\/a><\/strong><\/td>\n<\/tr>\n<tr>\n<td><strong><a href=\"http:\/\/wasserlexikon.de\/wasserschutzgebiet\/\" target=\"_self\">Wasser-Lexikon: Wasserschutzgebiet<\/a><\/strong><\/td>\n<\/tr>\n<tr>\n<td><strong><a href=\"http:\/\/wasserlexikon.de\/enthartung\/\" target=\"_self\">Wasser-Lexikon: Enth\u00e4rtung<\/a><\/strong><\/td>\n<\/tr>\n<tr>\n<td><strong><a href=\"http:\/\/wasserlexikon.de\/trinkwasserqualitat\/\" target=\"_self\">Wasser-Lexikon: Trinkwasserqualit\u00e4t<\/a><\/strong><\/td>\n<\/tr>\n<tr>\n<td><strong><a href=\"http:\/\/wasserlexikon.de\/wasserforderung\/\" target=\"_self\">Wasser-Lexikon: Wasserf\u00f6rderung<\/a><\/strong><\/td>\n<\/tr>\n<\/tbody>\n<\/table>\n","protected":false},"excerpt":{"rendered":"<p>dient dem gezielten \u00f6rtlichen Schutz des Trinkwassers vor bakteriellen Belastungen und besonderen Gefahrenherden und besteht im allgemeinen aus dem Fassungsbereich, der engeren und der weiteren Schutzzone, f\u00fcr die bestimmte Einschr\u00e4nkungen und Verbote gelten. Die Zonen, deren Gr\u00f6\u00dfe sich nach den geologischen und hydrologischen Verh\u00e4ltnissen richten, werden in jedem Einzelfall unter Ber\u00fccksichtigung der unterschiedlichen \u00f6rtlichen Voraussetzungen [&hellip;]<\/p>\n","protected":false},"author":1,"featured_media":0,"parent":0,"menu_order":0,"comment_status":"closed","ping_status":"closed","template":"","meta":{"footnotes":""},"tags":[],"class_list":["post-679","page","type-page","status-publish","hentry"],"_links":{"self":[{"href":"\/var\/www\/vhosts\/wasser-lexikon.de\/httpdocs\/wp-json\/wp\/v2\/pages\/679","targetHints":{"allow":["GET"]}}],"collection":[{"href":"\/var\/www\/vhosts\/wasser-lexikon.de\/httpdocs\/wp-json\/wp\/v2\/pages"}],"about":[{"href":"\/var\/www\/vhosts\/wasser-lexikon.de\/httpdocs\/wp-json\/wp\/v2\/types\/page"}],"author":[{"embeddable":true,"href":"\/var\/www\/vhosts\/wasser-lexikon.de\/httpdocs\/wp-json\/wp\/v2\/users\/1"}],"replies":[{"embeddable":true,"href":"\/var\/www\/vhosts\/wasser-lexikon.de\/httpdocs\/wp-json\/wp\/v2\/comments?post=679"}],"version-history":[{"count":3,"href":"\/var\/www\/vhosts\/wasser-lexikon.de\/httpdocs\/wp-json\/wp\/v2\/pages\/679\/revisions"}],"predecessor-version":[{"id":844,"href":"\/var\/www\/vhosts\/wasser-lexikon.de\/httpdocs\/wp-json\/wp\/v2\/pages\/679\/revisions\/844"}],"wp:attachment":[{"href":"\/var\/www\/vhosts\/wasser-lexikon.de\/httpdocs\/wp-json\/wp\/v2\/media?parent=679"}],"wp:term":[{"taxonomy":"post_tag","embeddable":true,"href":"\/var\/www\/vhosts\/wasser-lexikon.de\/httpdocs\/wp-json\/wp\/v2\/tags?post=679"}],"curies":[{"name":"wp","href":"https:\/\/api.w.org\/{rel}","templated":true}]}}