{"id":673,"date":"2010-10-02T15:54:58","date_gmt":"2010-10-02T15:54:58","guid":{"rendered":"http:\/\/localhost\/wasserlexikon\/"},"modified":"2010-10-02T15:54:58","modified_gmt":"2010-10-02T15:54:58","slug":"trinkwasserbehalter","status":"publish","type":"page","link":"\/var\/www\/vhosts\/wasser-lexikon.de\/httpdocs\/trinkwasserbehalter\/","title":{"rendered":"Trinkwasserbeh\u00e4lter"},"content":{"rendered":"<div>dienen der <a href=\"http:\/\/wasserlexikon.de\/wasserversorgung\/\">Wasserversorgung<\/a> und haben die Aufgabe, die  erforderlichen Wassermengen zu speichern,  um damit den Unterschied zwischen wasserzuflu\u00df und -entnahme  auszugleichen und die sich daraus ergebenden jeweiligen  Tagesausgleichsmengen bereitzustellen, die Spitzenentnahmen am Tag des  maximalen <a href=\"http:\/\/wasserlexikon.de\/wasserbedarf\/\">Wasserbedarfs<\/a> abzudecken, eine Sicherheitsreserve bereitzuhalten, den im <a href=\"http:\/\/wasserlexikon.de\/rohrnetz\/\"><a href=\"http:\/\/www.wasser-lexikon.de\/Rohrnetz\" class=\"kblinker\" title=\"More about Rohrnetz &raquo;\">Rohrnetz<\/a><\/a> erforderlichen <a href=\"http:\/\/wasserlexikon.de\/versorgungsdruck\/\">Versorgungsdruck<\/a> sicherzustellen und eine Reserve f\u00fcr <a href=\"http:\/\/wasserlexikon.de\/loschwasser\/\">L\u00f6schwasser<\/a> vorzuhalten. Unterschieden werden <a href=\"http:\/\/wasserlexikon.de\/hochbehalter\/\">Hochbeh\u00e4lter<\/a>, <a href=\"http:\/\/wasserlexikon.de\/tiefbehalter\/\">Tiefbeh\u00e4lter<\/a>, <a href=\"http:\/\/wasserlexikon.de\/durchlaufbehalter\/\">Durchlaufbeh\u00e4lter<\/a> und <a href=\"http:\/\/wasserlexikon.de\/gegenbehalter\/\">Gegenbeh\u00e4lter<\/a>.<\/div>\n<table  class=\" table table-hover\" style=\"width: 90%;\" border=\"0\" cellspacing=\"1\" cellpadding=\"3\">\n<tbody>\n<tr>\n<td><strong><a href=\"http:\/\/wasserlexikon.de\/trinkwasserbehalter\/\" target=\"_self\">Wasser-Lexikon: Trinkwasserbeh\u00e4lter<\/a><\/strong><\/td>\n<\/tr>\n<tr>\n<td><strong><a href=\"http:\/\/wasserlexikon.de\/trinkwasseraufbereitung\/\" target=\"_self\">Wasser-Lexikon: Trinkwasseraufbereitung<\/a><\/strong><\/td>\n<\/tr>\n<tr>\n<td><strong><a href=\"http:\/\/wasserlexikon.de\/hochbehalter\/\" target=\"_self\">Wasser-Lexikon: Hochbeh\u00e4lter<\/a><\/strong><\/td>\n<\/tr>\n<tr>\n<td><strong><a href=\"http:\/\/wasserlexikon.de\/versorgungsdruck\/\" target=\"_self\">Wasser-Lexikon: Versorgungsdruck<\/a><\/strong><\/td>\n<\/tr>\n<tr>\n<td><strong><a href=\"http:\/\/wasserlexikon.de\/tiefbehalter\/\" target=\"_self\">Wasser-Lexikon: Tiefbeh\u00e4lter<\/a><\/strong><\/td>\n<\/tr>\n<tr>\n<td><strong><a href=\"http:\/\/wasserlexikon.de\/durchlaufbehalter\/\" target=\"_self\">Wasser-Lexikon: Durchlaufbeh\u00e4lter<\/a><\/strong><\/td>\n<\/tr>\n<tr>\n<td><strong><a href=\"http:\/\/wasserlexikon.de\/gegenbehalter\/\" target=\"_self\">Wasser-Lexikon: Gegenbeh\u00e4lter<\/a><\/strong><\/td>\n<\/tr>\n<tr>\n<td><strong><a href=\"http:\/\/wasserlexikon.de\/wasserturm\/\" target=\"_self\">Wasser-Lexikon: Wasserturm<\/a><\/strong><\/td>\n<\/tr>\n<tr>\n<td><strong><a href=\"http:\/\/wasserlexikon.de\/druckerhohungsanlage\/\" target=\"_self\">Wasser-Lexikon: Druckerh\u00f6hungsanlage<\/a><\/strong><\/td>\n<\/tr>\n<tr>\n<td><strong><a href=\"http:\/\/www.wasser-lexikon.de\/\">Wasser-Lexikon: Glossar<\/a><\/strong><\/td>\n<\/tr>\n<\/tbody>\n<\/table>\n","protected":false},"excerpt":{"rendered":"<p>dienen der Wasserversorgung und haben die Aufgabe, die erforderlichen Wassermengen zu speichern, um damit den Unterschied zwischen wasserzuflu\u00df und -entnahme auszugleichen und die sich daraus ergebenden jeweiligen Tagesausgleichsmengen bereitzustellen, die Spitzenentnahmen am Tag des maximalen Wasserbedarfs abzudecken, eine Sicherheitsreserve bereitzuhalten, den im Rohrnetz erforderlichen Versorgungsdruck sicherzustellen und eine Reserve f\u00fcr L\u00f6schwasser vorzuhalten. Unterschieden werden Hochbeh\u00e4lter, [&hellip;]<\/p>\n","protected":false},"author":1,"featured_media":0,"parent":0,"menu_order":0,"comment_status":"closed","ping_status":"closed","template":"","meta":{"footnotes":""},"tags":[],"class_list":["post-673","page","type-page","status-publish","hentry"],"_links":{"self":[{"href":"\/var\/www\/vhosts\/wasser-lexikon.de\/httpdocs\/wp-json\/wp\/v2\/pages\/673","targetHints":{"allow":["GET"]}}],"collection":[{"href":"\/var\/www\/vhosts\/wasser-lexikon.de\/httpdocs\/wp-json\/wp\/v2\/pages"}],"about":[{"href":"\/var\/www\/vhosts\/wasser-lexikon.de\/httpdocs\/wp-json\/wp\/v2\/types\/page"}],"author":[{"embeddable":true,"href":"\/var\/www\/vhosts\/wasser-lexikon.de\/httpdocs\/wp-json\/wp\/v2\/users\/1"}],"replies":[{"embeddable":true,"href":"\/var\/www\/vhosts\/wasser-lexikon.de\/httpdocs\/wp-json\/wp\/v2\/comments?post=673"}],"version-history":[{"count":1,"href":"\/var\/www\/vhosts\/wasser-lexikon.de\/httpdocs\/wp-json\/wp\/v2\/pages\/673\/revisions"}],"predecessor-version":[{"id":674,"href":"\/var\/www\/vhosts\/wasser-lexikon.de\/httpdocs\/wp-json\/wp\/v2\/pages\/673\/revisions\/674"}],"wp:attachment":[{"href":"\/var\/www\/vhosts\/wasser-lexikon.de\/httpdocs\/wp-json\/wp\/v2\/media?parent=673"}],"wp:term":[{"taxonomy":"post_tag","embeddable":true,"href":"\/var\/www\/vhosts\/wasser-lexikon.de\/httpdocs\/wp-json\/wp\/v2\/tags?post=673"}],"curies":[{"name":"wp","href":"https:\/\/api.w.org\/{rel}","templated":true}]}}