{"id":67,"date":"2010-09-28T14:29:41","date_gmt":"2010-09-28T14:29:41","guid":{"rendered":"http:\/\/localhost\/wasserlexikon\/"},"modified":"2010-09-28T14:29:41","modified_gmt":"2010-09-28T14:29:41","slug":"aluminium","status":"publish","type":"page","link":"\/var\/www\/vhosts\/wasser-lexikon.de\/httpdocs\/aluminium\/","title":{"rendered":"Aluminium"},"content":{"rendered":"<div>gewinnt in der <a href=\"http:\/\/wasserlexikon.de\/wasserversorgung\/\">Wasserversorgung<\/a> zunehmend an Interesse seit erkannt wurde, da\u00df durch den sauren <a href=\"http:\/\/wasserlexikon.de\/regen\/\"><a href=\"http:\/\/www.wasser-lexikon.de\/Regen\" class=\"kblinker\" title=\"More about Regen &raquo;\">Regen<\/a><\/a> im Boden gebundenes <a href=\"http:\/\/www.wasser-lexikon.de\/Aluminium\" class=\"kblinker\" title=\"More about Aluminium &raquo;\">Aluminium<\/a> freigesetzt werden kann.<br \/>\nH\u00f6here Aluminiumgehalte im <a href=\"http:\/\/wasserlexikon.de\/trinkwasser\/\">Trinkwasser<\/a> k\u00f6nnen auf den Menschen giftig wirken.<\/div>\n<table  class=\" table table-hover\" style=\"width: 90%;\" border=\"0\" cellspacing=\"1\" cellpadding=\"3\">\n<tbody>\n<tr>\n<td><strong><a href=\"http:\/\/wasserlexikon.de\/aluminium\/\" target=\"_self\">Wasser-Lexikon: Aluminium<\/a><\/strong><\/td>\n<\/tr>\n<tr>\n<td><strong><a href=\"http:\/\/wasserlexikon.de\/flockung\/\" target=\"_self\">Wasser-Lexikon: Flockung<\/a><\/strong><\/td>\n<\/tr>\n<tr>\n<td><strong><a href=\"http:\/\/www.wasser-lexikon.de\/\">Wasser-Lexikon: Glossar<\/a><\/strong><\/td>\n<\/tr>\n<\/tbody>\n<\/table>\n","protected":false},"excerpt":{"rendered":"<p>gewinnt in der Wasserversorgung zunehmend an Interesse seit erkannt wurde, da\u00df durch den sauren Regen im Boden gebundenes Aluminium freigesetzt werden kann. H\u00f6here Aluminiumgehalte im Trinkwasser k\u00f6nnen auf den Menschen giftig wirken. Wasser-Lexikon: Aluminium Wasser-Lexikon: Flockung Wasser-Lexikon: Glossar<\/p>\n","protected":false},"author":1,"featured_media":0,"parent":0,"menu_order":0,"comment_status":"closed","ping_status":"closed","template":"","meta":{"footnotes":""},"tags":[],"class_list":["post-67","page","type-page","status-publish","hentry"],"_links":{"self":[{"href":"\/var\/www\/vhosts\/wasser-lexikon.de\/httpdocs\/wp-json\/wp\/v2\/pages\/67","targetHints":{"allow":["GET"]}}],"collection":[{"href":"\/var\/www\/vhosts\/wasser-lexikon.de\/httpdocs\/wp-json\/wp\/v2\/pages"}],"about":[{"href":"\/var\/www\/vhosts\/wasser-lexikon.de\/httpdocs\/wp-json\/wp\/v2\/types\/page"}],"author":[{"embeddable":true,"href":"\/var\/www\/vhosts\/wasser-lexikon.de\/httpdocs\/wp-json\/wp\/v2\/users\/1"}],"replies":[{"embeddable":true,"href":"\/var\/www\/vhosts\/wasser-lexikon.de\/httpdocs\/wp-json\/wp\/v2\/comments?post=67"}],"version-history":[{"count":1,"href":"\/var\/www\/vhosts\/wasser-lexikon.de\/httpdocs\/wp-json\/wp\/v2\/pages\/67\/revisions"}],"predecessor-version":[{"id":68,"href":"\/var\/www\/vhosts\/wasser-lexikon.de\/httpdocs\/wp-json\/wp\/v2\/pages\/67\/revisions\/68"}],"wp:attachment":[{"href":"\/var\/www\/vhosts\/wasser-lexikon.de\/httpdocs\/wp-json\/wp\/v2\/media?parent=67"}],"wp:term":[{"taxonomy":"post_tag","embeddable":true,"href":"\/var\/www\/vhosts\/wasser-lexikon.de\/httpdocs\/wp-json\/wp\/v2\/tags?post=67"}],"curies":[{"name":"wp","href":"https:\/\/api.w.org\/{rel}","templated":true}]}}