{"id":669,"date":"2010-10-02T15:53:57","date_gmt":"2010-10-02T15:53:57","guid":{"rendered":"http:\/\/localhost\/wasserlexikon\/"},"modified":"2012-08-03T11:14:28","modified_gmt":"2012-08-03T10:14:28","slug":"trinkwasser","status":"publish","type":"page","link":"\/var\/www\/vhosts\/wasser-lexikon.de\/httpdocs\/trinkwasser\/","title":{"rendered":"Trinkwasser"},"content":{"rendered":"<p><strong><a href=\"http:\/\/www.wasser-lexikon.de\/Trinkwasser\" class=\"kblinker\" title=\"More about Trinkwasser &raquo;\">Trinkwasser<\/a><\/strong> ist f\u00fcr menschlichen Genuss und Gebrauch geeignetes <a href=\"http:\/\/www.wasser-lexikon.de\/Wasser\" class=\"kblinker\" title=\"More about Wasser &raquo;\">Wasser<\/a>, das bestimmte in Rechtsnormen festgelegte Anforderungen erf\u00fcllen muss. In Deutschland festgelegt in der Trinkwasserverordnung, der <a href=\"http:\/\/www.wasser-lexikon.de\/DIN\" class=\"kblinker\" target=\"2000\" title=\"More about DIN 2000 &raquo;\">DIN 2000<\/a> \u201cLeits\u00e4tze f\u00fcr die zentrale Trinkwasserversorgung\u201d und DIN 2001 \u201cLeits\u00e4tze f\u00fcr die Einzel-Trinkwasserversorgung\u201d und weiteren Vorschriften und Regelwerken.<\/p>\n<p>Die <a href=\"http:\/\/www.wasser-lexikon.de\/Trinkwasserverordnung\" class=\"kblinker\" title=\"More about Trinkwasserverordnung &raquo;\">Trinkwasserverordnung<\/a> regelt die Gew\u00e4hrleistung der Genusstauglichkeit und Reinheit des Wassers f\u00fcr den menschlichen Gebrauch. \u201eWasser f\u00fcr den menschlichen Gebrauch\u201c wird einmal unter a) \u201eTrinkwasser\u201c und b) \u201eWasser f\u00fcr Lebensmittelbetriebe\u201c zusammengefasst. Nicht darunter f\u00e4llt \u201enat\u00fcrliches <a href=\"http:\/\/www.wasser-lexikon.de\/mineralwasser\/\">Mineralwasser<\/a>\u201c, welches die Mineral- und Tafelwasserverordnung abdeckt sowie \u201eHeilwasser\u201c im Sinne des \u00a7 2 Abs. 1 des Arzneimittelgesetzes.<\/p>\n<p>&nbsp;<\/p>\n<p>Hier k\u00f6nnen Sie einen <a title=\"Leitungswasser Test\" href=\"http:\/\/www.wasser-test.net\/html\/index.aspx?page_url=Shop&amp;cn=Wasser-Test&amp;cat=264&amp;mid=264\" target=\"_blank\">Trinkwasser-Test<\/a> bestellen und Ihr Wassern vom Fraunhofer-Institut analysieren lassen &gt;&gt;<\/p>\n<p>Unter a) \u201eTrinkwasser\u201c definiert die Trinkwasserverordnung in \u00a7 3 als alles Wasser, im urspr\u00fcnglichen Zustand oder nach <a href=\"http:\/\/www.wasser-lexikon.de\/Aufbereitung\" class=\"kblinker\" title=\"More about Aufbereitung &raquo;\">Aufbereitung<\/a>, das zum Trinken, zum Kochen, zur Zubereitung von Speisen und Getr\u00e4nken oder insbesondere zu den folgenden anderen h\u00e4uslichen Zwecken bestimmt ist: K\u00f6rperpflege und -reinigung, Reinigung von Gegenst\u00e4nden, die bestimmungsgem\u00e4\u00df mit Lebensmitteln in Ber\u00fchrung kommen, Reinigung von Gegenst\u00e4nden, die bestimmungsgem\u00e4\u00df nicht nur vor\u00fcbergehend mit dem menschlichen K\u00f6rper in Kontakt kommen.<br \/> Dies gilt ungeachtet der Herkunft des Wassers, seines Aggregatzustandes und ungeachtet dessen, ob es f\u00fcr die Bereitstellung auf Leitungswegen, in Tankfahrzeugen, in Flaschen oder anderen Beh\u00e4ltnissen bestimmt ist.<\/p>\n<p>Unter b) &#8222;Wasser f\u00fcr Lebensmittelbetriebe&#8220; f\u00e4llt alles Wasser, ungeachtet seiner Herkunft und seines Aggregatzustandes, das in einem Lebensmittelbetrieb f\u00fcr die Herstellung, Behandlung, Konservierung oder zum Inverkehrbringen von Erzeugnissen oder Substanzen, die f\u00fcr den menschlichen Gebrauch bestimmt sind, sowie zur Reinigung von Gegenst\u00e4nden und Anlagen, die bestimmungsgem\u00e4\u00df mit Lebensmitteln in Ber\u00fchrung kommen k\u00f6nnen, verwendet wird, soweit die Qualit\u00e4t des verwendeten Wassers die Genusstauglichkeit des Enderzeugnisses beeintr\u00e4chtigen kann.<\/p>\n<p>Zur Beschaffenheit des Wassers f\u00fcr den menschlichen Gebrauch und somit auch f\u00fcr Trinkwasser definiert die Trinkwasserverordnung mehrere Anforderungen.<\/p>\n<p>1) Wasser f\u00fcr den menschlichen Gebrauch muss frei von Krankheitserregern, genusstauglich und rein sein.<br \/> 2) Im Wasser f\u00fcr den menschlichen Gebrauch d\u00fcrfen <a href=\"http:\/\/www.wasser-lexikon.de\/Krankheitserreger\" class=\"kblinker\" title=\"More about Krankheitserreger &raquo;\">Krankheitserreger<\/a> im Sinne des \u00a7 2 Nr. 1 des Infektionsschutzgesetzes nicht in Konzentrationen enthalten sein, die eine Sch\u00e4digung der menschlichen Gesundheit besorgen lassen (Mikrobiologische Anforderungen).<br \/> 3) Im Wasser f\u00fcr den menschlichen Gebrauch d\u00fcrfen chemische Stoffe nicht in Konzentrationen enthalten sein, die eine Sch\u00e4digung der menschlichen Gesundheit besorgen lassen. Konzentrationen von chemischen Stoffen, die das Wasser f\u00fcr den menschlichen Gebrauch verunreinigen oder seine Beschaffenheit nachteilig beeinflussen k\u00f6nnen, sollen so niedrig gehalten werden, wie dies nach den allgemein anerkannten Regeln der Technik mit vertretbarem Aufwand unter Ber\u00fccksichtigung der Umst\u00e4nde des Einzelfalles m\u00f6glich ist (Chemische Anforderungen).<\/p>\n<p>In der DIN 2000 sind die ebenfalls Eigenschaften des Trinkwassers definiert:<\/p>\n<p>Trinkwasser muss frei von Krankheitserregern sein und darf keine gesundheitssch\u00e4digenden Eigenschaften besitzen. Trinkwasser muss keimarm, appetitlich, farb- und geruchlos, k\u00fchl und geschmacklich einwandfrei sein. Dar\u00fcber hinaus darf Trinkwasser nur einen geringen Gehalt an gel\u00f6sten Stoffen aufweisen, keine unverh\u00e4ltnism\u00e4\u00dfigen Korrosionssch\u00e4den am <a href=\"http:\/\/www.wasser-lexikon.de\/Leitungsnetz\" class=\"kblinker\" title=\"More about Leitungsnetz &raquo;\">Leitungsnetz<\/a> hervorrufen und es sollte in gen\u00fcgender Menge mit ausreichendem <a href=\"http:\/\/www.wasser-lexikon.de\/Druck\" class=\"kblinker\" title=\"More about Druck &raquo;\">Druck<\/a> zur Verf\u00fcgung stehen.<\/p>\n<p>Trinkwasser besteht nicht nur aus reinem H2O, sondern enth\u00e4lt als <a href=\"http:\/\/www.wasser-lexikon.de\/Kationen\" class=\"kblinker\" title=\"More about Kationen &raquo;\">Kationen<\/a> und Anionen gel\u00f6sten Mineralstoffe. Die h\u00e4ufigsten <a href=\"http:\/\/www.wasser-lexikon.de\/Mineralstoffe\" class=\"kblinker\" title=\"More about Mineralstoffe &raquo;\">Mineralstoffe<\/a> als Kationen sind: <a href=\"http:\/\/www.wasser-lexikon.de\/Calcium\" class=\"kblinker\" title=\"More about Calcium &raquo;\">Calcium<\/a>-, Magnesium und Natriumionen. Die dazugeh\u00f6rigen Anionen sind als <a href=\"http:\/\/www.wasser-lexikon.de\/Carbonate\" class=\"kblinker\" title=\"More about Carbonate &raquo;\">Carbonate<\/a>, Hydrogencarbonate, <a href=\"http:\/\/www.wasser-lexikon.de\/Chloride\" class=\"kblinker\" title=\"More about Chloride &raquo;\">Chloride<\/a> und Sulfate gel\u00f6st. Die Konzentration der Calcium- und Magnesiumsalze entspricht in guter N\u00e4herung der Gesamtwasserh\u00e4rte. Weiterhin kann die Konzentration der Mineralstoffe im Trinkwasser in die Carbonat- oder tempor\u00e4re <a href=\"http:\/\/www.wasser-lexikon.de\/Harte\" class=\"kblinker\" title=\"More about H\u00e4rte &raquo;\">H\u00e4rte<\/a> und in die Nicht-Carbonat bzw. permanente H\u00e4rte unterschieden werden.<\/p>\n<p>Als wichtigstes und unersetzbares Lebensmittel wird es auch als \u201cLebensmittel Nr. 1\u2033 bezeichnet. 98 % der B\u00fcrger Deutschlands erhalten Trinkwasser \u00fcber die \u00f6ffentliche <a href=\"http:\/\/www.wasser-lexikon.de\/Wasserversorgung\" class=\"kblinker\" title=\"More about Wasserversorgung &raquo;\">Wasserversorgung<\/a>. Somit ist in Deutschland das <a href=\"http:\/\/www.wasser-lexikon.de\/Leitungswasser\" class=\"kblinker\" title=\"More about Leitungswasser &raquo;\">Leitungswasser<\/a> immer Trinkwasser. Im Durchschnitt werden in Deutschland t\u00e4glich 126 Liter Trinkwasser aus der Leitung &#8211; den Gro\u00dfteil f\u00fcr Duschen und Baden, Toilette, Waschen, Sp\u00fclen und Putzen &#8211; verwendet. Etwa 3 Liter des Trinkwasser werden pro Person t\u00e4glich getrunken und verkocht. Im Vergleich dazu werden pro Person und Tag ca. 0,4 Liter Mineralwasser getrunken.<\/p>\n<p>Hier k\u00f6nnen Sie einen <a title=\"Leitungswasser Test\" href=\"http:\/\/www.wasser-test.net\/html\/index.aspx?page_url=Shop&amp;cn=Wasser-Test&amp;cat=264&amp;mid=264\" target=\"_blank\">Trinkwasser-Test<\/a> bestellen und Ihr Wassern vom Fraunhofer-Institut analysieren lassen &gt;&gt;<\/p>\n<p>&nbsp;<\/p>\n<table  class=\" table table-hover\" style=\"width: 90%;\" border=\"0\" cellspacing=\"1\" cellpadding=\"3\">\n<tbody>\n<tr>\n<td><strong><a href=\"http:\/\/wasserlexikon.de\/trinkwasser\/\" target=\"_self\">Wasser-Lexikon: Trinkwasser<\/a><\/strong><\/td>\n<\/tr>\n<tr>\n<td><strong><a href=\"http:\/\/wasserlexikon.de\/verordnung-uber-trinkwasser-und-uber-wasser-fur-lebensmittelbetriebe\/\" target=\"_self\">Wasser-Lexikon: Verordnung\u00fcberTrinkwasserund\u00fcberWasserf\u00fcrLebensmittelbetriebe<\/a><\/strong><\/td>\n<\/tr>\n<tr>\n<td><strong><a href=\"https:\/\/wasser-lexikon.de\/wasser\/\" target=\"_self\">Wasser-Lexikon: Wasser<\/a><\/strong><\/td>\n<\/tr>\n<tr>\n<td><strong><a href=\"https:\/\/wasser-lexikon.de\/leitungswasser\/\" target=\"_self\">Wasser-Lexikon: Leitungswasser<\/a><\/strong><\/td>\n<\/tr>\n<tr>\n<td><strong><a href=\"https:\/\/wasser-lexikon.de\/mineralwasser\/\" target=\"_self\">Wasser-Lexikon: Mineralwasser<\/a><\/strong><\/td>\n<\/tr>\n<tr>\n<td><strong><a href=\"https:\/\/wasser-lexikon.de\/grundwasser\/\" target=\"_self\">Wasser-Lexikon: Grundwasser<\/a><\/strong><\/td>\n<\/tr>\n<tr>\n<td><strong><a href=\"https:\/\/wasser-lexikon.de\/chlor\/\" target=\"_self\">Wasser-Lexikon: Chlor<\/a><\/strong><\/td>\n<\/tr>\n<tr>\n<td><strong><a href=\"https:\/\/wasser-lexikon.de\/trinkwasserverordnung\/\" target=\"_self\">Wasser-Lexikon: Trinkwasserverordnung<\/a><\/strong><\/td>\n<\/tr>\n<tr>\n<td><strong><a href=\"https:\/\/wasser-lexikon.de\/ammonium\/\" target=\"_self\">Wasser-Lexikon: Ammonium<\/a><\/strong><\/td>\n<\/tr>\n<tr>\n<td><strong><a href=\"https:\/\/wasser-lexikon.de\/trinkwasseraufbereitung\/\" target=\"_self\">Wasser-Lexikon: Trinkwasseraufbereitung<\/a><\/strong><\/td>\n<\/tr>\n<tr>\n<td><strong><a href=\"http:\/\/www.wasser-lexikon.de\/wasserbelebung\/\" target=\"_self\">Wasser-Lexikon: Wasserbelebung<\/a><\/strong><\/td>\n<\/tr>\n<tr>\n<td><strong><a href=\"https:\/\/wasser-lexikon.de\/desinfektion\/\" target=\"_self\">Wasser-Lexikon: Desinfektion<\/a><\/strong><\/td>\n<\/tr>\n<tr>\n<td><strong><a href=\"https:\/\/wasser-lexikon.de\/bundesseuchengesetz\/\" target=\"_self\">Wasser-Lexikon: Bundesseuchengesetz<\/a><\/strong><\/td>\n<\/tr>\n<\/tbody>\n<\/table>\n","protected":false},"excerpt":{"rendered":"<p>Trinkwasser ist f\u00fcr menschlichen Genuss und Gebrauch geeignetes Wasser, das bestimmte in Rechtsnormen festgelegte Anforderungen erf\u00fcllen muss. In Deutschland festgelegt in der Trinkwasserverordnung, der DIN 2000 \u201cLeits\u00e4tze f\u00fcr die zentrale Trinkwasserversorgung\u201d und DIN 2001 \u201cLeits\u00e4tze f\u00fcr die Einzel-Trinkwasserversorgung\u201d und weiteren Vorschriften und Regelwerken. Die Trinkwasserverordnung regelt die Gew\u00e4hrleistung der Genusstauglichkeit und Reinheit des Wassers f\u00fcr [&hellip;]<\/p>\n","protected":false},"author":1,"featured_media":0,"parent":0,"menu_order":0,"comment_status":"closed","ping_status":"closed","template":"","meta":{"footnotes":""},"tags":[12,18,16,17,3,9,4,15],"class_list":["post-669","page","type-page","status-publish","hentry","tag-leitungswasser","tag-mineralwasser","tag-trinkwasser","tag-trinkwasserverordnung","tag-wasser","tag-wasser-verwirbeln","tag-wasserbelebung","tag-wasserfilter"],"_links":{"self":[{"href":"\/var\/www\/vhosts\/wasser-lexikon.de\/httpdocs\/wp-json\/wp\/v2\/pages\/669","targetHints":{"allow":["GET"]}}],"collection":[{"href":"\/var\/www\/vhosts\/wasser-lexikon.de\/httpdocs\/wp-json\/wp\/v2\/pages"}],"about":[{"href":"\/var\/www\/vhosts\/wasser-lexikon.de\/httpdocs\/wp-json\/wp\/v2\/types\/page"}],"author":[{"embeddable":true,"href":"\/var\/www\/vhosts\/wasser-lexikon.de\/httpdocs\/wp-json\/wp\/v2\/users\/1"}],"replies":[{"embeddable":true,"href":"\/var\/www\/vhosts\/wasser-lexikon.de\/httpdocs\/wp-json\/wp\/v2\/comments?post=669"}],"version-history":[{"count":14,"href":"\/var\/www\/vhosts\/wasser-lexikon.de\/httpdocs\/wp-json\/wp\/v2\/pages\/669\/revisions"}],"predecessor-version":[{"id":969,"href":"\/var\/www\/vhosts\/wasser-lexikon.de\/httpdocs\/wp-json\/wp\/v2\/pages\/669\/revisions\/969"}],"wp:attachment":[{"href":"\/var\/www\/vhosts\/wasser-lexikon.de\/httpdocs\/wp-json\/wp\/v2\/media?parent=669"}],"wp:term":[{"taxonomy":"post_tag","embeddable":true,"href":"\/var\/www\/vhosts\/wasser-lexikon.de\/httpdocs\/wp-json\/wp\/v2\/tags?post=669"}],"curies":[{"name":"wp","href":"https:\/\/api.w.org\/{rel}","templated":true}]}}