{"id":656,"date":"2010-10-02T15:46:41","date_gmt":"2010-10-02T15:46:41","guid":{"rendered":"http:\/\/localhost\/wasserlexikon\/"},"modified":"2010-10-02T15:46:41","modified_gmt":"2010-10-02T15:46:41","slug":"tiefbehalter","status":"publish","type":"page","link":"\/var\/www\/vhosts\/wasser-lexikon.de\/httpdocs\/tiefbehalter\/","title":{"rendered":"Tiefbeh\u00e4lter"},"content":{"rendered":"<div>sind k\u00fcnstliche <a href=\"http:\/\/wasserlexikon.de\/trinkwasserbehalter\/\">Trinkwasserbeh\u00e4lter<\/a>, die dem Ausgleich zwischen Zulauf  und Entnahme im Versorgungsgebiet dienen. Im Gegensatz zum <a href=\"http:\/\/wasserlexikon.de\/hochbehalter\/\">Hochbeh\u00e4lter<\/a> hat ein <a href=\"http:\/\/wasserlexikon.de\/tiefbehalter\/\">Tiefbeh\u00e4lter<\/a> lagebedingt keinen Einflu\u00df auf den <a href=\"http:\/\/wasserlexikon.de\/druck\/\"><a href=\"http:\/\/www.wasser-lexikon.de\/Druck\" class=\"kblinker\" title=\"More about Druck &raquo;\">Druck<\/a><\/a> im Verteilungssystem.<\/div>\n<table  class=\" table table-hover\" style=\"width: 90%;\" border=\"0\" cellspacing=\"1\" cellpadding=\"3\">\n<tbody>\n<tr>\n<td><strong><a href=\"http:\/\/wasserlexikon.de\/tiefbehalter\/\" target=\"_self\">Wasser-Lexikon: Tiefbeh\u00e4lter<\/a><\/strong><\/td>\n<\/tr>\n<tr>\n<td><strong><a href=\"http:\/\/wasserlexikon.de\/trinkwasserbehalter\/\" target=\"_self\">Wasser-Lexikon: Trinkwasserbeh\u00e4lter<\/a><\/strong><\/td>\n<\/tr>\n<tr>\n<td><strong><a href=\"http:\/\/www.wasser-lexikon.de\/\">Wasser-Lexikon: Glossar<\/a><\/strong><\/td>\n<\/tr>\n<\/tbody>\n<\/table>\n","protected":false},"excerpt":{"rendered":"<p>sind k\u00fcnstliche Trinkwasserbeh\u00e4lter, die dem Ausgleich zwischen Zulauf und Entnahme im Versorgungsgebiet dienen. Im Gegensatz zum Hochbeh\u00e4lter hat ein Tiefbeh\u00e4lter lagebedingt keinen Einflu\u00df auf den Druck im Verteilungssystem. Wasser-Lexikon: Tiefbeh\u00e4lter Wasser-Lexikon: Trinkwasserbeh\u00e4lter Wasser-Lexikon: Glossar<\/p>\n","protected":false},"author":1,"featured_media":0,"parent":0,"menu_order":0,"comment_status":"closed","ping_status":"closed","template":"","meta":{"footnotes":""},"tags":[],"class_list":["post-656","page","type-page","status-publish","hentry"],"_links":{"self":[{"href":"\/var\/www\/vhosts\/wasser-lexikon.de\/httpdocs\/wp-json\/wp\/v2\/pages\/656","targetHints":{"allow":["GET"]}}],"collection":[{"href":"\/var\/www\/vhosts\/wasser-lexikon.de\/httpdocs\/wp-json\/wp\/v2\/pages"}],"about":[{"href":"\/var\/www\/vhosts\/wasser-lexikon.de\/httpdocs\/wp-json\/wp\/v2\/types\/page"}],"author":[{"embeddable":true,"href":"\/var\/www\/vhosts\/wasser-lexikon.de\/httpdocs\/wp-json\/wp\/v2\/users\/1"}],"replies":[{"embeddable":true,"href":"\/var\/www\/vhosts\/wasser-lexikon.de\/httpdocs\/wp-json\/wp\/v2\/comments?post=656"}],"version-history":[{"count":1,"href":"\/var\/www\/vhosts\/wasser-lexikon.de\/httpdocs\/wp-json\/wp\/v2\/pages\/656\/revisions"}],"predecessor-version":[{"id":657,"href":"\/var\/www\/vhosts\/wasser-lexikon.de\/httpdocs\/wp-json\/wp\/v2\/pages\/656\/revisions\/657"}],"wp:attachment":[{"href":"\/var\/www\/vhosts\/wasser-lexikon.de\/httpdocs\/wp-json\/wp\/v2\/media?parent=656"}],"wp:term":[{"taxonomy":"post_tag","embeddable":true,"href":"\/var\/www\/vhosts\/wasser-lexikon.de\/httpdocs\/wp-json\/wp\/v2\/tags?post=656"}],"curies":[{"name":"wp","href":"https:\/\/api.w.org\/{rel}","templated":true}]}}