{"id":643,"date":"2010-10-02T11:42:50","date_gmt":"2010-10-02T11:42:50","guid":{"rendered":"http:\/\/localhost\/wasserlexikon\/"},"modified":"2011-11-07T16:28:29","modified_gmt":"2011-11-07T14:28:29","slug":"sulfate","status":"publish","type":"page","link":"\/var\/www\/vhosts\/wasser-lexikon.de\/httpdocs\/sulfate\/","title":{"rendered":"Sulfate"},"content":{"rendered":"<div><strong><a href=\"http:\/\/www.wasser-lexikon.de\/Sulfate\" class=\"kblinker\" title=\"More about Sulfate &raquo;\">Sulfate<\/a><\/strong> sind <a href=\"https:\/\/wasser-lexikon.de\/salze\/\">Salze<\/a> der Sauerstoffs\u00e4uren des Schwefels, die z. B. als Calciumsulfat (Gips) in der Natur h\u00e4ufig vorkommen. Vom <a href=\"https:\/\/wasser-lexikon.de\/<a href=\"http:\/\/www.wasser-lexikon.de\/Wasser\" class=\"kblinker\" title=\"More about Wasser &raquo;\">wasser<\/a>\/&#8220;>Wasser<\/a> gel\u00f6ster Gips, der ma\u00dfgeblich ist f\u00fcr die <a href=\"https:\/\/wasser-lexikon.de\/wasserharte\/\">Wasserh\u00e4rte<\/a>, ergibt den Sulfatgehalt des nat\u00fcrlichen <a href=\"https:\/\/wasser-lexikon.de\/grundwasser\/\">Grundwassers<\/a>.<\/div>\n<table  class=\" table table-hover\" style=\"width: 90%;\" border=\"0\" cellspacing=\"1\" cellpadding=\"3\">\n<tbody>\n<tr>\n<td><strong><a href=\"https:\/\/wasser-lexikon.de\/sulfate\/\" target=\"_self\">Sulfate<\/a><\/strong><\/td>\n<\/tr>\n<tr>\n<td><strong>Zur Startseite: <a href=\"http:\/\/www.wasser-lexikon.de\/\">Wasser-Lexikon<br \/><\/a><\/strong><\/td>\n<\/tr>\n<\/tbody>\n<\/table>\n","protected":false},"excerpt":{"rendered":"<p>Sulfate sind Salze der Sauerstoffs\u00e4uren des Schwefels, die z. B. als Calciumsulfat (Gips) in der Natur h\u00e4ufig vorkommen. Vom<\/p>\n","protected":false},"author":1,"featured_media":0,"parent":0,"menu_order":0,"comment_status":"closed","ping_status":"closed","template":"","meta":{"footnotes":""},"tags":[],"class_list":["post-643","page","type-page","status-publish","hentry"],"_links":{"self":[{"href":"\/var\/www\/vhosts\/wasser-lexikon.de\/httpdocs\/wp-json\/wp\/v2\/pages\/643","targetHints":{"allow":["GET"]}}],"collection":[{"href":"\/var\/www\/vhosts\/wasser-lexikon.de\/httpdocs\/wp-json\/wp\/v2\/pages"}],"about":[{"href":"\/var\/www\/vhosts\/wasser-lexikon.de\/httpdocs\/wp-json\/wp\/v2\/types\/page"}],"author":[{"embeddable":true,"href":"\/var\/www\/vhosts\/wasser-lexikon.de\/httpdocs\/wp-json\/wp\/v2\/users\/1"}],"replies":[{"embeddable":true,"href":"\/var\/www\/vhosts\/wasser-lexikon.de\/httpdocs\/wp-json\/wp\/v2\/comments?post=643"}],"version-history":[{"count":3,"href":"\/var\/www\/vhosts\/wasser-lexikon.de\/httpdocs\/wp-json\/wp\/v2\/pages\/643\/revisions"}],"predecessor-version":[{"id":1193,"href":"\/var\/www\/vhosts\/wasser-lexikon.de\/httpdocs\/wp-json\/wp\/v2\/pages\/643\/revisions\/1193"}],"wp:attachment":[{"href":"\/var\/www\/vhosts\/wasser-lexikon.de\/httpdocs\/wp-json\/wp\/v2\/media?parent=643"}],"wp:term":[{"taxonomy":"post_tag","embeddable":true,"href":"\/var\/www\/vhosts\/wasser-lexikon.de\/httpdocs\/wp-json\/wp\/v2\/tags?post=643"}],"curies":[{"name":"wp","href":"https:\/\/api.w.org\/{rel}","templated":true}]}}