{"id":63,"date":"2010-09-28T14:28:59","date_gmt":"2010-09-28T14:28:59","guid":{"rendered":"http:\/\/localhost\/wasserlexikon\/"},"modified":"2011-03-15T16:02:49","modified_gmt":"2011-03-15T16:02:49","slug":"aktivkohlefilter","status":"publish","type":"page","link":"\/var\/www\/vhosts\/wasser-lexikon.de\/httpdocs\/aktivkohlefilter\/","title":{"rendered":"Aktivkohlefilter"},"content":{"rendered":"<div>sind Anlagen zur <a href=\"http:\/\/www.wasser-lexikon.de\/Wasseraufbereitung\" class=\"kblinker\" title=\"More about Wasseraufbereitung &raquo;\">Wasseraufbereitung<\/a>,  in denen por\u00f6se Kohle durch ihre gro\u00dfe Oberfl\u00e4che Schadstoffe bindet,  die sich biologisch entweder sehr schwer oder gar nicht abbauen lassen.<\/div>\n","protected":false},"excerpt":{"rendered":"<p>sind Anlagen zur Wasseraufbereitung, in denen por\u00f6se Kohle durch ihre gro\u00dfe Oberfl\u00e4che Schadstoffe bindet, die sich biologisch entweder sehr schwer oder gar nicht abbauen lassen.<\/p>\n","protected":false},"author":1,"featured_media":0,"parent":0,"menu_order":0,"comment_status":"closed","ping_status":"closed","template":"","meta":{"footnotes":""},"tags":[20,21,12,18,3,14,15,13],"class_list":["post-63","page","type-page","status-publish","hentry","tag-aktivkohle","tag-aktivkohlefilter","tag-leitungswasser","tag-mineralwasser","tag-wasser","tag-wasser-trinken","tag-wasserfilter","tag-wasserqualitat"],"_links":{"self":[{"href":"\/var\/www\/vhosts\/wasser-lexikon.de\/httpdocs\/wp-json\/wp\/v2\/pages\/63","targetHints":{"allow":["GET"]}}],"collection":[{"href":"\/var\/www\/vhosts\/wasser-lexikon.de\/httpdocs\/wp-json\/wp\/v2\/pages"}],"about":[{"href":"\/var\/www\/vhosts\/wasser-lexikon.de\/httpdocs\/wp-json\/wp\/v2\/types\/page"}],"author":[{"embeddable":true,"href":"\/var\/www\/vhosts\/wasser-lexikon.de\/httpdocs\/wp-json\/wp\/v2\/users\/1"}],"replies":[{"embeddable":true,"href":"\/var\/www\/vhosts\/wasser-lexikon.de\/httpdocs\/wp-json\/wp\/v2\/comments?post=63"}],"version-history":[{"count":10,"href":"\/var\/www\/vhosts\/wasser-lexikon.de\/httpdocs\/wp-json\/wp\/v2\/pages\/63\/revisions"}],"predecessor-version":[{"id":827,"href":"\/var\/www\/vhosts\/wasser-lexikon.de\/httpdocs\/wp-json\/wp\/v2\/pages\/63\/revisions\/827"}],"wp:attachment":[{"href":"\/var\/www\/vhosts\/wasser-lexikon.de\/httpdocs\/wp-json\/wp\/v2\/media?parent=63"}],"wp:term":[{"taxonomy":"post_tag","embeddable":true,"href":"\/var\/www\/vhosts\/wasser-lexikon.de\/httpdocs\/wp-json\/wp\/v2\/tags?post=63"}],"curies":[{"name":"wp","href":"https:\/\/api.w.org\/{rel}","templated":true}]}}