{"id":586,"date":"2010-10-02T11:10:06","date_gmt":"2010-10-02T11:10:06","guid":{"rendered":"http:\/\/localhost\/wasserlexikon\/"},"modified":"2010-10-02T11:10:06","modified_gmt":"2010-10-02T11:10:06","slug":"schmutzwasser","status":"publish","type":"page","link":"\/var\/www\/vhosts\/wasser-lexikon.de\/httpdocs\/schmutzwasser\/","title":{"rendered":"Schmutzwasser"},"content":{"rendered":"<div>nennt man ein durch Gebrauch verunreinigtes <a href=\"http:\/\/wasserlexikon.de\/<a href=\"http:\/\/www.wasser-lexikon.de\/Wasser\" class=\"kblinker\" title=\"More about Wasser &raquo;\">wasser<\/a>\/&#8220;>Wasser<\/a>.  Man unterscheidet h\u00e4usliches (aus K\u00fcchen, Waschk\u00fcchen, Waschr\u00e4umen,  Bader\u00e4umen, Abortr\u00e4umen und \u00e4hnlich genutzten R\u00e4umen), gewerbliches,  industrielles, landwirtschaftliches und kommunales (h\u00e4usliches und  gewerbliches) <a href=\"http:\/\/wasserlexikon.de\/schmutzwasser\/\"><a href=\"http:\/\/www.wasser-lexikon.de\/Schmutzwasser\" class=\"kblinker\" title=\"More about Schmutzwasser &raquo;\">Schmutzwasser<\/a><\/a>.<\/div>\n<table  class=\" table table-hover\" style=\"width: 90%;\" border=\"0\" cellspacing=\"1\" cellpadding=\"3\">\n<tbody>\n<tr>\n<td><strong><a href=\"http:\/\/wasserlexikon.de\/schmutzwasser\/\" target=\"_self\">Wasser-Lexikon: Schmutzwasser<\/a><\/strong><\/td>\n<\/tr>\n<tr>\n<td><strong><a href=\"http:\/\/wasserlexikon.de\/schmutzwassernetz\/\" target=\"_self\">Wasser-Lexikon: Schmutzwassernetz<\/a><\/strong><\/td>\n<\/tr>\n<tr>\n<td><strong><a href=\"http:\/\/wasserlexikon.de\/abwasser\/\" target=\"_self\">Wasser-Lexikon: Abwasser<\/a><\/strong><\/td>\n<\/tr>\n<tr>\n<td><strong><a href=\"http:\/\/wasserlexikon.de\/kanalisation\/\" target=\"_self\">Wasser-Lexikon: Kanalisation<\/a><\/strong><\/td>\n<\/tr>\n<tr>\n<td><strong><a href=\"http:\/\/wasserlexikon.de\/einwohnergleichwert\/\" target=\"_self\">Wasser-Lexikon: Einwohnergleichwert<\/a><\/strong><\/td>\n<\/tr>\n<tr>\n<td><strong><a href=\"http:\/\/wasserlexikon.de\/fremdwasser\/\" target=\"_self\">Wasser-Lexikon: Fremdwasser<\/a><\/strong><\/td>\n<\/tr>\n<tr>\n<td><strong><a href=\"http:\/\/www.wasser-lexikon.de\/\">Wasser-Lexikon: Glossar<\/a><\/strong><\/td>\n<\/tr>\n<\/tbody>\n<\/table>\n","protected":false},"excerpt":{"rendered":"<p>nennt man ein durch Gebrauch verunreinigtes<\/p>\n","protected":false},"author":1,"featured_media":0,"parent":0,"menu_order":0,"comment_status":"closed","ping_status":"closed","template":"","meta":{"footnotes":""},"tags":[],"class_list":["post-586","page","type-page","status-publish","hentry"],"_links":{"self":[{"href":"\/var\/www\/vhosts\/wasser-lexikon.de\/httpdocs\/wp-json\/wp\/v2\/pages\/586","targetHints":{"allow":["GET"]}}],"collection":[{"href":"\/var\/www\/vhosts\/wasser-lexikon.de\/httpdocs\/wp-json\/wp\/v2\/pages"}],"about":[{"href":"\/var\/www\/vhosts\/wasser-lexikon.de\/httpdocs\/wp-json\/wp\/v2\/types\/page"}],"author":[{"embeddable":true,"href":"\/var\/www\/vhosts\/wasser-lexikon.de\/httpdocs\/wp-json\/wp\/v2\/users\/1"}],"replies":[{"embeddable":true,"href":"\/var\/www\/vhosts\/wasser-lexikon.de\/httpdocs\/wp-json\/wp\/v2\/comments?post=586"}],"version-history":[{"count":1,"href":"\/var\/www\/vhosts\/wasser-lexikon.de\/httpdocs\/wp-json\/wp\/v2\/pages\/586\/revisions"}],"predecessor-version":[{"id":587,"href":"\/var\/www\/vhosts\/wasser-lexikon.de\/httpdocs\/wp-json\/wp\/v2\/pages\/586\/revisions\/587"}],"wp:attachment":[{"href":"\/var\/www\/vhosts\/wasser-lexikon.de\/httpdocs\/wp-json\/wp\/v2\/media?parent=586"}],"wp:term":[{"taxonomy":"post_tag","embeddable":true,"href":"\/var\/www\/vhosts\/wasser-lexikon.de\/httpdocs\/wp-json\/wp\/v2\/tags?post=586"}],"curies":[{"name":"wp","href":"https:\/\/api.w.org\/{rel}","templated":true}]}}