{"id":574,"date":"2010-10-02T11:06:56","date_gmt":"2010-10-02T11:06:56","guid":{"rendered":"http:\/\/localhost\/wasserlexikon\/"},"modified":"2011-11-07T16:15:14","modified_gmt":"2011-11-07T14:15:14","slug":"salzwasser","status":"publish","type":"page","link":"\/var\/www\/vhosts\/wasser-lexikon.de\/httpdocs\/salzwasser\/","title":{"rendered":"Salzwasser"},"content":{"rendered":"<div><strong><a href=\"http:\/\/www.wasser-lexikon.de\/Salzwasser\" class=\"kblinker\" title=\"More about Salzwasser &raquo;\">Salzwasser<\/a><\/strong> ist Meereswasser oder das <a href=\"https:\/\/wasser-lexikon.de\/<a href=\"http:\/\/www.wasser-lexikon.de\/Wasser\" class=\"kblinker\" title=\"More about Wasser &raquo;\">wasser<\/a>\/&#8220;>Wasser<\/a> der Salzseen, das im Gegensatz zum <a href=\"https:\/\/wasser-lexikon.de\/suswasser\/\">S\u00fc\u00dfwasser<\/a> f\u00fcr den menschlichen Genuss nicht geeignet ist, da es gel\u00f6ste <a href=\"https:\/\/wasser-lexikon.de\/salze\/\"><a href=\"http:\/\/www.wasser-lexikon.de\/Salze\" class=\"kblinker\" title=\"More about Salze &raquo;\">Salze<\/a><\/a> enth\u00e4lt und den K\u00f6rper austrocknet und vorab zum erbrechen f\u00fchrt. Doch nicht nicht Menschen sind in dieser Hinsicht sensibel. Auch nicht alle Fische vertragen Salzwasser, weshalb man hier in die beiden Gattungen Salzwasserfische und S\u00fc\u00dfwasserfische unterteilt.<\/div>\n<div><\/div>\n<h2>Ist Salzwasser gesund?<\/h2>\n<div>Allerdings ist das Salzwasser in Form einer Nasendusche oder als sogenanntes Meerwassernasenspray dazu geeignet, verstopfte Nasenwege frei zu machen. <\/p>\n<h2>Kochen mit Salzwasser<\/h2>\n<p>Auf den Kanarischen Inseln wird Salzwasser zus\u00e4tzlich zum Kochen von Kartoffeln verwendet, wodurch sich auf den Kartoffeln eine leckere Salzkruste bildet<\/p>\n<\/div>\n<table  class=\" table table-hover\" style=\"width: 90%;\" border=\"0\" cellspacing=\"1\" cellpadding=\"3\">\n<tbody>\n<tr>\n<td><strong><a href=\"https:\/\/wasser-lexikon.de\/salzwasser\/\" target=\"_self\">Wasser-Lexikon: Salzwasser<\/a><\/strong><\/td>\n<\/tr>\n<tr>\n<td><strong><a href=\"https:\/\/wasser-lexikon.de\/wasser\/\" target=\"_self\">Wasser-Lexikon: Wasser<\/a><\/strong><\/td>\n<\/tr>\n<tr>\n<td><strong><a href=\"https:\/\/wasser-lexikon.de\/umkehrosmose\/\" target=\"_self\">Wasser-Lexikon: Umkehrosmose<\/a><\/strong><\/td>\n<\/tr>\n<tr>\n<td><strong>Zur Startseite: <a href=\"http:\/\/www.wasser-lexikon.de\/\">WasserLexikon<\/a><\/strong><\/td>\n<\/tr>\n<\/tbody>\n<\/table>\n","protected":false},"excerpt":{"rendered":"<p>Salzwasser ist Meereswasser oder das<\/p>\n","protected":false},"author":1,"featured_media":0,"parent":0,"menu_order":0,"comment_status":"closed","ping_status":"closed","template":"","meta":{"footnotes":""},"tags":[],"class_list":["post-574","page","type-page","status-publish","hentry"],"_links":{"self":[{"href":"\/var\/www\/vhosts\/wasser-lexikon.de\/httpdocs\/wp-json\/wp\/v2\/pages\/574","targetHints":{"allow":["GET"]}}],"collection":[{"href":"\/var\/www\/vhosts\/wasser-lexikon.de\/httpdocs\/wp-json\/wp\/v2\/pages"}],"about":[{"href":"\/var\/www\/vhosts\/wasser-lexikon.de\/httpdocs\/wp-json\/wp\/v2\/types\/page"}],"author":[{"embeddable":true,"href":"\/var\/www\/vhosts\/wasser-lexikon.de\/httpdocs\/wp-json\/wp\/v2\/users\/1"}],"replies":[{"embeddable":true,"href":"\/var\/www\/vhosts\/wasser-lexikon.de\/httpdocs\/wp-json\/wp\/v2\/comments?post=574"}],"version-history":[{"count":5,"href":"\/var\/www\/vhosts\/wasser-lexikon.de\/httpdocs\/wp-json\/wp\/v2\/pages\/574\/revisions"}],"predecessor-version":[{"id":1189,"href":"\/var\/www\/vhosts\/wasser-lexikon.de\/httpdocs\/wp-json\/wp\/v2\/pages\/574\/revisions\/1189"}],"wp:attachment":[{"href":"\/var\/www\/vhosts\/wasser-lexikon.de\/httpdocs\/wp-json\/wp\/v2\/media?parent=574"}],"wp:term":[{"taxonomy":"post_tag","embeddable":true,"href":"\/var\/www\/vhosts\/wasser-lexikon.de\/httpdocs\/wp-json\/wp\/v2\/tags?post=574"}],"curies":[{"name":"wp","href":"https:\/\/api.w.org\/{rel}","templated":true}]}}