{"id":564,"date":"2010-10-02T11:04:28","date_gmt":"2010-10-02T11:04:28","guid":{"rendered":"http:\/\/localhost\/wasserlexikon\/"},"modified":"2011-11-23T10:25:19","modified_gmt":"2011-11-23T09:25:19","slug":"rohrnetz","status":"publish","type":"page","link":"\/var\/www\/vhosts\/wasser-lexikon.de\/httpdocs\/rohrnetz\/","title":{"rendered":"Rohrnetz"},"content":{"rendered":"<div><a href=\"http:\/\/www.wasser-lexikon.de\/Rohrnetz\" class=\"kblinker\" title=\"More about Rohrnetz &raquo;\">Rohrnetz<\/a> ist der Sammelbegriff f\u00fcr das <a href=\"http:\/\/wasserlexikon.de\/leitungsnetz\/\">Leitungsnetz<\/a> einer <a href=\"http:\/\/wasserlexikon.de\/wasserversorgungsanlage\/\">Wasserversorgungsanlage<\/a> bzw. das einer <a href=\"http:\/\/wasserlexikon.de\/abwasseranlage\/\"><a href=\"http:\/\/www.wasser-lexikon.de\/Abwasseranlage\" class=\"kblinker\" title=\"More about Abwasseranlage &raquo;\">Abwasseranlage<\/a><\/a> (<a href=\"http:\/\/wasserlexikon.de\/kanalnetz\/\"><a href=\"http:\/\/www.wasser-lexikon.de\/Kanalnetz\" class=\"kblinker\" title=\"More about Kanalnetz &raquo;\">Kanalnetz<\/a><\/a>).<\/div>\n<table  class=\" table table-hover\" style=\"width: 90%;\" border=\"0\" cellspacing=\"1\" cellpadding=\"3\">\n<tbody>\n<tr>\n<td><strong><a href=\"http:\/\/wasserlexikon.de\/rohrnetz\/\" target=\"_self\">Wasser-Lexikon: Rohrnetz<\/a><\/strong><\/td>\n<\/tr>\n<tr>\n<td><strong><a href=\"http:\/\/wasserlexikon.de\/leitungsnetz\/\" target=\"_self\">Wasser-Lexikon: Leitungsnetz<\/a><\/strong><\/td>\n<\/tr>\n<tr>\n<td><strong><a href=\"http:\/\/wasserlexikon.de\/hochbehalter\/\" target=\"_self\">Wasser-Lexikon: Hochbeh\u00e4lter<\/a><\/strong><\/td>\n<\/tr>\n<tr>\n<td><strong><a href=\"http:\/\/wasserlexikon.de\/trinkwasserbehalter\/\" target=\"_self\">Wasser-Lexikon: Trinkwasserbeh\u00e4lter<\/a><\/strong><\/td>\n<\/tr>\n<tr>\n<td><strong><a href=\"http:\/\/wasserlexikon.de\/versorgungsdruck\/\" target=\"_self\">Wasser-Lexikon: Versorgungsdruck<\/a><\/strong><\/td>\n<\/tr>\n<tr>\n<td><strong><a href=\"http:\/\/wasserlexikon.de\/mischwasser\/\" target=\"_self\">Wasser-Lexikon: Mischwasser<\/a><\/strong><\/td>\n<\/tr>\n<tr>\n<td><strong><a href=\"http:\/\/wasserlexikon.de\/druckerhohungsanlage\/\" target=\"_self\">Wasser-Lexikon: Druckerh\u00f6hungsanlage<\/a><\/strong><\/td>\n<\/tr>\n<tr>\n<td><strong><a href=\"http:\/\/wasserlexikon.de\/haltung\/\" target=\"_self\">Wasser-Lexikon: Haltung<\/a><\/strong><\/td>\n<\/tr>\n<tr>\n<td><strong><a href=\"http:\/\/www.wasser-lexikon.de\/wasserbelebung\/\" target=\"_self\">Wasser-Lexikon: Wasserbelebung<\/a><\/strong><\/td>\n<\/tr>\n<tr>\n<td><strong><a href=\"http:\/\/www.wasser-lexikon.de\/\">Wasser-Lexikon: Glossar<\/a><\/strong><\/td>\n<\/tr>\n<\/tbody>\n<\/table>\n","protected":false},"excerpt":{"rendered":"<p>Rohrnetz ist der Sammelbegriff f\u00fcr das Leitungsnetz einer Wasserversorgungsanlage bzw. das einer Abwasseranlage (Kanalnetz). Wasser-Lexikon: Rohrnetz Wasser-Lexikon: Leitungsnetz Wasser-Lexikon: Hochbeh\u00e4lter Wasser-Lexikon: Trinkwasserbeh\u00e4lter Wasser-Lexikon: Versorgungsdruck Wasser-Lexikon: Mischwasser Wasser-Lexikon: Druckerh\u00f6hungsanlage Wasser-Lexikon: Haltung Wasser-Lexikon: Wasserbelebung Wasser-Lexikon: Glossar<\/p>\n","protected":false},"author":1,"featured_media":0,"parent":0,"menu_order":0,"comment_status":"closed","ping_status":"closed","template":"","meta":{"footnotes":""},"tags":[],"class_list":["post-564","page","type-page","status-publish","hentry"],"_links":{"self":[{"href":"\/var\/www\/vhosts\/wasser-lexikon.de\/httpdocs\/wp-json\/wp\/v2\/pages\/564","targetHints":{"allow":["GET"]}}],"collection":[{"href":"\/var\/www\/vhosts\/wasser-lexikon.de\/httpdocs\/wp-json\/wp\/v2\/pages"}],"about":[{"href":"\/var\/www\/vhosts\/wasser-lexikon.de\/httpdocs\/wp-json\/wp\/v2\/types\/page"}],"author":[{"embeddable":true,"href":"\/var\/www\/vhosts\/wasser-lexikon.de\/httpdocs\/wp-json\/wp\/v2\/users\/1"}],"replies":[{"embeddable":true,"href":"\/var\/www\/vhosts\/wasser-lexikon.de\/httpdocs\/wp-json\/wp\/v2\/comments?post=564"}],"version-history":[{"count":3,"href":"\/var\/www\/vhosts\/wasser-lexikon.de\/httpdocs\/wp-json\/wp\/v2\/pages\/564\/revisions"}],"predecessor-version":[{"id":1258,"href":"\/var\/www\/vhosts\/wasser-lexikon.de\/httpdocs\/wp-json\/wp\/v2\/pages\/564\/revisions\/1258"}],"wp:attachment":[{"href":"\/var\/www\/vhosts\/wasser-lexikon.de\/httpdocs\/wp-json\/wp\/v2\/media?parent=564"}],"wp:term":[{"taxonomy":"post_tag","embeddable":true,"href":"\/var\/www\/vhosts\/wasser-lexikon.de\/httpdocs\/wp-json\/wp\/v2\/tags?post=564"}],"curies":[{"name":"wp","href":"https:\/\/api.w.org\/{rel}","templated":true}]}}