{"id":558,"date":"2010-10-02T11:03:08","date_gmt":"2010-10-02T11:03:08","guid":{"rendered":"http:\/\/localhost\/wasserlexikon\/"},"modified":"2010-10-02T11:03:08","modified_gmt":"2010-10-02T11:03:08","slug":"ringkanalisation","status":"publish","type":"page","link":"\/var\/www\/vhosts\/wasser-lexikon.de\/httpdocs\/ringkanalisation\/","title":{"rendered":"Ringkanalisation"},"content":{"rendered":"<div>wird ein <a href=\"http:\/\/wasserlexikon.de\/kanalnetz\/\">Kanalnetz<\/a> bezeichnet, das ringf\u00f6rmig um einen See verlegt ist, das <a href=\"http:\/\/wasserlexikon.de\/abwasser\/\"><a href=\"http:\/\/www.wasser-lexikon.de\/Abwasser\" class=\"kblinker\" title=\"More about Abwasser &raquo;\">Abwasser<\/a><\/a> einer unterhalb des Sees gelegenen <a href=\"http:\/\/wasserlexikon.de\/klaranlage\/\">Kl\u00e4ranlage<\/a> zuf\u00fchrt und dadurch verhindert, dass <a href=\"http:\/\/wasserlexikon.de\/abwasser\/\">Abwasser<\/a> oder auch gereinigtes in den See gelangt.<\/div>\n<table  class=\" table table-hover\" style=\"width: 90%;\" border=\"0\" cellspacing=\"1\" cellpadding=\"3\">\n<tbody>\n<tr>\n<td><strong><a href=\"http:\/\/wasserlexikon.de\/ringkanalisation\/\" target=\"_self\">Wasser-Lexikon: Ringkanalisation<\/a><\/strong><\/td>\n<\/tr>\n<tr>\n<td><strong><a href=\"http:\/\/www.wasser-lexikon.de\/\">Wasser-Lexikon: Glossar<\/a><\/strong><\/td>\n<\/tr>\n<\/tbody>\n<\/table>\n","protected":false},"excerpt":{"rendered":"<p>wird ein Kanalnetz bezeichnet, das ringf\u00f6rmig um einen See verlegt ist, das Abwasser einer unterhalb des Sees gelegenen Kl\u00e4ranlage zuf\u00fchrt und dadurch verhindert, dass Abwasser oder auch gereinigtes in den See gelangt. Wasser-Lexikon: Ringkanalisation Wasser-Lexikon: Glossar<\/p>\n","protected":false},"author":1,"featured_media":0,"parent":0,"menu_order":0,"comment_status":"closed","ping_status":"closed","template":"","meta":{"footnotes":""},"tags":[],"class_list":["post-558","page","type-page","status-publish","hentry"],"_links":{"self":[{"href":"\/var\/www\/vhosts\/wasser-lexikon.de\/httpdocs\/wp-json\/wp\/v2\/pages\/558","targetHints":{"allow":["GET"]}}],"collection":[{"href":"\/var\/www\/vhosts\/wasser-lexikon.de\/httpdocs\/wp-json\/wp\/v2\/pages"}],"about":[{"href":"\/var\/www\/vhosts\/wasser-lexikon.de\/httpdocs\/wp-json\/wp\/v2\/types\/page"}],"author":[{"embeddable":true,"href":"\/var\/www\/vhosts\/wasser-lexikon.de\/httpdocs\/wp-json\/wp\/v2\/users\/1"}],"replies":[{"embeddable":true,"href":"\/var\/www\/vhosts\/wasser-lexikon.de\/httpdocs\/wp-json\/wp\/v2\/comments?post=558"}],"version-history":[{"count":1,"href":"\/var\/www\/vhosts\/wasser-lexikon.de\/httpdocs\/wp-json\/wp\/v2\/pages\/558\/revisions"}],"predecessor-version":[{"id":559,"href":"\/var\/www\/vhosts\/wasser-lexikon.de\/httpdocs\/wp-json\/wp\/v2\/pages\/558\/revisions\/559"}],"wp:attachment":[{"href":"\/var\/www\/vhosts\/wasser-lexikon.de\/httpdocs\/wp-json\/wp\/v2\/media?parent=558"}],"wp:term":[{"taxonomy":"post_tag","embeddable":true,"href":"\/var\/www\/vhosts\/wasser-lexikon.de\/httpdocs\/wp-json\/wp\/v2\/tags?post=558"}],"curies":[{"name":"wp","href":"https:\/\/api.w.org\/{rel}","templated":true}]}}