{"id":542,"date":"2010-10-02T10:59:08","date_gmt":"2010-10-02T10:59:08","guid":{"rendered":"http:\/\/localhost\/wasserlexikon\/"},"modified":"2010-10-02T10:59:08","modified_gmt":"2010-10-02T10:59:08","slug":"regen","status":"publish","type":"page","link":"\/var\/www\/vhosts\/wasser-lexikon.de\/httpdocs\/regen\/","title":{"rendered":"Regen"},"content":{"rendered":"<div>ist ein fl\u00fcssiger <a href=\"http:\/\/wasserlexikon.de\/niederschlag\/\">Niederschlag<\/a> in Tropfenform, der aus der Atmosph\u00e4re f\u00e4llt, wenn die Tropfen infolge  ihrer Gr\u00f6\u00dfe von der Luftstr\u00f6mung nicht mehr getragen werden k\u00f6nnen.<\/div>\n<table  class=\" table table-hover\" style=\"width: 90%;\" border=\"0\" cellspacing=\"1\" cellpadding=\"3\">\n<tbody>\n<tr>\n<td><strong><a href=\"http:\/\/wasserlexikon.de\/regen\/\" target=\"_self\">Wasser-Lexikon: Regen<\/a><\/strong><\/td>\n<\/tr>\n<tr>\n<td><strong><a href=\"http:\/\/wasserlexikon.de\/regenwasser\/\" target=\"_self\">Wasser-Lexikon: Regenwasser<\/a><\/strong><\/td>\n<\/tr>\n<tr>\n<td><strong><a href=\"http:\/\/wasserlexikon.de\/niederschlagswasser\/\" target=\"_self\">Wasser-Lexikon: Niederschlagswasser<\/a><\/strong><\/td>\n<\/tr>\n<tr>\n<td><strong><a href=\"http:\/\/wasserlexikon.de\/niederschlag\/\" target=\"_self\">Wasser-Lexikon: Niederschlag<\/a><\/strong><\/td>\n<\/tr>\n<tr>\n<td><strong><a href=\"http:\/\/wasserlexikon.de\/wassergewinnung\/\" target=\"_self\">Wasser-Lexikon: Wassergewinnung<\/a><\/strong><\/td>\n<\/tr>\n<tr>\n<td><strong><a href=\"http:\/\/wasserlexikon.de\/regenbecken\/\" target=\"_self\">Wasser-Lexikon: Regenbecken<\/a><\/strong><\/td>\n<\/tr>\n<tr>\n<td><strong><a href=\"http:\/\/wasserlexikon.de\/regenruckhaltebecken\/\" target=\"_self\">Wasser-Lexikon: Regenr\u00fcckhaltebecken<\/a><\/strong><\/td>\n<\/tr>\n<tr>\n<td><strong><a href=\"http:\/\/wasserlexikon.de\/aluminium\/\" target=\"_self\">Wasser-Lexikon: Aluminium<\/a><\/strong><\/td>\n<\/tr>\n<tr>\n<td><strong><a href=\"http:\/\/www.wasser-lexikon.de\/\">Wasser-Lexikon: Glossar<\/a><\/strong><\/td>\n<\/tr>\n<\/tbody>\n<\/table>\n","protected":false},"excerpt":{"rendered":"<p>ist ein fl\u00fcssiger Niederschlag in Tropfenform, der aus der Atmosph\u00e4re f\u00e4llt, wenn die Tropfen infolge ihrer Gr\u00f6\u00dfe von der Luftstr\u00f6mung nicht mehr getragen werden k\u00f6nnen. Wasser-Lexikon: Regen Wasser-Lexikon: Regenwasser Wasser-Lexikon: Niederschlagswasser Wasser-Lexikon: Niederschlag Wasser-Lexikon: Wassergewinnung Wasser-Lexikon: Regenbecken Wasser-Lexikon: Regenr\u00fcckhaltebecken Wasser-Lexikon: Aluminium Wasser-Lexikon: Glossar<\/p>\n","protected":false},"author":1,"featured_media":0,"parent":0,"menu_order":0,"comment_status":"closed","ping_status":"closed","template":"","meta":{"footnotes":""},"tags":[],"class_list":["post-542","page","type-page","status-publish","hentry"],"_links":{"self":[{"href":"\/var\/www\/vhosts\/wasser-lexikon.de\/httpdocs\/wp-json\/wp\/v2\/pages\/542","targetHints":{"allow":["GET"]}}],"collection":[{"href":"\/var\/www\/vhosts\/wasser-lexikon.de\/httpdocs\/wp-json\/wp\/v2\/pages"}],"about":[{"href":"\/var\/www\/vhosts\/wasser-lexikon.de\/httpdocs\/wp-json\/wp\/v2\/types\/page"}],"author":[{"embeddable":true,"href":"\/var\/www\/vhosts\/wasser-lexikon.de\/httpdocs\/wp-json\/wp\/v2\/users\/1"}],"replies":[{"embeddable":true,"href":"\/var\/www\/vhosts\/wasser-lexikon.de\/httpdocs\/wp-json\/wp\/v2\/comments?post=542"}],"version-history":[{"count":1,"href":"\/var\/www\/vhosts\/wasser-lexikon.de\/httpdocs\/wp-json\/wp\/v2\/pages\/542\/revisions"}],"predecessor-version":[{"id":543,"href":"\/var\/www\/vhosts\/wasser-lexikon.de\/httpdocs\/wp-json\/wp\/v2\/pages\/542\/revisions\/543"}],"wp:attachment":[{"href":"\/var\/www\/vhosts\/wasser-lexikon.de\/httpdocs\/wp-json\/wp\/v2\/media?parent=542"}],"wp:term":[{"taxonomy":"post_tag","embeddable":true,"href":"\/var\/www\/vhosts\/wasser-lexikon.de\/httpdocs\/wp-json\/wp\/v2\/tags?post=542"}],"curies":[{"name":"wp","href":"https:\/\/api.w.org\/{rel}","templated":true}]}}