{"id":522,"date":"2010-10-02T10:53:53","date_gmt":"2010-10-02T10:53:53","guid":{"rendered":"http:\/\/localhost\/wasserlexikon\/"},"modified":"2010-10-02T10:53:53","modified_gmt":"2010-10-02T10:53:53","slug":"pflanzenklaranlage","status":"publish","type":"page","link":"\/var\/www\/vhosts\/wasser-lexikon.de\/httpdocs\/pflanzenklaranlage\/","title":{"rendered":"Pflanzenkl\u00e4ranlage"},"content":{"rendered":"<div>dient zur <a href=\"http:\/\/wasserlexikon.de\/abwasserreinigung\/\">Abwasserreinigung<\/a> in Funktion einer biologischen <a href=\"http:\/\/wasserlexikon.de\/klaranlage\/\">Kl\u00e4ranlage<\/a>, wobei das <a href=\"http:\/\/wasserlexikon.de\/abwasser\/\"><a href=\"http:\/\/www.wasser-lexikon.de\/Abwasser\" class=\"kblinker\" title=\"More about Abwasser &raquo;\">Abwasser<\/a><\/a> einen mit Pflanzen (vorzugsweise Sumpfplanzen) bewachsenen Boden- oder Wasserk\u00f6rper durchstr\u00f6mt.<\/div>\n<table  class=\" table table-hover\" style=\"width: 90%;\" border=\"0\" cellspacing=\"1\" cellpadding=\"3\">\n<tbody>\n<tr>\n<td><strong><a href=\"http:\/\/wasserlexikon.de\/pflanzenklaranlage\/\" target=\"_self\">Wasser-Lexikon: Pflanzenkl\u00e4ranlage<\/a><\/strong><\/td>\n<\/tr>\n<tr>\n<td><strong><a href=\"http:\/\/www.wasser-lexikon.de\/\">Wasser-Lexikon: Glossar<\/a><\/strong><\/td>\n<\/tr>\n<\/tbody>\n<\/table>\n","protected":false},"excerpt":{"rendered":"<p>dient zur Abwasserreinigung in Funktion einer biologischen Kl\u00e4ranlage, wobei das Abwasser einen mit Pflanzen (vorzugsweise Sumpfplanzen) bewachsenen Boden- oder Wasserk\u00f6rper durchstr\u00f6mt. Wasser-Lexikon: Pflanzenkl\u00e4ranlage Wasser-Lexikon: Glossar<\/p>\n","protected":false},"author":1,"featured_media":0,"parent":0,"menu_order":0,"comment_status":"closed","ping_status":"closed","template":"","meta":{"footnotes":""},"tags":[],"class_list":["post-522","page","type-page","status-publish","hentry"],"_links":{"self":[{"href":"\/var\/www\/vhosts\/wasser-lexikon.de\/httpdocs\/wp-json\/wp\/v2\/pages\/522","targetHints":{"allow":["GET"]}}],"collection":[{"href":"\/var\/www\/vhosts\/wasser-lexikon.de\/httpdocs\/wp-json\/wp\/v2\/pages"}],"about":[{"href":"\/var\/www\/vhosts\/wasser-lexikon.de\/httpdocs\/wp-json\/wp\/v2\/types\/page"}],"author":[{"embeddable":true,"href":"\/var\/www\/vhosts\/wasser-lexikon.de\/httpdocs\/wp-json\/wp\/v2\/users\/1"}],"replies":[{"embeddable":true,"href":"\/var\/www\/vhosts\/wasser-lexikon.de\/httpdocs\/wp-json\/wp\/v2\/comments?post=522"}],"version-history":[{"count":1,"href":"\/var\/www\/vhosts\/wasser-lexikon.de\/httpdocs\/wp-json\/wp\/v2\/pages\/522\/revisions"}],"predecessor-version":[{"id":523,"href":"\/var\/www\/vhosts\/wasser-lexikon.de\/httpdocs\/wp-json\/wp\/v2\/pages\/522\/revisions\/523"}],"wp:attachment":[{"href":"\/var\/www\/vhosts\/wasser-lexikon.de\/httpdocs\/wp-json\/wp\/v2\/media?parent=522"}],"wp:term":[{"taxonomy":"post_tag","embeddable":true,"href":"\/var\/www\/vhosts\/wasser-lexikon.de\/httpdocs\/wp-json\/wp\/v2\/tags?post=522"}],"curies":[{"name":"wp","href":"https:\/\/api.w.org\/{rel}","templated":true}]}}