{"id":514,"date":"2010-10-02T10:51:20","date_gmt":"2010-10-02T10:51:20","guid":{"rendered":"http:\/\/localhost\/wasserlexikon\/"},"modified":"2010-10-02T10:51:20","modified_gmt":"2010-10-02T10:51:20","slug":"pegel","status":"publish","type":"page","link":"\/var\/www\/vhosts\/wasser-lexikon.de\/httpdocs\/pegel\/","title":{"rendered":"Pegel"},"content":{"rendered":"<div>ist eine technische Einrichtung zur Messung von <a href=\"http:\/\/wasserlexikon.de\/wasserstand\/\">Wasserst\u00e4nden<\/a> eines <a href=\"http:\/\/wasserlexikon.de\/gewasser\/\">Gew\u00e4sser<\/a>s. Einfachste Art stellt eine Latte dar, die mit einer Me\u00dfskala versehen ist.<\/div>\n<table  class=\" table table-hover\" style=\"width: 90%;\" border=\"0\" cellspacing=\"1\" cellpadding=\"3\">\n<tbody>\n<tr>\n<td><strong><a href=\"http:\/\/wasserlexikon.de\/pegel\/\" target=\"_self\">Wasser-Lexikon: Pegel<\/a><\/strong><\/td>\n<\/tr>\n<tr>\n<td><strong><a href=\"http:\/\/www.wasser-lexikon.de\/\">Wasser-Lexikon: Glossar<\/a><\/strong><\/td>\n<\/tr>\n<\/tbody>\n<\/table>\n","protected":false},"excerpt":{"rendered":"<p>ist eine technische Einrichtung zur Messung von Wasserst\u00e4nden eines Gew\u00e4ssers. Einfachste Art stellt eine Latte dar, die mit einer Me\u00dfskala versehen ist. Wasser-Lexikon: Pegel Wasser-Lexikon: Glossar<\/p>\n","protected":false},"author":1,"featured_media":0,"parent":0,"menu_order":0,"comment_status":"closed","ping_status":"closed","template":"","meta":{"footnotes":""},"tags":[],"class_list":["post-514","page","type-page","status-publish","hentry"],"_links":{"self":[{"href":"\/var\/www\/vhosts\/wasser-lexikon.de\/httpdocs\/wp-json\/wp\/v2\/pages\/514","targetHints":{"allow":["GET"]}}],"collection":[{"href":"\/var\/www\/vhosts\/wasser-lexikon.de\/httpdocs\/wp-json\/wp\/v2\/pages"}],"about":[{"href":"\/var\/www\/vhosts\/wasser-lexikon.de\/httpdocs\/wp-json\/wp\/v2\/types\/page"}],"author":[{"embeddable":true,"href":"\/var\/www\/vhosts\/wasser-lexikon.de\/httpdocs\/wp-json\/wp\/v2\/users\/1"}],"replies":[{"embeddable":true,"href":"\/var\/www\/vhosts\/wasser-lexikon.de\/httpdocs\/wp-json\/wp\/v2\/comments?post=514"}],"version-history":[{"count":1,"href":"\/var\/www\/vhosts\/wasser-lexikon.de\/httpdocs\/wp-json\/wp\/v2\/pages\/514\/revisions"}],"predecessor-version":[{"id":515,"href":"\/var\/www\/vhosts\/wasser-lexikon.de\/httpdocs\/wp-json\/wp\/v2\/pages\/514\/revisions\/515"}],"wp:attachment":[{"href":"\/var\/www\/vhosts\/wasser-lexikon.de\/httpdocs\/wp-json\/wp\/v2\/media?parent=514"}],"wp:term":[{"taxonomy":"post_tag","embeddable":true,"href":"\/var\/www\/vhosts\/wasser-lexikon.de\/httpdocs\/wp-json\/wp\/v2\/tags?post=514"}],"curies":[{"name":"wp","href":"https:\/\/api.w.org\/{rel}","templated":true}]}}