{"id":500,"date":"2010-10-02T10:48:04","date_gmt":"2010-10-02T10:48:04","guid":{"rendered":"http:\/\/localhost\/wasserlexikon\/"},"modified":"2010-10-02T10:48:04","modified_gmt":"2010-10-02T10:48:04","slug":"organische-chlorverbindungen","status":"publish","type":"page","link":"\/var\/www\/vhosts\/wasser-lexikon.de\/httpdocs\/organische-chlorverbindungen\/","title":{"rendered":"Organische Chlorverbindungen"},"content":{"rendered":"<div>ist ein Sammelbegriff f\u00fcr die zu den leichtfl\u00fcchtigen chlorierten <a href=\"http:\/\/wasserlexikon.de\/kohlenwasserstoffe\/\">Kohlenwasserstoffe<\/a>n (<a href=\"http:\/\/wasserlexikon.de\/ckw\/\"><a href=\"http:\/\/www.wasser-lexikon.de\/CKW\" class=\"kblinker\" title=\"More about CKW &raquo;\">CKW<\/a><\/a>) geh\u00f6renden Chlorverbindungen Trichlorethan, <a href=\"http:\/\/wasserlexikon.de\/tri-trichlorethen\/\">Trichlorethen<\/a>, Tetrachlorethen, Tetrachlormethan und Dichlormethan.<\/div>\n<table  class=\" table table-hover\" style=\"width: 90%;\" border=\"0\" cellspacing=\"1\" cellpadding=\"3\">\n<tbody>\n<tr>\n<td><strong><a href=\"http:\/\/wasserlexikon.de\/organische-chlorverbindungen\/\" target=\"_self\">Wasser-Lexikon: OrganischeChlorverbindungen<\/a><\/strong><\/td>\n<\/tr>\n<tr>\n<td><strong><a href=\"http:\/\/wasserlexikon.de\/organische-chlorverbindungen\/\" target=\"_self\">Wasser-Lexikon: organischechlorverbindungen<\/a><\/strong><\/td>\n<\/tr>\n<tr>\n<td><strong><a href=\"http:\/\/wasserlexikon.de\/tri-trichlorethen\/\" target=\"_self\">Wasser-Lexikon: Tri<\/a><\/strong><\/td>\n<\/tr>\n<tr>\n<td><strong><a href=\"http:\/\/wasserlexikon.de\/chlorierte-kohlenwasserstoffe\/\" target=\"_self\">Wasser-Lexikon: ChlorierteKohlenwasserstoffe<\/a><\/strong><\/td>\n<\/tr>\n<tr>\n<td><strong><a href=\"http:\/\/wasserlexikon.de\/per\/\" target=\"_self\">Wasser-Lexikon: Per<\/a><\/strong><\/td>\n<\/tr>\n<tr>\n<td><strong><a href=\"http:\/\/wasserlexikon.de\/chlorierte-kohlenwasserstoffe\/\" target=\"_self\">Wasser-Lexikon: chlorierteKohlenwasserstoffe<\/a><\/strong><\/td>\n<\/tr>\n<tr>\n<td><strong><a href=\"http:\/\/wasserlexikon.de\/hkw\/\" target=\"_self\">Wasser-Lexikon: HKW<\/a><\/strong><\/td>\n<\/tr>\n<tr>\n<td><strong><a href=\"http:\/\/www.wasser-lexikon.de\/\">Wasser-Lexikon: Glossar<\/a><\/strong><\/td>\n<\/tr>\n<\/tbody>\n<\/table>\n","protected":false},"excerpt":{"rendered":"<p>ist ein Sammelbegriff f\u00fcr die zu den leichtfl\u00fcchtigen chlorierten Kohlenwasserstoffen (CKW) geh\u00f6renden Chlorverbindungen Trichlorethan, Trichlorethen, Tetrachlorethen, Tetrachlormethan und Dichlormethan. Wasser-Lexikon: OrganischeChlorverbindungen Wasser-Lexikon: organischechlorverbindungen Wasser-Lexikon: Tri Wasser-Lexikon: ChlorierteKohlenwasserstoffe Wasser-Lexikon: Per Wasser-Lexikon: chlorierteKohlenwasserstoffe Wasser-Lexikon: HKW Wasser-Lexikon: Glossar<\/p>\n","protected":false},"author":1,"featured_media":0,"parent":0,"menu_order":0,"comment_status":"closed","ping_status":"closed","template":"","meta":{"footnotes":""},"tags":[],"class_list":["post-500","page","type-page","status-publish","hentry"],"_links":{"self":[{"href":"\/var\/www\/vhosts\/wasser-lexikon.de\/httpdocs\/wp-json\/wp\/v2\/pages\/500","targetHints":{"allow":["GET"]}}],"collection":[{"href":"\/var\/www\/vhosts\/wasser-lexikon.de\/httpdocs\/wp-json\/wp\/v2\/pages"}],"about":[{"href":"\/var\/www\/vhosts\/wasser-lexikon.de\/httpdocs\/wp-json\/wp\/v2\/types\/page"}],"author":[{"embeddable":true,"href":"\/var\/www\/vhosts\/wasser-lexikon.de\/httpdocs\/wp-json\/wp\/v2\/users\/1"}],"replies":[{"embeddable":true,"href":"\/var\/www\/vhosts\/wasser-lexikon.de\/httpdocs\/wp-json\/wp\/v2\/comments?post=500"}],"version-history":[{"count":1,"href":"\/var\/www\/vhosts\/wasser-lexikon.de\/httpdocs\/wp-json\/wp\/v2\/pages\/500\/revisions"}],"predecessor-version":[{"id":501,"href":"\/var\/www\/vhosts\/wasser-lexikon.de\/httpdocs\/wp-json\/wp\/v2\/pages\/500\/revisions\/501"}],"wp:attachment":[{"href":"\/var\/www\/vhosts\/wasser-lexikon.de\/httpdocs\/wp-json\/wp\/v2\/media?parent=500"}],"wp:term":[{"taxonomy":"post_tag","embeddable":true,"href":"\/var\/www\/vhosts\/wasser-lexikon.de\/httpdocs\/wp-json\/wp\/v2\/tags?post=500"}],"curies":[{"name":"wp","href":"https:\/\/api.w.org\/{rel}","templated":true}]}}