{"id":5,"date":"2010-09-27T08:28:21","date_gmt":"2010-09-27T08:28:21","guid":{"rendered":"http:\/\/localhost\/wasserlexikon\/"},"modified":"2011-03-16T08:27:53","modified_gmt":"2011-03-16T08:27:53","slug":"abfluss","status":"publish","type":"page","link":"\/var\/www\/vhosts\/wasser-lexikon.de\/httpdocs\/abfluss\/","title":{"rendered":"Abfluss"},"content":{"rendered":"<div>\n<div>Unter <a href=\"http:\/\/www.wasser-lexikon.de\/Abflu\u00df\" class=\"kblinker\" title=\"More about Abflu\u00df &raquo;\">Abflu\u00df<\/a> versteht man allgemein, das sich unter dem Einflu\u00df der Schwerkraft auf und unter der Landoberfl\u00e4che bewegende <a href=\"http:\/\/www.wasser-lexikon.de\/Wasser\" class=\"kblinker\" title=\"More about Wasser &raquo;\">Wasser<\/a> .<\/div>\n<\/div>\n<p><br class=\"spacer_\" \/><\/p>\n","protected":false},"excerpt":{"rendered":"<p>Unter Abflu\u00df versteht man allgemein, das sich unter dem Einflu\u00df der Schwerkraft auf und unter der Landoberfl\u00e4che bewegende Wasser .<\/p>\n","protected":false},"author":1,"featured_media":0,"parent":0,"menu_order":0,"comment_status":"closed","ping_status":"closed","template":"","meta":{"footnotes":""},"tags":[3,22],"class_list":["post-5","page","type-page","status-publish","hentry","tag-wasser","tag-wasserleitung"],"_links":{"self":[{"href":"\/var\/www\/vhosts\/wasser-lexikon.de\/httpdocs\/wp-json\/wp\/v2\/pages\/5","targetHints":{"allow":["GET"]}}],"collection":[{"href":"\/var\/www\/vhosts\/wasser-lexikon.de\/httpdocs\/wp-json\/wp\/v2\/pages"}],"about":[{"href":"\/var\/www\/vhosts\/wasser-lexikon.de\/httpdocs\/wp-json\/wp\/v2\/types\/page"}],"author":[{"embeddable":true,"href":"\/var\/www\/vhosts\/wasser-lexikon.de\/httpdocs\/wp-json\/wp\/v2\/users\/1"}],"replies":[{"embeddable":true,"href":"\/var\/www\/vhosts\/wasser-lexikon.de\/httpdocs\/wp-json\/wp\/v2\/comments?post=5"}],"version-history":[{"count":10,"href":"\/var\/www\/vhosts\/wasser-lexikon.de\/httpdocs\/wp-json\/wp\/v2\/pages\/5\/revisions"}],"predecessor-version":[{"id":7,"href":"\/var\/www\/vhosts\/wasser-lexikon.de\/httpdocs\/wp-json\/wp\/v2\/pages\/5\/revisions\/7"}],"wp:attachment":[{"href":"\/var\/www\/vhosts\/wasser-lexikon.de\/httpdocs\/wp-json\/wp\/v2\/media?parent=5"}],"wp:term":[{"taxonomy":"post_tag","embeddable":true,"href":"\/var\/www\/vhosts\/wasser-lexikon.de\/httpdocs\/wp-json\/wp\/v2\/tags?post=5"}],"curies":[{"name":"wp","href":"https:\/\/api.w.org\/{rel}","templated":true}]}}