{"id":496,"date":"2010-10-02T10:46:44","date_gmt":"2010-10-02T10:46:44","guid":{"rendered":"http:\/\/localhost\/wasserlexikon\/"},"modified":"2010-10-02T10:46:44","modified_gmt":"2010-10-02T10:46:44","slug":"nahrstoffe","status":"publish","type":"page","link":"\/var\/www\/vhosts\/wasser-lexikon.de\/httpdocs\/nahrstoffe\/","title":{"rendered":"N\u00e4hrstoffe"},"content":{"rendered":"<div>sind die Bestandteile der Nahrung von Organismen, wie Kohlenhydrate  (Zucker), Fette, Eiwei\u00df, Vitamine, Mineral- und Ballaststoffe, sowie <a href=\"http:\/\/wasserlexikon.de\/<a href=\"http:\/\/www.wasser-lexikon.de\/Wasser\" class=\"kblinker\" title=\"More about Wasser &raquo;\">wasser<\/a>\/&#8220;>Wasser<\/a>. Im <a href=\"http:\/\/wasserlexikon.de\/wasser\/\">Wasser<\/a> gel\u00f6ste <a href=\"http:\/\/wasserlexikon.de\/nahrstoffe\/\">N\u00e4hrstoffe<\/a> (z. B. Kohlendioxid, <a href=\"http:\/\/wasserlexikon.de\/phosphat\/\"><a href=\"http:\/\/www.wasser-lexikon.de\/Phosphat\" class=\"kblinker\" title=\"More about Phosphat &raquo;\">Phosphat<\/a><\/a>e, Nitrate, <a href=\"http:\/\/wasserlexikon.de\/kalk\/\"><a href=\"http:\/\/www.wasser-lexikon.de\/Kalk\" class=\"kblinker\" title=\"More about Kalk &raquo;\">Kalk<\/a><\/a> und <a href=\"http:\/\/wasserlexikon.de\/natrium\/\"><a href=\"http:\/\/www.wasser-lexikon.de\/Natrium\" class=\"kblinker\" title=\"More about Natrium &raquo;\">Natrium<\/a><\/a>) sind ma\u00dfgeblich f\u00fcr die Gew\u00e4sserfruchbarkeit.<\/div>\n<table  class=\" table table-hover\" style=\"width: 90%;\" border=\"0\" cellspacing=\"1\" cellpadding=\"3\">\n<tbody>\n<tr>\n<td><strong><a href=\"http:\/\/wasserlexikon.de\/nahrstoffe\/\" target=\"_self\">Wasser-Lexikon: N\u00e4hrstoffe<\/a><\/strong><\/td>\n<\/tr>\n<tr>\n<td><strong><a href=\"http:\/\/wasserlexikon.de\/dungung\/\" target=\"_self\">Wasser-Lexikon: D\u00fcngung<\/a><\/strong><\/td>\n<\/tr>\n<tr>\n<td><strong><a href=\"http:\/\/wasserlexikon.de\/gewasserfruchtbarkeit\/\" target=\"_self\">Wasser-Lexikon: Gew\u00e4sserfruchtbarkeit<\/a><\/strong><\/td>\n<\/tr>\n<tr>\n<td><strong><a href=\"http:\/\/wasserlexikon.de\/mineralstoffe\/\" target=\"_self\">Wasser-Lexikon: Mineralstoffe<\/a><\/strong><\/td>\n<\/tr>\n<tr>\n<td><strong><a href=\"http:\/\/www.wasser-lexikon.de\/\">Wasser-Lexikon: Glossar<\/a><\/strong><\/td>\n<\/tr>\n<\/tbody>\n<\/table>\n","protected":false},"excerpt":{"rendered":"<p>sind die Bestandteile der Nahrung von Organismen, wie Kohlenhydrate (Zucker), Fette, Eiwei\u00df, Vitamine, Mineral- und Ballaststoffe, sowie<\/p>\n","protected":false},"author":1,"featured_media":0,"parent":0,"menu_order":0,"comment_status":"closed","ping_status":"closed","template":"","meta":{"footnotes":""},"tags":[],"class_list":["post-496","page","type-page","status-publish","hentry"],"_links":{"self":[{"href":"\/var\/www\/vhosts\/wasser-lexikon.de\/httpdocs\/wp-json\/wp\/v2\/pages\/496","targetHints":{"allow":["GET"]}}],"collection":[{"href":"\/var\/www\/vhosts\/wasser-lexikon.de\/httpdocs\/wp-json\/wp\/v2\/pages"}],"about":[{"href":"\/var\/www\/vhosts\/wasser-lexikon.de\/httpdocs\/wp-json\/wp\/v2\/types\/page"}],"author":[{"embeddable":true,"href":"\/var\/www\/vhosts\/wasser-lexikon.de\/httpdocs\/wp-json\/wp\/v2\/users\/1"}],"replies":[{"embeddable":true,"href":"\/var\/www\/vhosts\/wasser-lexikon.de\/httpdocs\/wp-json\/wp\/v2\/comments?post=496"}],"version-history":[{"count":1,"href":"\/var\/www\/vhosts\/wasser-lexikon.de\/httpdocs\/wp-json\/wp\/v2\/pages\/496\/revisions"}],"predecessor-version":[{"id":497,"href":"\/var\/www\/vhosts\/wasser-lexikon.de\/httpdocs\/wp-json\/wp\/v2\/pages\/496\/revisions\/497"}],"wp:attachment":[{"href":"\/var\/www\/vhosts\/wasser-lexikon.de\/httpdocs\/wp-json\/wp\/v2\/media?parent=496"}],"wp:term":[{"taxonomy":"post_tag","embeddable":true,"href":"\/var\/www\/vhosts\/wasser-lexikon.de\/httpdocs\/wp-json\/wp\/v2\/tags?post=496"}],"curies":[{"name":"wp","href":"https:\/\/api.w.org\/{rel}","templated":true}]}}