{"id":438,"date":"2010-09-30T14:25:57","date_gmt":"2010-09-30T14:25:57","guid":{"rendered":"http:\/\/localhost\/wasserlexikon\/"},"modified":"2010-09-30T14:25:57","modified_gmt":"2010-09-30T14:25:57","slug":"lebensmittelgesetz","status":"publish","type":"page","link":"\/var\/www\/vhosts\/wasser-lexikon.de\/httpdocs\/lebensmittelgesetz\/","title":{"rendered":"Lebensmittelgesetz"},"content":{"rendered":"<div>Das <a href=\"http:\/\/wasserlexikon.de\/lebensmittelgesetz\/\">Lebensmittelgesetz<\/a> (Lebensmittel- und Bedarfsgegenst\u00e4ndegesetz, LMBG) vom 15.08.1974 ist ein reines Verbraucherschutzgesetz und neben dem <a href=\"http:\/\/wasserlexikon.de\/bundesseuchengesetz\/\"><a href=\"http:\/\/www.wasser-lexikon.de\/Bundesseuchengesetz\" class=\"kblinker\" title=\"More about Bundesseuchengesetz &raquo;\">Bundesseuchengesetz<\/a><\/a> Grundlage der <a href=\"http:\/\/wasserlexikon.de\/trinkwasserverordnung\/\"><a href=\"http:\/\/www.wasser-lexikon.de\/Trinkwasserverordnung\" class=\"kblinker\" title=\"More about Trinkwasserverordnung &raquo;\">Trinkwasserverordnung<\/a><\/a>.  Es regelt den Verkehr mit Lebensmitteln, Tabakerzeugnissen,  kosmetischen Mitteln und mit Bedarfsgegenst\u00e4nden, wobei letztere alle  Gegenst\u00e4nde sind, die mit Lebensmittel in Ber\u00fchrung kommen oder auf  diese einwirken.<\/div>\n<table  class=\" table table-hover\" style=\"width: 90%;\" border=\"0\" cellspacing=\"1\" cellpadding=\"3\">\n<tbody>\n<tr>\n<td><strong><a href=\"http:\/\/wasserlexikon.de\/lebensmittelgesetz\/\" target=\"_self\">Wasser-Lexikon: Lebensmittelgesetz<\/a><\/strong><\/td>\n<\/tr>\n<tr>\n<td><strong><a href=\"http:\/\/wasserlexikon.de\/verordnung-uber-trinkwasser-und-uber-wasser-fur-lebensmittelbetriebe\/\" target=\"_self\">Wasser-Lexikon: Verordnung\u00fcberTrinkwasserund\u00fcberWasserf\u00fcrLebensmittelbetriebe<\/a><\/strong><\/td>\n<\/tr>\n<tr>\n<td><strong><a href=\"http:\/\/wasserlexikon.de\/trinkwasser\/\" target=\"_self\">Wasser-Lexikon: Trinkwasser<\/a><\/strong><\/td>\n<\/tr>\n<tr>\n<td><strong><a href=\"http:\/\/wasserlexikon.de\/trinkwasserverordnung\/\" target=\"_self\">Wasser-Lexikon: Trinkwasserverordnung<\/a><\/strong><\/td>\n<\/tr>\n<tr>\n<td><strong><a href=\"http:\/\/www.wasser-lexikon.de\/\">Wasser-Lexikon: Glossar<\/a><\/strong><\/td>\n<\/tr>\n<\/tbody>\n<\/table>\n","protected":false},"excerpt":{"rendered":"<p>Das Lebensmittelgesetz (Lebensmittel- und Bedarfsgegenst\u00e4ndegesetz, LMBG) vom 15.08.1974 ist ein reines Verbraucherschutzgesetz und neben dem Bundesseuchengesetz Grundlage der Trinkwasserverordnung. Es regelt den Verkehr mit Lebensmitteln, Tabakerzeugnissen, kosmetischen Mitteln und mit Bedarfsgegenst\u00e4nden, wobei letztere alle Gegenst\u00e4nde sind, die mit Lebensmittel in Ber\u00fchrung kommen oder auf diese einwirken. Wasser-Lexikon: Lebensmittelgesetz Wasser-Lexikon: Verordnung\u00fcberTrinkwasserund\u00fcberWasserf\u00fcrLebensmittelbetriebe Wasser-Lexikon: Trinkwasser Wasser-Lexikon: Trinkwasserverordnung Wasser-Lexikon: [&hellip;]<\/p>\n","protected":false},"author":1,"featured_media":0,"parent":0,"menu_order":0,"comment_status":"closed","ping_status":"closed","template":"","meta":{"footnotes":""},"tags":[],"class_list":["post-438","page","type-page","status-publish","hentry"],"_links":{"self":[{"href":"\/var\/www\/vhosts\/wasser-lexikon.de\/httpdocs\/wp-json\/wp\/v2\/pages\/438","targetHints":{"allow":["GET"]}}],"collection":[{"href":"\/var\/www\/vhosts\/wasser-lexikon.de\/httpdocs\/wp-json\/wp\/v2\/pages"}],"about":[{"href":"\/var\/www\/vhosts\/wasser-lexikon.de\/httpdocs\/wp-json\/wp\/v2\/types\/page"}],"author":[{"embeddable":true,"href":"\/var\/www\/vhosts\/wasser-lexikon.de\/httpdocs\/wp-json\/wp\/v2\/users\/1"}],"replies":[{"embeddable":true,"href":"\/var\/www\/vhosts\/wasser-lexikon.de\/httpdocs\/wp-json\/wp\/v2\/comments?post=438"}],"version-history":[{"count":1,"href":"\/var\/www\/vhosts\/wasser-lexikon.de\/httpdocs\/wp-json\/wp\/v2\/pages\/438\/revisions"}],"predecessor-version":[{"id":439,"href":"\/var\/www\/vhosts\/wasser-lexikon.de\/httpdocs\/wp-json\/wp\/v2\/pages\/438\/revisions\/439"}],"wp:attachment":[{"href":"\/var\/www\/vhosts\/wasser-lexikon.de\/httpdocs\/wp-json\/wp\/v2\/media?parent=438"}],"wp:term":[{"taxonomy":"post_tag","embeddable":true,"href":"\/var\/www\/vhosts\/wasser-lexikon.de\/httpdocs\/wp-json\/wp\/v2\/tags?post=438"}],"curies":[{"name":"wp","href":"https:\/\/api.w.org\/{rel}","templated":true}]}}