{"id":433,"date":"2010-09-30T14:16:45","date_gmt":"2010-09-30T14:16:45","guid":{"rendered":"http:\/\/localhost\/wasserlexikon\/"},"modified":"2011-03-04T17:11:34","modified_gmt":"2011-03-04T17:11:34","slug":"kupfer","status":"publish","type":"page","link":"\/var\/www\/vhosts\/wasser-lexikon.de\/httpdocs\/kupfer\/","title":{"rendered":"Kupfer"},"content":{"rendered":"<div>ist ein gut W\u00e4rme leitendes, hellrotes, weiches Schwermetall mit sehr guter elektrischer <a href=\"http:\/\/wasserlexikon.de\/leitfahigkeit\/\">Leitf\u00e4higkeit<\/a>, das zu den lebenswichtigen Spurenelementen von Pflanzen, Tieren und Menschen geh\u00f6rt. In Mineralien tritt <a href=\"http:\/\/www.wasser-lexikon.de\/Kupfer\" class=\"kblinker\" title=\"More about Kupfer &raquo;\">Kupfer<\/a> h\u00e4ufig auf, wie z.B. in Malachit, Azurit und Cuprit. Gr\u00f6\u00dfere Mengen an Kupfer k\u00f6nnen durch den Bergbau gel\u00f6st werden. In Seen und Fl\u00fcssen findet sich Kupfer nur in geringer Anzahl.<br \/>\n Beim <a href=\"http:\/\/www.wasser-lexikon.de\/Trinkwasser\" class=\"kblinker\" title=\"More about Trinkwasser &raquo;\">Trinkwasser<\/a> in Hausleitungen, die aus Kupfer bestehen, kann eine vermehrte Konzentration dieses Metalls auftreten. Hier sind drei Faktoren ausschlaggebend: <a href=\"http:\/\/www.wasser-lexikon.de\/pH-Wert\" class=\"kblinker\" title=\"More about pH-Wert &raquo;\">pH-Wert<\/a>, die Wasserh\u00e4rte und die Standzeit des Leitungswassers in den Kupferrohren (Stagnationswasser). Kupfer ist f\u00fcr den Menschen lebensnotwendig. Ein menschlicher K\u00f6rper weist ca. 1 ppm Kupfer auf. Der Mensch braucht pro Tag ca. 1,5-3 mg Kupfer. Bei erh\u00f6hter Kupferaufnahme kann es zu Krankheiten kommen, besonders bei Kleinkindern. Die Trinkwasserverordnung schreibt deshalb einen Kupfergehalt von max. 2 mg\/Liter vor. M\u00f6glichkeiten der Entfernung von erh\u00f6hten Kupfergehalt bieten <a href=\"http:\/\/www.wasser-lexikon.de\/Aktivkohlefilter\" class=\"kblinker\" title=\"More about Aktivkohlefilter &raquo;\">Aktivkohlefilter<\/a>, Ionentauscher und <a href=\"http:\/\/www.wasser-lexikon.de\/Umkehrosmose\" class=\"kblinker\" title=\"More about Umkehrosmose &raquo;\">Umkehrosmose<\/a>.<\/div>\n<table  class=\" table table-hover\" style=\"width: 90%;\" border=\"0\" cellspacing=\"1\" cellpadding=\"3\">\n<tbody>\n<tr>\n<td><a href=\"http:\/\/www.wasser-lexikon.de\/aktivkohlefilter\/\"><strong>Wasser-Lexikon: Aktivkohle<\/strong><\/a><\/td>\n<\/tr>\n<tr>\n<td><strong><a href=\"http:\/\/wasserlexikon.de\/kupfer\/\" target=\"_self\">Wasser-Lexikon: Kupfer<\/a><\/strong><\/td>\n<\/tr>\n<tr>\n<td><strong><a href=\"http:\/\/wasserlexikon.de\/schwermetalle\/\" target=\"_self\">Wasser-Lexikon: Schwermetalle<\/a><\/strong><\/td>\n<\/tr>\n<tr>\n<td><strong><a href=\"http:\/\/www.wasser-lexikon.de\/\">Wasser-Lexikon: Glossar<\/a><\/strong><\/td>\n<\/tr>\n<\/tbody>\n<\/table>\n","protected":false},"excerpt":{"rendered":"<p>ist ein gut W\u00e4rme leitendes, hellrotes, weiches Schwermetall mit sehr guter elektrischer Leitf\u00e4higkeit, das zu den lebenswichtigen Spurenelementen von Pflanzen, Tieren und Menschen geh\u00f6rt. In Mineralien tritt Kupfer h\u00e4ufig auf, wie z.B. in Malachit, Azurit und Cuprit. Gr\u00f6\u00dfere Mengen an Kupfer k\u00f6nnen durch den Bergbau gel\u00f6st werden. In Seen und Fl\u00fcssen findet sich Kupfer nur [&hellip;]<\/p>\n","protected":false},"author":1,"featured_media":0,"parent":0,"menu_order":0,"comment_status":"closed","ping_status":"closed","template":"","meta":{"footnotes":""},"tags":[],"class_list":["post-433","page","type-page","status-publish","hentry"],"_links":{"self":[{"href":"\/var\/www\/vhosts\/wasser-lexikon.de\/httpdocs\/wp-json\/wp\/v2\/pages\/433","targetHints":{"allow":["GET"]}}],"collection":[{"href":"\/var\/www\/vhosts\/wasser-lexikon.de\/httpdocs\/wp-json\/wp\/v2\/pages"}],"about":[{"href":"\/var\/www\/vhosts\/wasser-lexikon.de\/httpdocs\/wp-json\/wp\/v2\/types\/page"}],"author":[{"embeddable":true,"href":"\/var\/www\/vhosts\/wasser-lexikon.de\/httpdocs\/wp-json\/wp\/v2\/users\/1"}],"replies":[{"embeddable":true,"href":"\/var\/www\/vhosts\/wasser-lexikon.de\/httpdocs\/wp-json\/wp\/v2\/comments?post=433"}],"version-history":[{"count":8,"href":"\/var\/www\/vhosts\/wasser-lexikon.de\/httpdocs\/wp-json\/wp\/v2\/pages\/433\/revisions"}],"predecessor-version":[{"id":981,"href":"\/var\/www\/vhosts\/wasser-lexikon.de\/httpdocs\/wp-json\/wp\/v2\/pages\/433\/revisions\/981"}],"wp:attachment":[{"href":"\/var\/www\/vhosts\/wasser-lexikon.de\/httpdocs\/wp-json\/wp\/v2\/media?parent=433"}],"wp:term":[{"taxonomy":"post_tag","embeddable":true,"href":"\/var\/www\/vhosts\/wasser-lexikon.de\/httpdocs\/wp-json\/wp\/v2\/tags?post=433"}],"curies":[{"name":"wp","href":"https:\/\/api.w.org\/{rel}","templated":true}]}}