{"id":422,"date":"2010-09-30T14:05:50","date_gmt":"2010-09-30T14:05:50","guid":{"rendered":"http:\/\/localhost\/wasserlexikon\/"},"modified":"2012-08-03T10:53:52","modified_gmt":"2012-08-03T09:53:52","slug":"kolibakterien","status":"publish","type":"page","link":"\/var\/www\/vhosts\/wasser-lexikon.de\/httpdocs\/kolibakterien\/","title":{"rendered":"Kolibakterien"},"content":{"rendered":"<div>(siehe <a href=\"http:\/\/wasserlexikon.de\/coli-bakterien\/\">Coli-Bakterien<\/a>).<\/div>\n<div>Hier k\u00f6nnen Sie einen Wassertest durchf\u00fchren um Ihr <a href=\"http:\/\/www.wasser-lexikon.de\/Leitungswasser\" class=\"kblinker\" title=\"More about Leitungswasser &raquo;\">Leitungswasser<\/a> auf <a href=\"http:\/\/www.wasser-lexikon.de\/Bakterien\" class=\"kblinker\" title=\"More about Bakterien &raquo;\">Bakterien<\/a> untersuchen zu lassen. Der Test wird anschlie\u00dfend vom Fraunhofer-Institut analysiert. Zum Test <a title=\"Bakterien im Wasser analysieren\" href=\"http:\/\/www.wasser-test.net\/html\/index.aspx?cn=Wasser-Test&amp;view=detail&amp;detail=2&amp;mid=264&amp;cat=264&amp;hl=Bakterien-Test%3A%20Bakterien%20im%20Wasser&amp;page_url=Shop\" target=\"_blank\">Bakterien im <a href=\"http:\/\/www.wasser-lexikon.de\/Wasser\" class=\"kblinker\" title=\"More about Wasser &raquo;\">Wasser<\/a><\/a><\/div>\n<div><\/div>\n<table  class=\" table table-hover\" style=\"width: 90%;\" border=\"0\" cellspacing=\"1\" cellpadding=\"3\">\n<tbody>\n<tr>\n<td><strong><a href=\"http:\/\/wasserlexikon.de\/kolibakterien\/\" target=\"_self\">Wasser-Lexikon: Kolibakterien<\/a><\/strong><\/td>\n<\/tr>\n<tr>\n<td><strong><a href=\"http:\/\/www.wasser-lexikon.de\/\">Wasser-Lexikon<br \/><\/a><\/strong><\/td>\n<\/tr>\n<\/tbody>\n<\/table>\n","protected":false},"excerpt":{"rendered":"<p>(siehe Coli-Bakterien). Hier k\u00f6nnen Sie einen Wassertest durchf\u00fchren um Ihr Leitungswasser auf Bakterien untersuchen zu lassen. Der Test wird anschlie\u00dfend vom Fraunhofer-Institut analysiert. Zum Test Bakterien im Wasser Wasser-Lexikon: Kolibakterien Wasser-Lexikon<\/p>\n","protected":false},"author":1,"featured_media":0,"parent":0,"menu_order":0,"comment_status":"closed","ping_status":"closed","template":"","meta":{"footnotes":""},"tags":[],"class_list":["post-422","page","type-page","status-publish","hentry"],"_links":{"self":[{"href":"\/var\/www\/vhosts\/wasser-lexikon.de\/httpdocs\/wp-json\/wp\/v2\/pages\/422","targetHints":{"allow":["GET"]}}],"collection":[{"href":"\/var\/www\/vhosts\/wasser-lexikon.de\/httpdocs\/wp-json\/wp\/v2\/pages"}],"about":[{"href":"\/var\/www\/vhosts\/wasser-lexikon.de\/httpdocs\/wp-json\/wp\/v2\/types\/page"}],"author":[{"embeddable":true,"href":"\/var\/www\/vhosts\/wasser-lexikon.de\/httpdocs\/wp-json\/wp\/v2\/users\/1"}],"replies":[{"embeddable":true,"href":"\/var\/www\/vhosts\/wasser-lexikon.de\/httpdocs\/wp-json\/wp\/v2\/comments?post=422"}],"version-history":[{"count":3,"href":"\/var\/www\/vhosts\/wasser-lexikon.de\/httpdocs\/wp-json\/wp\/v2\/pages\/422\/revisions"}],"predecessor-version":[{"id":1290,"href":"\/var\/www\/vhosts\/wasser-lexikon.de\/httpdocs\/wp-json\/wp\/v2\/pages\/422\/revisions\/1290"}],"wp:attachment":[{"href":"\/var\/www\/vhosts\/wasser-lexikon.de\/httpdocs\/wp-json\/wp\/v2\/media?parent=422"}],"wp:term":[{"taxonomy":"post_tag","embeddable":true,"href":"\/var\/www\/vhosts\/wasser-lexikon.de\/httpdocs\/wp-json\/wp\/v2\/tags?post=422"}],"curies":[{"name":"wp","href":"https:\/\/api.w.org\/{rel}","templated":true}]}}