{"id":42,"date":"2010-09-27T10:21:26","date_gmt":"2010-09-27T10:21:26","guid":{"rendered":"http:\/\/localhost\/wasserlexikon\/"},"modified":"2010-09-28T14:27:12","modified_gmt":"2010-09-28T14:27:12","slug":"adsorption","status":"publish","type":"page","link":"\/var\/www\/vhosts\/wasser-lexikon.de\/httpdocs\/adsorption\/","title":{"rendered":"Adsorption"},"content":{"rendered":"<div>nennt man die <a href=\"http:\/\/wasserlexikon.de\/anlagerung\/\">Anlagerung<\/a> von <a href=\"http:\/\/wasserlexikon.de\/ionen\/\"><a href=\"http:\/\/www.wasser-lexikon.de\/Ionen\" class=\"kblinker\" title=\"More about Ionen &raquo;\">Ionen<\/a><\/a> oder Molek\u00fclen an der (inneren) Oberfl\u00e4che eines anderen Stoffes  infolge bestimmter physikalischer Wechselwirkungen. Der adsorbierende  Stoff (&#8222;Adsorbens&#8220;) mu\u00df \u00fcber eine sehr gro\u00dfe innere Oberfl\u00e4che verf\u00fcgen.  Am gebr\u00e4uchlichsten ist <a href=\"http:\/\/wasserlexikon.de\/aktivkohle\/\"><a href=\"http:\/\/www.wasser-lexikon.de\/Aktivkohle\" class=\"kblinker\" title=\"More about Aktivkohle &raquo;\">Aktivkohle<\/a><\/a>, aber auch aktivierte Tonerde, Kieselgur und Bims sind m\u00f6glich.<\/div>\n<table  class=\" table table-hover\" style=\"width: 90%;\" border=\"0\" cellspacing=\"1\" cellpadding=\"3\">\n<tbody>\n<tr>\n<td><strong><a href=\"http:\/\/wasserlexikon.de\/adsorption\/\" target=\"_self\">Wasser-Lexikon: Adsorption<\/a><\/strong><\/td>\n<\/tr>\n<tr>\n<td><strong><a href=\"http:\/\/wasserlexikon.de\/aktivkohle\/\" target=\"_self\">Wasser-Lexikon: Aktivkohle<\/a><\/strong><\/td>\n<\/tr>\n<tr>\n<td><strong><a href=\"http:\/\/localhost\/wasserlexikon\/\">Wasser-Lexikon: Glossar<\/a><\/strong><\/td>\n<\/tr>\n<\/tbody>\n<\/table>\n","protected":false},"excerpt":{"rendered":"<p>nennt man die Anlagerung von Ionen oder Molek\u00fclen an der (inneren) Oberfl\u00e4che eines anderen Stoffes infolge bestimmter physikalischer Wechselwirkungen. Der adsorbierende Stoff (&#8222;Adsorbens&#8220;) mu\u00df \u00fcber eine sehr gro\u00dfe innere Oberfl\u00e4che verf\u00fcgen. Am gebr\u00e4uchlichsten ist Aktivkohle, aber auch aktivierte Tonerde, Kieselgur und Bims sind m\u00f6glich. Wasser-Lexikon: Adsorption Wasser-Lexikon: Aktivkohle Wasser-Lexikon: Glossar<\/p>\n","protected":false},"author":1,"featured_media":0,"parent":0,"menu_order":0,"comment_status":"closed","ping_status":"closed","template":"","meta":{"footnotes":""},"tags":[],"class_list":["post-42","page","type-page","status-publish","hentry"],"_links":{"self":[{"href":"\/var\/www\/vhosts\/wasser-lexikon.de\/httpdocs\/wp-json\/wp\/v2\/pages\/42","targetHints":{"allow":["GET"]}}],"collection":[{"href":"\/var\/www\/vhosts\/wasser-lexikon.de\/httpdocs\/wp-json\/wp\/v2\/pages"}],"about":[{"href":"\/var\/www\/vhosts\/wasser-lexikon.de\/httpdocs\/wp-json\/wp\/v2\/types\/page"}],"author":[{"embeddable":true,"href":"\/var\/www\/vhosts\/wasser-lexikon.de\/httpdocs\/wp-json\/wp\/v2\/users\/1"}],"replies":[{"embeddable":true,"href":"\/var\/www\/vhosts\/wasser-lexikon.de\/httpdocs\/wp-json\/wp\/v2\/comments?post=42"}],"version-history":[{"count":4,"href":"\/var\/www\/vhosts\/wasser-lexikon.de\/httpdocs\/wp-json\/wp\/v2\/pages\/42\/revisions"}],"predecessor-version":[{"id":44,"href":"\/var\/www\/vhosts\/wasser-lexikon.de\/httpdocs\/wp-json\/wp\/v2\/pages\/42\/revisions\/44"}],"wp:attachment":[{"href":"\/var\/www\/vhosts\/wasser-lexikon.de\/httpdocs\/wp-json\/wp\/v2\/media?parent=42"}],"wp:term":[{"taxonomy":"post_tag","embeddable":true,"href":"\/var\/www\/vhosts\/wasser-lexikon.de\/httpdocs\/wp-json\/wp\/v2\/tags?post=42"}],"curies":[{"name":"wp","href":"https:\/\/api.w.org\/{rel}","templated":true}]}}