{"id":419,"date":"2010-09-30T14:00:49","date_gmt":"2010-09-30T14:00:49","guid":{"rendered":"http:\/\/localhost\/wasserlexikon\/"},"modified":"2010-09-30T14:00:49","modified_gmt":"2010-09-30T14:00:49","slug":"kohlenwasserstoffe","status":"publish","type":"page","link":"\/var\/www\/vhosts\/wasser-lexikon.de\/httpdocs\/kohlenwasserstoffe\/","title":{"rendered":"Kohlenwasserstoffe"},"content":{"rendered":"<div>sind ausschlie\u00dflich aus <a href=\"http:\/\/wasserlexikon.de\/kohlenstoff\/\">Kohlenstoff<\/a> und <a href=\"http:\/\/wasserlexikon.de\/wasserstoff\/\"><a href=\"http:\/\/www.wasser-lexikon.de\/Wasserstoff\" class=\"kblinker\" title=\"More about Wasserstoff &raquo;\">Wasserstoff<\/a><\/a> aufgebaute chemische Verbindungen, die haupts\u00e4chlich in Mineral\u00f6l und  Erdgas vorkommen. Unterschieden werden aromatische (z. B. Benzol) und <a href=\"http:\/\/wasserlexikon.de\/chlorierte-kohlenwasserstoffe\/\">chlorierte <a href=\"http:\/\/www.wasser-lexikon.de\/Kohlenwasserstoffe\" class=\"kblinker\" title=\"More about Kohlenwasserstoffe &raquo;\">Kohlenwasserstoffe<\/a><\/a>.<\/div>\n<table  class=\" table table-hover\" style=\"width: 90%;\" border=\"0\" cellspacing=\"1\" cellpadding=\"3\">\n<tbody>\n<tr>\n<td><strong><a href=\"http:\/\/wasserlexikon.de\/kohlenwasserstoffe\/\" target=\"_self\">Wasser-Lexikon: Kohlenwasserstoffe<\/a><\/strong><\/td>\n<\/tr>\n<tr>\n<td><strong><a href=\"http:\/\/wasserlexikon.de\/chlorierte-kohlenwasserstoffe\/\" target=\"_self\">Wasser-Lexikon: ChlorierteKohlenwasserstoffe<\/a><\/strong><\/td>\n<\/tr>\n<tr>\n<td><strong><a href=\"http:\/\/wasserlexikon.de\/chlorierte-kohlenwasserstoffe\/\" target=\"_self\">Wasser-Lexikon: chlorierteKohlenwasserstoffe<\/a><\/strong><\/td>\n<\/tr>\n<tr>\n<td><strong><a href=\"http:\/\/wasserlexikon.de\/ckw\/\" target=\"_self\">Wasser-Lexikon: CKW<\/a><\/strong><\/td>\n<\/tr>\n<tr>\n<td><strong><a href=\"http:\/\/www.wasser-lexikon.de\/\">Wasser-Lexikon: Glossar<\/a><\/strong><\/td>\n<\/tr>\n<tr>\n<td><strong><a href=\"http:\/\/wasserlexikon.de\/pflanzenschutzmittel\/\" target=\"_self\">Wasser-Lexikon: Pflanzenschutzmittel<\/a><\/strong><\/td>\n<\/tr>\n<tr>\n<td><strong><a href=\"http:\/\/wasserlexikon.de\/organische-chlorverbindungen\/\" target=\"_self\">Wasser-Lexikon: OrganischeChlorverbindungen<\/a><\/strong><\/td>\n<\/tr>\n<tr>\n<td><strong><a href=\"http:\/\/wasserlexikon.de\/hkw\/\" target=\"_self\">Wasser-Lexikon: HKW<\/a><\/strong><\/td>\n<\/tr>\n<tr>\n<td><strong><a href=\"http:\/\/wasserlexikon.de\/organische-chlorverbindungen\/\" target=\"_self\">Wasser-Lexikon: organischechlorverbindungen<\/a><\/strong><\/td>\n<\/tr>\n<\/tbody>\n<\/table>\n","protected":false},"excerpt":{"rendered":"<p>sind ausschlie\u00dflich aus Kohlenstoff und Wasserstoff aufgebaute chemische Verbindungen, die haupts\u00e4chlich in Mineral\u00f6l und Erdgas vorkommen. Unterschieden werden aromatische (z. B. Benzol) und chlorierte Kohlenwasserstoffe. Wasser-Lexikon: Kohlenwasserstoffe Wasser-Lexikon: ChlorierteKohlenwasserstoffe Wasser-Lexikon: chlorierteKohlenwasserstoffe Wasser-Lexikon: CKW Wasser-Lexikon: Glossar Wasser-Lexikon: Pflanzenschutzmittel Wasser-Lexikon: OrganischeChlorverbindungen Wasser-Lexikon: HKW Wasser-Lexikon: organischechlorverbindungen<\/p>\n","protected":false},"author":1,"featured_media":0,"parent":0,"menu_order":0,"comment_status":"closed","ping_status":"closed","template":"","meta":{"footnotes":""},"tags":[],"class_list":["post-419","page","type-page","status-publish","hentry"],"_links":{"self":[{"href":"\/var\/www\/vhosts\/wasser-lexikon.de\/httpdocs\/wp-json\/wp\/v2\/pages\/419","targetHints":{"allow":["GET"]}}],"collection":[{"href":"\/var\/www\/vhosts\/wasser-lexikon.de\/httpdocs\/wp-json\/wp\/v2\/pages"}],"about":[{"href":"\/var\/www\/vhosts\/wasser-lexikon.de\/httpdocs\/wp-json\/wp\/v2\/types\/page"}],"author":[{"embeddable":true,"href":"\/var\/www\/vhosts\/wasser-lexikon.de\/httpdocs\/wp-json\/wp\/v2\/users\/1"}],"replies":[{"embeddable":true,"href":"\/var\/www\/vhosts\/wasser-lexikon.de\/httpdocs\/wp-json\/wp\/v2\/comments?post=419"}],"version-history":[{"count":2,"href":"\/var\/www\/vhosts\/wasser-lexikon.de\/httpdocs\/wp-json\/wp\/v2\/pages\/419\/revisions"}],"predecessor-version":[{"id":421,"href":"\/var\/www\/vhosts\/wasser-lexikon.de\/httpdocs\/wp-json\/wp\/v2\/pages\/419\/revisions\/421"}],"wp:attachment":[{"href":"\/var\/www\/vhosts\/wasser-lexikon.de\/httpdocs\/wp-json\/wp\/v2\/media?parent=419"}],"wp:term":[{"taxonomy":"post_tag","embeddable":true,"href":"\/var\/www\/vhosts\/wasser-lexikon.de\/httpdocs\/wp-json\/wp\/v2\/tags?post=419"}],"curies":[{"name":"wp","href":"https:\/\/api.w.org\/{rel}","templated":true}]}}