{"id":417,"date":"2010-09-30T14:00:14","date_gmt":"2010-09-30T14:00:14","guid":{"rendered":"http:\/\/localhost\/wasserlexikon\/"},"modified":"2010-09-30T14:00:14","modified_gmt":"2010-09-30T14:00:14","slug":"kohlensaure","status":"publish","type":"page","link":"\/var\/www\/vhosts\/wasser-lexikon.de\/httpdocs\/kohlensaure\/","title":{"rendered":"Kohlens\u00e4ure"},"content":{"rendered":"<div>ist eine schwache S\u00e4ure, die in geringen Mengen durch L\u00f6sen von <a href=\"http:\/\/wasserlexikon.de\/kohlenstoffdioxid\/\">Kohlenstoffdioxid<\/a> in <a href=\"http:\/\/wasserlexikon.de\/<a href=\"http:\/\/www.wasser-lexikon.de\/Wasser\" class=\"kblinker\" title=\"More about Wasser &raquo;\">wasser<\/a>\/&#8220;>Wasser<\/a> entsteht. Ihre <a href=\"http:\/\/wasserlexikon.de\/salze\/\"><a href=\"http:\/\/www.wasser-lexikon.de\/Salze\" class=\"kblinker\" title=\"More about Salze &raquo;\">Salze<\/a><\/a> sind die <a href=\"http:\/\/wasserlexikon.de\/carbonate\/\"><a href=\"http:\/\/www.wasser-lexikon.de\/Carbonate\" class=\"kblinker\" title=\"More about Carbonate &raquo;\">Carbonate<\/a><\/a>.<\/div>\n<table  class=\" table table-hover\" style=\"width: 90%;\" border=\"0\" cellspacing=\"1\" cellpadding=\"3\">\n<tbody>\n<tr>\n<td><strong><a href=\"http:\/\/wasserlexikon.de\/kohlensaure\/\" target=\"_self\">Wasser-Lexikon: Kohlens\u00e4ure<\/a><\/strong><\/td>\n<\/tr>\n<tr>\n<td><strong><a href=\"http:\/\/www.wasser-lexikon.de\/search.php?key=Kalk-Kohlens%C3%A4ure-Gleichgewicht\" target=\"_self\">Wasser-Lexikon: Kalk-Kohlens\u00e4ure-Gleichgewicht<\/a><\/strong><\/td>\n<\/tr>\n<tr>\n<td><strong><a href=\"http:\/\/wasserlexikon.de\/sauren\/\" target=\"_self\">Wasser-Lexikon: S\u00e4uren<\/a><\/strong><\/td>\n<\/tr>\n<tr>\n<td><strong><a href=\"http:\/\/wasserlexikon.de\/calcit-sattigung\/\" target=\"_self\">Wasser-Lexikon: Calcit-S\u00e4ttigung<\/a><\/strong><\/td>\n<\/tr>\n<tr>\n<td><strong><a href=\"http:\/\/www.wasser-lexikon.de\/\">Wasser-Lexikon: Glossar<\/a><\/strong><\/td>\n<\/tr>\n<tr>\n<td><strong><a href=\"http:\/\/wasserlexikon.de\/calciumcarbonat\/\" target=\"_self\">Wasser-Lexikon: Calciumcarbonat<\/a><\/strong><\/td>\n<\/tr>\n<tr>\n<td><strong><a href=\"http:\/\/wasserlexikon.de\/kohlenstoff\/\" target=\"_self\">Wasser-Lexikon: Kohlenstoff<\/a><\/strong><\/td>\n<\/tr>\n<tr>\n<td><strong><a href=\"http:\/\/wasserlexikon.de\/kohlenstoffdioxid\/\" target=\"_self\">Wasser-Lexikon: Kohlenstoffdioxid<\/a><\/strong><\/td>\n<\/tr>\n<tr>\n<td><strong><a href=\"http:\/\/wasserlexikon.de\/wasserharte\/\" target=\"_self\">Wasser-Lexikon: Wasserh\u00e4rte<\/a><\/strong><\/td>\n<\/tr>\n<tr>\n<td><strong><a href=\"http:\/\/wasserlexikon.de\/carbonate\/\" target=\"_self\">Wasser-Lexikon: Carbonate<\/a><\/strong><\/td>\n<\/tr>\n<\/tbody>\n<\/table>\n","protected":false},"excerpt":{"rendered":"<p>ist eine schwache S\u00e4ure, die in geringen Mengen durch L\u00f6sen von Kohlenstoffdioxid in<\/p>\n","protected":false},"author":1,"featured_media":0,"parent":0,"menu_order":0,"comment_status":"closed","ping_status":"closed","template":"","meta":{"footnotes":""},"tags":[],"class_list":["post-417","page","type-page","status-publish","hentry"],"_links":{"self":[{"href":"\/var\/www\/vhosts\/wasser-lexikon.de\/httpdocs\/wp-json\/wp\/v2\/pages\/417","targetHints":{"allow":["GET"]}}],"collection":[{"href":"\/var\/www\/vhosts\/wasser-lexikon.de\/httpdocs\/wp-json\/wp\/v2\/pages"}],"about":[{"href":"\/var\/www\/vhosts\/wasser-lexikon.de\/httpdocs\/wp-json\/wp\/v2\/types\/page"}],"author":[{"embeddable":true,"href":"\/var\/www\/vhosts\/wasser-lexikon.de\/httpdocs\/wp-json\/wp\/v2\/users\/1"}],"replies":[{"embeddable":true,"href":"\/var\/www\/vhosts\/wasser-lexikon.de\/httpdocs\/wp-json\/wp\/v2\/comments?post=417"}],"version-history":[{"count":1,"href":"\/var\/www\/vhosts\/wasser-lexikon.de\/httpdocs\/wp-json\/wp\/v2\/pages\/417\/revisions"}],"predecessor-version":[{"id":418,"href":"\/var\/www\/vhosts\/wasser-lexikon.de\/httpdocs\/wp-json\/wp\/v2\/pages\/417\/revisions\/418"}],"wp:attachment":[{"href":"\/var\/www\/vhosts\/wasser-lexikon.de\/httpdocs\/wp-json\/wp\/v2\/media?parent=417"}],"wp:term":[{"taxonomy":"post_tag","embeddable":true,"href":"\/var\/www\/vhosts\/wasser-lexikon.de\/httpdocs\/wp-json\/wp\/v2\/tags?post=417"}],"curies":[{"name":"wp","href":"https:\/\/api.w.org\/{rel}","templated":true}]}}