{"id":369,"date":"2010-09-30T13:37:07","date_gmt":"2010-09-30T13:37:07","guid":{"rendered":"http:\/\/localhost\/wasserlexikon\/"},"modified":"2010-09-30T13:37:07","modified_gmt":"2010-09-30T13:37:07","slug":"indirekteinleiter","status":"publish","type":"page","link":"\/var\/www\/vhosts\/wasser-lexikon.de\/httpdocs\/indirekteinleiter\/","title":{"rendered":"Indirekteinleiter"},"content":{"rendered":"<div>werden Abwassereinleiter, vor allem Industriebetriebe, bezeichnet, die ihr <a href=\"http:\/\/wasserlexikon.de\/abwasser\/\">Abwasser<\/a> indirekt \u00fcber \u00f6ffentliche <a href=\"http:\/\/wasserlexikon.de\/kanalisation\/\"><a href=\"http:\/\/www.wasser-lexikon.de\/Kanalisation\" class=\"kblinker\" title=\"More about Kanalisation &raquo;\">Kanalisation<\/a><\/a>en und <a href=\"http:\/\/wasserlexikon.de\/klaranlage\/\">Kl\u00e4ranlage<\/a>n in die <a href=\"http:\/\/wasserlexikon.de\/gewasser\/\">Gew\u00e4sser<\/a> einleiten.<\/div>\n<table  class=\" table table-hover\" style=\"width: 90%;\" border=\"0\" cellspacing=\"1\" cellpadding=\"3\">\n<tbody>\n<tr>\n<td><strong><a href=\"http:\/\/wasserlexikon.de\/indirekteinleiter\/\" target=\"_self\">Wasser-Lexikon: Indirekteinleiter<\/a><\/strong><\/td>\n<\/tr>\n<tr>\n<td><strong><a href=\"http:\/\/www.wasser-lexikon.de\/\">Wasser-Lexikon: Glossar<\/a><\/strong><\/td>\n<\/tr>\n<\/tbody>\n<\/table>\n","protected":false},"excerpt":{"rendered":"<p>werden Abwassereinleiter, vor allem Industriebetriebe, bezeichnet, die ihr Abwasser indirekt \u00fcber \u00f6ffentliche Kanalisationen und Kl\u00e4ranlagen in die Gew\u00e4sser einleiten. Wasser-Lexikon: Indirekteinleiter Wasser-Lexikon: Glossar<\/p>\n","protected":false},"author":1,"featured_media":0,"parent":0,"menu_order":0,"comment_status":"closed","ping_status":"closed","template":"","meta":{"footnotes":""},"tags":[],"class_list":["post-369","page","type-page","status-publish","hentry"],"_links":{"self":[{"href":"\/var\/www\/vhosts\/wasser-lexikon.de\/httpdocs\/wp-json\/wp\/v2\/pages\/369","targetHints":{"allow":["GET"]}}],"collection":[{"href":"\/var\/www\/vhosts\/wasser-lexikon.de\/httpdocs\/wp-json\/wp\/v2\/pages"}],"about":[{"href":"\/var\/www\/vhosts\/wasser-lexikon.de\/httpdocs\/wp-json\/wp\/v2\/types\/page"}],"author":[{"embeddable":true,"href":"\/var\/www\/vhosts\/wasser-lexikon.de\/httpdocs\/wp-json\/wp\/v2\/users\/1"}],"replies":[{"embeddable":true,"href":"\/var\/www\/vhosts\/wasser-lexikon.de\/httpdocs\/wp-json\/wp\/v2\/comments?post=369"}],"version-history":[{"count":1,"href":"\/var\/www\/vhosts\/wasser-lexikon.de\/httpdocs\/wp-json\/wp\/v2\/pages\/369\/revisions"}],"predecessor-version":[{"id":370,"href":"\/var\/www\/vhosts\/wasser-lexikon.de\/httpdocs\/wp-json\/wp\/v2\/pages\/369\/revisions\/370"}],"wp:attachment":[{"href":"\/var\/www\/vhosts\/wasser-lexikon.de\/httpdocs\/wp-json\/wp\/v2\/media?parent=369"}],"wp:term":[{"taxonomy":"post_tag","embeddable":true,"href":"\/var\/www\/vhosts\/wasser-lexikon.de\/httpdocs\/wp-json\/wp\/v2\/tags?post=369"}],"curies":[{"name":"wp","href":"https:\/\/api.w.org\/{rel}","templated":true}]}}